{"id":7,"date":"2021-12-21T09:46:38","date_gmt":"2021-12-21T09:46:38","guid":{"rendered":"https:\/\/startersites.io\/elementor\/homi\/?page_id=7"},"modified":"2026-01-12T17:23:07","modified_gmt":"2026-01-12T16:23:07","slug":"about","status":"publish","type":"page","link":"https:\/\/freyawork.cl\/?page_id=7","title":{"rendered":"Con\u00f3cenos"},"content":{"rendered":"\t\t<div data-elementor-type=\"wp-page\" data-elementor-id=\"7\" class=\"elementor elementor-7\" data-elementor-post-type=\"page\">\n\t\t\t\t<div class=\"elementor-element elementor-element-74803a8 e-con-full e-flex e-con e-parent\" data-id=\"74803a8\" data-element_type=\"container\" data-e-type=\"container\">\n\t\t\t\t<div class=\"elementor-element elementor-element-8130fd7 elementor-widget elementor-widget-image\" data-id=\"8130fd7\" data-element_type=\"widget\" data-e-type=\"widget\" data-widget_type=\"image.default\">\n\t\t\t\t\t\t\t\t\t\t\t\t\t\t\t<img fetchpriority=\"high\" decoding=\"async\" width=\"2560\" height=\"874\" src=\"https:\/\/freyawork.cl\/wp-content\/uploads\/2026\/01\/imagen-12-scaled.png\" class=\"attachment-full size-full wp-image-7799\" alt=\"\" srcset=\"https:\/\/freyawork.cl\/wp-content\/uploads\/2026\/01\/imagen-12-scaled.png 2560w, https:\/\/freyawork.cl\/wp-content\/uploads\/2026\/01\/imagen-12-300x102.png 300w, https:\/\/freyawork.cl\/wp-content\/uploads\/2026\/01\/imagen-12-1024x350.png 1024w, https:\/\/freyawork.cl\/wp-content\/uploads\/2026\/01\/imagen-12-768x262.png 768w, https:\/\/freyawork.cl\/wp-content\/uploads\/2026\/01\/imagen-12-1536x524.png 1536w, https:\/\/freyawork.cl\/wp-content\/uploads\/2026\/01\/imagen-12-2048x699.png 2048w, https:\/\/freyawork.cl\/wp-content\/uploads\/2026\/01\/imagen-12-1320x451.png 1320w, https:\/\/freyawork.cl\/wp-content\/uploads\/2026\/01\/imagen-12-600x205.png 600w\" sizes=\"(max-width: 2560px) 100vw, 2560px\" \/>\t\t\t\t\t\t\t\t\t\t\t\t\t\t\t<\/div>\n\t\t\t\t<\/div>\n\t\t<div class=\"elementor-element elementor-element-9219156 e-flex e-con-boxed e-con e-parent\" data-id=\"9219156\" data-element_type=\"container\" data-e-type=\"container\">\n\t\t\t\t\t<div class=\"e-con-inner\">\n\t\t\t\t<div class=\"elementor-element elementor-element-417af5b elementor-widget elementor-widget-heading\" data-id=\"417af5b\" data-element_type=\"widget\" data-e-type=\"widget\" data-widget_type=\"heading.default\">\n\t\t\t\t\t<h2 class=\"elementor-heading-title elementor-size-default\">Freya Spa<\/h2>\t\t\t\t<\/div>\n\t\t\t\t<div class=\"elementor-element elementor-element-a65a539 elementor-widget elementor-widget-text-editor\" data-id=\"a65a539\" data-element_type=\"widget\" data-e-type=\"widget\" data-widget_type=\"text-editor.default\">\n\t\t\t\t\t\t\t\t\t<p>En FREYA, creemos en el poder de la ropa de trabajo que combina funcionalidad y resistencia sin sacrificar comodidad ni estilo. Nos dedicamos a equipar a profesionales de diferentes industrias con ropa de trabajo de alta calidad, dise\u00f1ada para afrontar los desaf\u00edos diarios y brindar la seguridad que merecen.\u00bb<\/p>\t\t\t\t\t\t\t\t<\/div>\n\t\t\t\t<div class=\"elementor-element elementor-element-5483cbc elementor-widget elementor-widget-spacer\" data-id=\"5483cbc\" data-element_type=\"widget\" data-e-type=\"widget\" data-widget_type=\"spacer.default\">\n\t\t\t\t\t\t\t<div class=\"elementor-spacer\">\n\t\t\t<div class=\"elementor-spacer-inner\"><\/div>\n\t\t<\/div>\n\t\t\t\t\t\t<\/div>\n\t\t\t\t\t<\/div>\n\t\t\t\t<\/div>\n\t\t<div class=\"elementor-element elementor-element-bb117ca e-flex e-con-boxed e-con e-parent\" data-id=\"bb117ca\" data-element_type=\"container\" data-e-type=\"container\">\n\t\t\t\t\t<div class=\"e-con-inner\">\n\t\t\t\t<div class=\"elementor-element elementor-element-4061b8d elementor-widget elementor-widget-heading\" data-id=\"4061b8d\" data-element_type=\"widget\" data-e-type=\"widget\" data-widget_type=\"heading.default\">\n\t\t\t\t\t<h2 class=\"elementor-heading-title elementor-size-default\">Nuestros Valores<\/h2>\t\t\t\t<\/div>\n\t\t\t\t\t<\/div>\n\t\t\t\t<\/div>\n\t\t<div class=\"elementor-element elementor-element-241f2f4 e-flex e-con-boxed e-con e-parent\" data-id=\"241f2f4\" data-element_type=\"container\" data-e-type=\"container\">\n\t\t\t\t\t<div class=\"e-con-inner\">\n\t\t<div class=\"elementor-element elementor-element-eb88ae2 e-con-full e-flex e-con e-child\" data-id=\"eb88ae2\" data-element_type=\"container\" data-e-type=\"container\">\n\t\t\t\t<div class=\"elementor-element elementor-element-d465ff9 elementor-widget elementor-widget-spacer\" data-id=\"d465ff9\" data-element_type=\"widget\" data-e-type=\"widget\" data-widget_type=\"spacer.default\">\n\t\t\t\t\t\t\t<div class=\"elementor-spacer\">\n\t\t\t<div class=\"elementor-spacer-inner\"><\/div>\n\t\t<\/div>\n\t\t\t\t\t\t<\/div>\n\t\t\t\t<div class=\"elementor-element elementor-element-2079163 elementor-widget elementor-widget-heading\" data-id=\"2079163\" data-element_type=\"widget\" data-e-type=\"widget\" data-widget_type=\"heading.default\">\n\t\t\t\t\t<h2 class=\"elementor-heading-title elementor-size-default\">Nuestra Misi\u00f3n<\/h2>\t\t\t\t<\/div>\n\t\t\t\t<div class=\"elementor-element elementor-element-fde45de elementor-widget elementor-widget-text-editor\" data-id=\"fde45de\" data-element_type=\"widget\" data-e-type=\"widget\" data-widget_type=\"text-editor.default\">\n\t\t\t\t\t\t\t\t\t<p>\u00abNuestra misi\u00f3n es ofrecer ropa de trabajo que no solo proteja, sino que tambi\u00e9n inspire confianza a quienes la usan, ayud\u00e1ndolos a dar su mejor esfuerzo cada d\u00eda. Nos enfocamos en materiales duraderos y dise\u00f1os que respetan los requerimientos de seguridad, adapt\u00e1ndonos a las necesidades cambiantes de nuestros clientes en todos los sectores.\u00bb<\/p>\t\t\t\t\t\t\t\t<\/div>\n\t\t\t\t<\/div>\n\t\t<div class=\"elementor-element elementor-element-71819f7 e-con-full e-flex e-con e-child\" data-id=\"71819f7\" data-element_type=\"container\" data-e-type=\"container\">\n\t\t\t\t<div class=\"elementor-element elementor-element-ddf1191 elementor-widget elementor-widget-image\" data-id=\"ddf1191\" data-element_type=\"widget\" data-e-type=\"widget\" data-widget_type=\"image.default\">\n\t\t\t\t\t\t\t\t\t\t\t\t\t\t\t<img decoding=\"async\" width=\"1000\" height=\"665\" src=\"https:\/\/freyawork.cl\/wp-content\/uploads\/2026\/01\/2148976323.jpg\" class=\"attachment-large size-large wp-image-7786\" alt=\"\" srcset=\"https:\/\/freyawork.cl\/wp-content\/uploads\/2026\/01\/2148976323.jpg 1000w, https:\/\/freyawork.cl\/wp-content\/uploads\/2026\/01\/2148976323-300x200.jpg 300w, https:\/\/freyawork.cl\/wp-content\/uploads\/2026\/01\/2148976323-768x511.jpg 768w, https:\/\/freyawork.cl\/wp-content\/uploads\/2026\/01\/2148976323-600x399.jpg 600w\" sizes=\"(max-width: 1000px) 100vw, 1000px\" \/>\t\t\t\t\t\t\t\t\t\t\t\t\t\t\t<\/div>\n\t\t\t\t<\/div>\n\t\t\t\t\t<\/div>\n\t\t\t\t<\/div>\n\t\t<div class=\"elementor-element elementor-element-6b08d59 e-flex e-con-boxed e-con e-parent\" data-id=\"6b08d59\" data-element_type=\"container\" data-e-type=\"container\">\n\t\t\t\t\t<div class=\"e-con-inner\">\n\t\t<div class=\"elementor-element elementor-element-583c5a7 e-con-full e-flex e-con e-child\" data-id=\"583c5a7\" data-element_type=\"container\" data-e-type=\"container\">\n\t\t\t\t<div class=\"elementor-element elementor-element-4cb1f46 elementor-widget elementor-widget-image\" data-id=\"4cb1f46\" data-element_type=\"widget\" data-e-type=\"widget\" data-widget_type=\"image.default\">\n\t\t\t\t\t\t\t\t\t\t\t\t\t\t\t<img decoding=\"async\" width=\"1000\" height=\"667\" src=\"https:\/\/freyawork.cl\/wp-content\/uploads\/2026\/01\/24237.jpg\" class=\"attachment-large size-large wp-image-7785\" alt=\"\" srcset=\"https:\/\/freyawork.cl\/wp-content\/uploads\/2026\/01\/24237.jpg 1000w, https:\/\/freyawork.cl\/wp-content\/uploads\/2026\/01\/24237-300x200.jpg 300w, https:\/\/freyawork.cl\/wp-content\/uploads\/2026\/01\/24237-768x512.jpg 768w, https:\/\/freyawork.cl\/wp-content\/uploads\/2026\/01\/24237-600x400.jpg 600w\" sizes=\"(max-width: 1000px) 100vw, 1000px\" \/>\t\t\t\t\t\t\t\t\t\t\t\t\t\t\t<\/div>\n\t\t\t\t<\/div>\n\t\t<div class=\"elementor-element elementor-element-c38553e e-con-full e-flex e-con e-child\" data-id=\"c38553e\" data-element_type=\"container\" data-e-type=\"container\">\n\t\t\t\t<div class=\"elementor-element elementor-element-c5c9a2c elementor-widget elementor-widget-spacer\" data-id=\"c5c9a2c\" data-element_type=\"widget\" data-e-type=\"widget\" data-widget_type=\"spacer.default\">\n\t\t\t\t\t\t\t<div class=\"elementor-spacer\">\n\t\t\t<div class=\"elementor-spacer-inner\"><\/div>\n\t\t<\/div>\n\t\t\t\t\t\t<\/div>\n\t\t\t\t<div class=\"elementor-element elementor-element-39dc3f8 elementor-widget elementor-widget-heading\" data-id=\"39dc3f8\" data-element_type=\"widget\" data-e-type=\"widget\" data-widget_type=\"heading.default\">\n\t\t\t\t\t<h2 class=\"elementor-heading-title elementor-size-default\">Nuestra Visi\u00f3n<\/h2>\t\t\t\t<\/div>\n\t\t\t\t<div class=\"elementor-element elementor-element-f4546c2 elementor-widget elementor-widget-text-editor\" data-id=\"f4546c2\" data-element_type=\"widget\" data-e-type=\"widget\" data-widget_type=\"text-editor.default\">\n\t\t\t\t\t\t\t\t\t<p>\u00abSer la marca de referencia en ropa de trabajo en Chile al ofrecer soluciones innovadoras y de alta calidad que acompa\u00f1en el crecimiento y la seguridad de nuestros clientes, independientemente de su industria. Aspiramos a ser una empresa comprometida con la sostenibilidad y el bienestar de nuestros trabajadores y comunidades.\u00bb<\/p>\t\t\t\t\t\t\t\t<\/div>\n\t\t\t\t<\/div>\n\t\t\t\t\t<\/div>\n\t\t\t\t<\/div>\n\t\t\t\t<\/div>\n\t\t","protected":false},"excerpt":{"rendered":"<p>Freya Spa En FREYA, creemos en el poder de la ropa de trabajo que combina funcionalidad y resistencia sin sacrificar comodidad ni estilo. Nos dedicamos a equipar a profesionales de diferentes industrias con ropa de trabajo de alta calidad, dise\u00f1ada para afrontar los desaf\u00edos diarios y brindar la seguridad que merecen.\u00bb Nuestros Valores Nuestra Misi\u00f3n [&hellip;]<\/p>\n","protected":false},"author":1,"featured_media":0,"parent":0,"menu_order":0,"comment_status":"closed","ping_status":"closed","template":"","meta":{"footnotes":""},"class_list":["post-7","page","type-page","status-publish","hentry"],"blocksy_meta":{"styles_descriptor":{"styles":{"desktop":"","tablet":"","mobile":""},"google_fonts":[],"version":6}},"jetpack_sharing_enabled":true,"_links":{"self":[{"href":"https:\/\/freyawork.cl\/index.php?rest_route=\/wp\/v2\/pages\/7","targetHints":{"allow":["GET"]}}],"collection":[{"href":"https:\/\/freyawork.cl\/index.php?rest_route=\/wp\/v2\/pages"}],"about":[{"href":"https:\/\/freyawork.cl\/index.php?rest_route=\/wp\/v2\/types\/page"}],"author":[{"embeddable":true,"href":"https:\/\/freyawork.cl\/index.php?rest_route=\/wp\/v2\/users\/1"}],"replies":[{"embeddable":true,"href":"https:\/\/freyawork.cl\/index.php?rest_route=%2Fwp%2Fv2%2Fcomments&post=7"}],"version-history":[{"count":11,"href":"https:\/\/freyawork.cl\/index.php?rest_route=\/wp\/v2\/pages\/7\/revisions"}],"predecessor-version":[{"id":7802,"href":"https:\/\/freyawork.cl\/index.php?rest_route=\/wp\/v2\/pages\/7\/revisions\/7802"}],"wp:attachment":[{"href":"https:\/\/freyawork.cl\/index.php?rest_route=%2Fwp%2Fv2%2Fmedia&parent=7"}],"curies":[{"name":"wp","href":"https:\/\/api.w.org\/{rel}","templated":true}]}}