{"id":10027,"date":"2026-01-19T08:02:10","date_gmt":"2026-01-19T11:02:10","guid":{"rendered":"https:\/\/freyawork.cl\/?post_type=product&#038;p=10027"},"modified":"2026-01-22T15:31:04","modified_gmt":"2026-01-22T18:31:04","slug":"calzado-seguridad-nazca-femenino-pu-un-130","status":"publish","type":"product","link":"https:\/\/freyawork.cl\/?product=calzado-seguridad-nazca-femenino-pu-un-130","title":{"rendered":"Calzado Seguridad Nazca Femenino 130"},"content":{"rendered":"<h2>Descripci\u00f3n<\/h2>\n<p>Botin Nazca Femenino NU 130. Aislante el\u00e9ctrico para tensiones inferiores a 600 volt, Cambrell\u00f3n de acero templado de dos nervios, Certificaci\u00f3n norma chilena oficial, Contrafuerte termoformado de 2.0 mm de espesor, Cordones secci\u00f3n circular de alta resistencia, Costuras dobles y triples con hilo Nylon T-20 impustrescible, Cuero crazy horse color tabaco, Fabricaci\u00f3n con inyecci\u00f3n directa al corte, Forro split y descarne gamuzado, Fuelle forrado y acolchado, Ojetillos no met\u00e1licos de alta resistencia, Planta de poliuretano bidensidad resistente a los derivados de los hidrocarburos, Plantilla de armar de material no tejido, Plantilla interior intercambiable &#8211; Soft Clasic &#8211; PI 101 Puntera de acero &#8211; dise\u00f1o W\/H * (alta y ancha) Tobillera acolchada con espuma de alta densidad Tal\u00f3n reforzado<\/p>\n","protected":false},"excerpt":{"rendered":"<p>Calzado de seguridad femenino modelo Nazca, fabricado en PU, dise\u00f1ado para ofrecer comodidad y protecci\u00f3n. Ideal para entornos laborales exigentes.<\/p>\n","protected":false},"featured_media":10031,"comment_status":"open","ping_status":"closed","template":"","meta":[],"product_brand":[],"product_cat":[97,99],"product_tag":[117],"class_list":{"0":"post-10027","1":"product","2":"type-product","3":"status-publish","4":"has-post-thumbnail","6":"product_cat-calzado","7":"product_cat-mujer","8":"product_tag-botines-mujer","10":"first","11":"instock","12":"shipping-taxable","13":"purchasable","14":"product-type-variable"},"jetpack_sharing_enabled":true,"_links":{"self":[{"href":"https:\/\/freyawork.cl\/index.php?rest_route=\/wp\/v2\/product\/10027","targetHints":{"allow":["GET"]}}],"collection":[{"href":"https:\/\/freyawork.cl\/index.php?rest_route=\/wp\/v2\/product"}],"about":[{"href":"https:\/\/freyawork.cl\/index.php?rest_route=\/wp\/v2\/types\/product"}],"replies":[{"embeddable":true,"href":"https:\/\/freyawork.cl\/index.php?rest_route=%2Fwp%2Fv2%2Fcomments&post=10027"}],"wp:featuredmedia":[{"embeddable":true,"href":"https:\/\/freyawork.cl\/index.php?rest_route=\/wp\/v2\/media\/10031"}],"wp:attachment":[{"href":"https:\/\/freyawork.cl\/index.php?rest_route=%2Fwp%2Fv2%2Fmedia&parent=10027"}],"wp:term":[{"taxonomy":"product_brand","embeddable":true,"href":"https:\/\/freyawork.cl\/index.php?rest_route=%2Fwp%2Fv2%2Fproduct_brand&post=10027"},{"taxonomy":"product_cat","embeddable":true,"href":"https:\/\/freyawork.cl\/index.php?rest_route=%2Fwp%2Fv2%2Fproduct_cat&post=10027"},{"taxonomy":"product_tag","embeddable":true,"href":"https:\/\/freyawork.cl\/index.php?rest_route=%2Fwp%2Fv2%2Fproduct_tag&post=10027"}],"curies":[{"name":"wp","href":"https:\/\/api.w.org\/{rel}","templated":true}]}}