{"id":10082,"date":"2026-01-19T08:23:07","date_gmt":"2026-01-19T11:23:07","guid":{"rendered":"https:\/\/freyawork.cl\/?post_type=product&#038;p=10082"},"modified":"2026-02-03T13:17:36","modified_gmt":"2026-02-03T16:17:36","slug":"calzado-seguridad-edelbrock-botin-trx-ed-702-low","status":"publish","type":"product","link":"https:\/\/freyawork.cl\/?product=calzado-seguridad-edelbrock-botin-trx-ed-702-low","title":{"rendered":"Calzado Seguridad Edelbrock Bot\u00edn 702 LOW"},"content":{"rendered":"<h2>Descripci\u00f3n<\/h2>\n<p>Presentamos nuestra nueva l\u00ednea de calzado TRX ED, especialmente dise\u00f1ada para soportar los<br \/>\nambientes m\u00e1s adversos y hostiles, gracias a su nuevo dise\u00f1o pensado exclusivamente para tu<br \/>\nseguridad. Comenzando por la suela inyectada doble densidad PU-TPU TRX \u00ae de alta tracci\u00f3n y<br \/>\nagarre para todos los terrenos, buena expulsi\u00f3n de agua y barro en condiciones de uso extremo.<br \/>\nNivel de antideslizamiento SRA, tanto para condiciones acuosas como aceitosas. Su capellada de<br \/>\ncuero pull up es altamente resistente al agua y a ambientes agresivos acompa\u00f1ada de su sobre<br \/>\npuntera y protecci\u00f3n de tal\u00f3n TPR.<\/p>\n","protected":false},"excerpt":{"rendered":"<div class=\"quick-panel-scroll-container-9xsGqF\" data-draggable=\"false\">\n<div class=\"quick-panel-content-wrapper-w7RzTX\">\n<div class=\"quick-panel-content-Yn03dh markdown-font-size-provider-3KSWBx\">\n<div class=\"content-box-5M8Vt2 content-box-YZpZM2\">\n<div class=\"markdown-SpwdOz __markdown\" dir=\"auto\">\n<p>Bot\u00edn de seguridad Edelbrock TRX ED 702 Low, dise\u00f1o resistente y c\u00f3modo. Fabricado con materiales de alta calidad, suela antideslizante y puntera de protecci\u00f3n. Ideal para trabajos exigentes.<\/p>\n<\/div>\n<div><\/div>\n<\/div>\n<\/div>\n<div class=\"gpt4-ads-vWIu-z\"><\/div>\n<\/div>\n<\/div>\n<div class=\"writing-toolbar-JBq8Up\" data-draggable=\"false\">\n<div class=\"wrapper-qRj2yx\"><\/div>\n<\/div>\n","protected":false},"featured_media":10089,"comment_status":"open","ping_status":"closed","template":"","meta":[],"product_brand":[],"product_cat":[97,98,99],"product_tag":[114,117],"class_list":{"0":"post-10082","1":"product","2":"type-product","3":"status-publish","4":"has-post-thumbnail","6":"product_cat-calzado","7":"product_cat-hombre","8":"product_cat-mujer","9":"product_tag-botines-hombre","10":"product_tag-botines-mujer","12":"first","13":"instock","14":"shipping-taxable","15":"purchasable","16":"product-type-variable"},"jetpack_sharing_enabled":true,"_links":{"self":[{"href":"https:\/\/freyawork.cl\/index.php?rest_route=\/wp\/v2\/product\/10082","targetHints":{"allow":["GET"]}}],"collection":[{"href":"https:\/\/freyawork.cl\/index.php?rest_route=\/wp\/v2\/product"}],"about":[{"href":"https:\/\/freyawork.cl\/index.php?rest_route=\/wp\/v2\/types\/product"}],"replies":[{"embeddable":true,"href":"https:\/\/freyawork.cl\/index.php?rest_route=%2Fwp%2Fv2%2Fcomments&post=10082"}],"wp:featuredmedia":[{"embeddable":true,"href":"https:\/\/freyawork.cl\/index.php?rest_route=\/wp\/v2\/media\/10089"}],"wp:attachment":[{"href":"https:\/\/freyawork.cl\/index.php?rest_route=%2Fwp%2Fv2%2Fmedia&parent=10082"}],"wp:term":[{"taxonomy":"product_brand","embeddable":true,"href":"https:\/\/freyawork.cl\/index.php?rest_route=%2Fwp%2Fv2%2Fproduct_brand&post=10082"},{"taxonomy":"product_cat","embeddable":true,"href":"https:\/\/freyawork.cl\/index.php?rest_route=%2Fwp%2Fv2%2Fproduct_cat&post=10082"},{"taxonomy":"product_tag","embeddable":true,"href":"https:\/\/freyawork.cl\/index.php?rest_route=%2Fwp%2Fv2%2Fproduct_tag&post=10082"}],"curies":[{"name":"wp","href":"https:\/\/api.w.org\/{rel}","templated":true}]}}