{"id":10140,"date":"2026-01-19T08:42:44","date_gmt":"2026-01-19T11:42:44","guid":{"rendered":"https:\/\/freyawork.cl\/?post_type=product&#038;p=10140"},"modified":"2026-01-22T15:37:36","modified_gmt":"2026-01-22T18:37:36","slug":"calzado-seguridad-nazca-femme-camel-nu-135","status":"publish","type":"product","link":"https:\/\/freyawork.cl\/?product=calzado-seguridad-nazca-femme-camel-nu-135","title":{"rendered":"Calzado Seguridad Nazca Femme Camel 135"},"content":{"rendered":"<h2>Descripci\u00f3n<\/h2>\n<p>Calzado de seguridad sobrio y seguro, te puede acompa\u00f1ar a terreno como a una reuni\u00f3n de oficina. Puntera de composite de m\u00e1xima protecci\u00f3n y 100% libre de metal. No suena en p\u00f3rticos ni detectores. Tiene una suela de caucho ultra resistente que te acompa\u00f1a a distintas superficies convirti\u00e9ndose en un zapato c\u00f3modo y liviano para todo momento. Plantilla Hi Poly Foam para un calce perfecto.<\/p>\n","protected":false},"excerpt":{"rendered":"<p>Calzado de seguridad para mujer, modelo Nazca Femme en color camel. Dise\u00f1o c\u00f3modo, resistente y funcional, ideal para trabajos exigentes.<\/p>\n","protected":false},"featured_media":10154,"comment_status":"open","ping_status":"closed","template":"","meta":[],"product_brand":[],"product_cat":[97,99],"product_tag":[117],"class_list":{"0":"post-10140","1":"product","2":"type-product","3":"status-publish","4":"has-post-thumbnail","6":"product_cat-calzado","7":"product_cat-mujer","8":"product_tag-botines-mujer","10":"first","11":"instock","12":"shipping-taxable","13":"purchasable","14":"product-type-variable"},"jetpack_sharing_enabled":true,"_links":{"self":[{"href":"https:\/\/freyawork.cl\/index.php?rest_route=\/wp\/v2\/product\/10140","targetHints":{"allow":["GET"]}}],"collection":[{"href":"https:\/\/freyawork.cl\/index.php?rest_route=\/wp\/v2\/product"}],"about":[{"href":"https:\/\/freyawork.cl\/index.php?rest_route=\/wp\/v2\/types\/product"}],"replies":[{"embeddable":true,"href":"https:\/\/freyawork.cl\/index.php?rest_route=%2Fwp%2Fv2%2Fcomments&post=10140"}],"wp:featuredmedia":[{"embeddable":true,"href":"https:\/\/freyawork.cl\/index.php?rest_route=\/wp\/v2\/media\/10154"}],"wp:attachment":[{"href":"https:\/\/freyawork.cl\/index.php?rest_route=%2Fwp%2Fv2%2Fmedia&parent=10140"}],"wp:term":[{"taxonomy":"product_brand","embeddable":true,"href":"https:\/\/freyawork.cl\/index.php?rest_route=%2Fwp%2Fv2%2Fproduct_brand&post=10140"},{"taxonomy":"product_cat","embeddable":true,"href":"https:\/\/freyawork.cl\/index.php?rest_route=%2Fwp%2Fv2%2Fproduct_cat&post=10140"},{"taxonomy":"product_tag","embeddable":true,"href":"https:\/\/freyawork.cl\/index.php?rest_route=%2Fwp%2Fv2%2Fproduct_tag&post=10140"}],"curies":[{"name":"wp","href":"https:\/\/api.w.org\/{rel}","templated":true}]}}