{"id":10155,"date":"2026-01-19T09:13:45","date_gmt":"2026-01-19T12:13:45","guid":{"rendered":"https:\/\/freyawork.cl\/?post_type=product&#038;p=10155"},"modified":"2026-01-22T15:17:35","modified_gmt":"2026-01-22T18:17:35","slug":"calzado-seguridad-edelbrock-botin-edbk-177","status":"publish","type":"product","link":"https:\/\/freyawork.cl\/?product=calzado-seguridad-edelbrock-botin-edbk-177","title":{"rendered":"Calzado Seguridad Edelbrock Bot\u00edn 177"},"content":{"rendered":"<h2>Descripci\u00f3n<\/h2>\n<p>Bot\u00edn de seguridad, capella de cuero nobuck azul con aislamiento el\u00e9ctrico para tensiones inferiores a 600 voltios, seg\u00fan norma chilena. Tiene sobre puntera de caucho para mayor protecci\u00f3n, forro acolchado completo en split gamuzado y puntera de seguridad Light Composite Toe, m\u00e1s liviana e igual de segura que el acero. Posee una plantilla antiperforante no met\u00e1lica Komfolayer, m\u00e1s flexible y liviana, resistente a perforaciones de 1100N. Plantilla interior viscoel\u00e1stica, con tratamiento antibacteriano y Shock Absorber para extra comodidad. Bot\u00edn resistente a los derivados de los hidrocarburos y posee aislante t\u00e9rmico 3M Thinsulate 200 gr, el cual ayuda a controlar la temperatura de tus pies.<\/p>\n","protected":false},"excerpt":{"rendered":"<p>Bot\u00edn de seguridad Edelbrock EDBK 177, dise\u00f1ado para m\u00e1xima protecci\u00f3n y comodidad. Fabricado con materiales resistentes, suela antideslizante y puntera reforzada, ideal para entornos laborales exigentes.<\/p>\n","protected":false},"featured_media":10174,"comment_status":"open","ping_status":"closed","template":"","meta":[],"product_brand":[],"product_cat":[97,98],"product_tag":[114],"class_list":{"0":"post-10155","1":"product","2":"type-product","3":"status-publish","4":"has-post-thumbnail","6":"product_cat-calzado","7":"product_cat-hombre","8":"product_tag-botines-hombre","10":"first","11":"instock","12":"shipping-taxable","13":"purchasable","14":"product-type-variable"},"jetpack_sharing_enabled":true,"_links":{"self":[{"href":"https:\/\/freyawork.cl\/index.php?rest_route=\/wp\/v2\/product\/10155","targetHints":{"allow":["GET"]}}],"collection":[{"href":"https:\/\/freyawork.cl\/index.php?rest_route=\/wp\/v2\/product"}],"about":[{"href":"https:\/\/freyawork.cl\/index.php?rest_route=\/wp\/v2\/types\/product"}],"replies":[{"embeddable":true,"href":"https:\/\/freyawork.cl\/index.php?rest_route=%2Fwp%2Fv2%2Fcomments&post=10155"}],"wp:featuredmedia":[{"embeddable":true,"href":"https:\/\/freyawork.cl\/index.php?rest_route=\/wp\/v2\/media\/10174"}],"wp:attachment":[{"href":"https:\/\/freyawork.cl\/index.php?rest_route=%2Fwp%2Fv2%2Fmedia&parent=10155"}],"wp:term":[{"taxonomy":"product_brand","embeddable":true,"href":"https:\/\/freyawork.cl\/index.php?rest_route=%2Fwp%2Fv2%2Fproduct_brand&post=10155"},{"taxonomy":"product_cat","embeddable":true,"href":"https:\/\/freyawork.cl\/index.php?rest_route=%2Fwp%2Fv2%2Fproduct_cat&post=10155"},{"taxonomy":"product_tag","embeddable":true,"href":"https:\/\/freyawork.cl\/index.php?rest_route=%2Fwp%2Fv2%2Fproduct_tag&post=10155"}],"curies":[{"name":"wp","href":"https:\/\/api.w.org\/{rel}","templated":true}]}}