{"id":10175,"date":"2026-01-19T09:23:43","date_gmt":"2026-01-19T12:23:43","guid":{"rendered":"https:\/\/freyawork.cl\/?post_type=product&#038;p=10175"},"modified":"2026-01-28T09:42:05","modified_gmt":"2026-01-28T12:42:05","slug":"botin-outdoor-bering-high-hw-certificado","status":"publish","type":"product","link":"https:\/\/freyawork.cl\/?product=botin-outdoor-bering-high-hw-certificado","title":{"rendered":"Bot\u00edn Outdoor Bering High HW Certificado"},"content":{"rendered":"<h2>Descripci\u00f3n<\/h2>\n<p><span dir=\"auto\">Calzado de seguridad clase I, antideslizante y plantilla interior de gel, que entrega comodidad y confort.<\/span><br \/>\n<span dir=\"auto\">Zapato liviano, respirable, blando e impermeable<\/span><br \/>\n<span dir=\"auto\">Condici\u00f3n que se consigue con su membrana Smart-Dry y Malla Waterproof, otorgando impermeabilidad y respirabilidad.<\/span><br \/>\n<span dir=\"auto\">Incorpora membrana Thinsulate.<\/span><\/p>\n","protected":false},"excerpt":{"rendered":"<p>Bot\u00edn Outdoor Bering High HW Certificado: Calzado robusto y resistente, dise\u00f1ado para actividades al aire libre. Fabricado con materiales de alta calidad, ofrece protecci\u00f3n, comodidad y durabilidad en terrenos exigentes. Ideal para aventuras en cualquier clima.<\/p>\n","protected":false},"featured_media":10185,"comment_status":"open","ping_status":"closed","template":"","meta":[],"product_brand":[],"product_cat":[97,98],"product_tag":[114],"class_list":{"0":"post-10175","1":"product","2":"type-product","3":"status-publish","4":"has-post-thumbnail","6":"product_cat-calzado","7":"product_cat-hombre","8":"product_tag-botines-hombre","10":"first","11":"instock","12":"shipping-taxable","13":"purchasable","14":"product-type-variable"},"jetpack_sharing_enabled":true,"_links":{"self":[{"href":"https:\/\/freyawork.cl\/index.php?rest_route=\/wp\/v2\/product\/10175","targetHints":{"allow":["GET"]}}],"collection":[{"href":"https:\/\/freyawork.cl\/index.php?rest_route=\/wp\/v2\/product"}],"about":[{"href":"https:\/\/freyawork.cl\/index.php?rest_route=\/wp\/v2\/types\/product"}],"replies":[{"embeddable":true,"href":"https:\/\/freyawork.cl\/index.php?rest_route=%2Fwp%2Fv2%2Fcomments&post=10175"}],"wp:featuredmedia":[{"embeddable":true,"href":"https:\/\/freyawork.cl\/index.php?rest_route=\/wp\/v2\/media\/10185"}],"wp:attachment":[{"href":"https:\/\/freyawork.cl\/index.php?rest_route=%2Fwp%2Fv2%2Fmedia&parent=10175"}],"wp:term":[{"taxonomy":"product_brand","embeddable":true,"href":"https:\/\/freyawork.cl\/index.php?rest_route=%2Fwp%2Fv2%2Fproduct_brand&post=10175"},{"taxonomy":"product_cat","embeddable":true,"href":"https:\/\/freyawork.cl\/index.php?rest_route=%2Fwp%2Fv2%2Fproduct_cat&post=10175"},{"taxonomy":"product_tag","embeddable":true,"href":"https:\/\/freyawork.cl\/index.php?rest_route=%2Fwp%2Fv2%2Fproduct_tag&post=10175"}],"curies":[{"name":"wp","href":"https:\/\/api.w.org\/{rel}","templated":true}]}}