{"id":10198,"date":"2026-01-19T09:31:08","date_gmt":"2026-01-19T12:31:08","guid":{"rendered":"https:\/\/freyawork.cl\/?post_type=product&#038;p=10198"},"modified":"2026-01-22T12:44:25","modified_gmt":"2026-01-22T15:44:25","slug":"calzado-seguridad-edelbrock-botin-ed-106k-plus","status":"publish","type":"product","link":"https:\/\/freyawork.cl\/?product=calzado-seguridad-edelbrock-botin-ed-106k-plus","title":{"rendered":"Calzado Seguridad Edelbrock Bot\u00edn 106K Plus"},"content":{"rendered":"<h2>Descripci\u00f3n<\/h2>\n<div class=\"product-description__1\">\n<div class=\"productDescription\">Calzado de seguridad cementado, con cuero Nobuck y tratamiento hidrofugado, resistente a la absorci\u00f3n de humedad y ambientes agresivos. Tiene ganchos y pasa cordones pl\u00e1sticos. Posee forro split gamuzado, puntera de acero templado de alta resistencia seg\u00fan norma NCH 772\/2. Una plantilla interior de eva shock absorber con textil antimic\u00f3tico y armado de conglomerado de celulosa y l\u00e1tex (alta absorci\u00f3n y expulsi\u00f3n de agua) Planta EVA\/Caucho acrilo nitrilo, resistente a derivados de hidrocarburos, y entre suela de EVA para mayor comodidad. Resistente a bajas temperaturas gracias a su aislante t\u00e9rmico Thinsulate \u00ae para mantener pies secos y temperados. Para tu mayor comodidad tiene fuelle integrado y cuello acolchado.<\/div>\n<\/div>\n<div class=\"product-description__2\"><\/div>\n","protected":false},"excerpt":{"rendered":"<p>Bot\u00edn de seguridad Edelbrock ED 106K Plus, dise\u00f1ado para m\u00e1xima protecci\u00f3n y confort. Fabricado con materiales resistentes, cuenta con puntera de acero, suela antiderrapante y propiedades diel\u00e9ctricas, ideal para trabajos industriales.<\/p>\n","protected":false},"featured_media":10215,"comment_status":"open","ping_status":"closed","template":"","meta":[],"product_brand":[],"product_cat":[97,98],"product_tag":[114],"class_list":{"0":"post-10198","1":"product","2":"type-product","3":"status-publish","4":"has-post-thumbnail","6":"product_cat-calzado","7":"product_cat-hombre","8":"product_tag-botines-hombre","10":"first","11":"instock","12":"shipping-taxable","13":"purchasable","14":"product-type-variable"},"jetpack_sharing_enabled":true,"_links":{"self":[{"href":"https:\/\/freyawork.cl\/index.php?rest_route=\/wp\/v2\/product\/10198","targetHints":{"allow":["GET"]}}],"collection":[{"href":"https:\/\/freyawork.cl\/index.php?rest_route=\/wp\/v2\/product"}],"about":[{"href":"https:\/\/freyawork.cl\/index.php?rest_route=\/wp\/v2\/types\/product"}],"replies":[{"embeddable":true,"href":"https:\/\/freyawork.cl\/index.php?rest_route=%2Fwp%2Fv2%2Fcomments&post=10198"}],"wp:featuredmedia":[{"embeddable":true,"href":"https:\/\/freyawork.cl\/index.php?rest_route=\/wp\/v2\/media\/10215"}],"wp:attachment":[{"href":"https:\/\/freyawork.cl\/index.php?rest_route=%2Fwp%2Fv2%2Fmedia&parent=10198"}],"wp:term":[{"taxonomy":"product_brand","embeddable":true,"href":"https:\/\/freyawork.cl\/index.php?rest_route=%2Fwp%2Fv2%2Fproduct_brand&post=10198"},{"taxonomy":"product_cat","embeddable":true,"href":"https:\/\/freyawork.cl\/index.php?rest_route=%2Fwp%2Fv2%2Fproduct_cat&post=10198"},{"taxonomy":"product_tag","embeddable":true,"href":"https:\/\/freyawork.cl\/index.php?rest_route=%2Fwp%2Fv2%2Fproduct_tag&post=10198"}],"curies":[{"name":"wp","href":"https:\/\/api.w.org\/{rel}","templated":true}]}}