{"id":10216,"date":"2026-01-19T09:39:37","date_gmt":"2026-01-19T12:39:37","guid":{"rendered":"https:\/\/freyawork.cl\/?post_type=product&#038;p=10216"},"modified":"2026-02-03T13:45:29","modified_gmt":"2026-02-03T16:45:29","slug":"calzado-seguridad-edelbrock-botin-ed-201","status":"publish","type":"product","link":"https:\/\/freyawork.cl\/?product=calzado-seguridad-edelbrock-botin-ed-201","title":{"rendered":"Calzado Seguridad Edelbrock Bot\u00edn 201"},"content":{"rendered":"<h2>Descripci\u00f3n<\/h2>\n<p>Calzado l\u00ednea Edelbrock Black Label, con ligth composite Toe y plantilla antiperforante Wellmax\u00ae. Siendo un bot\u00edn full protection con refuerzo en tal\u00f3n y sobrepuntera (caucho). Su look de cuero nobuck negro le da elegancia y rudeza. Ideal para trabajos mineros, de alto riesgo y pesado. Calzado certificado por CESMEC.<\/p>\n","protected":false},"excerpt":{"rendered":"<p>Calzado de seguridad Edelbrock Bot\u00edn ED 201, c\u00f3modo, resistente y dise\u00f1ado para m\u00e1xima protecci\u00f3n en el trabajo.<\/p>\n","protected":false},"featured_media":10222,"comment_status":"open","ping_status":"closed","template":"","meta":[],"product_brand":[],"product_cat":[97,98],"product_tag":[114],"class_list":{"0":"post-10216","1":"product","2":"type-product","3":"status-publish","4":"has-post-thumbnail","6":"product_cat-calzado","7":"product_cat-hombre","8":"product_tag-botines-hombre","10":"first","11":"instock","12":"shipping-taxable","13":"purchasable","14":"product-type-variable"},"jetpack_sharing_enabled":true,"_links":{"self":[{"href":"https:\/\/freyawork.cl\/index.php?rest_route=\/wp\/v2\/product\/10216","targetHints":{"allow":["GET"]}}],"collection":[{"href":"https:\/\/freyawork.cl\/index.php?rest_route=\/wp\/v2\/product"}],"about":[{"href":"https:\/\/freyawork.cl\/index.php?rest_route=\/wp\/v2\/types\/product"}],"replies":[{"embeddable":true,"href":"https:\/\/freyawork.cl\/index.php?rest_route=%2Fwp%2Fv2%2Fcomments&post=10216"}],"wp:featuredmedia":[{"embeddable":true,"href":"https:\/\/freyawork.cl\/index.php?rest_route=\/wp\/v2\/media\/10222"}],"wp:attachment":[{"href":"https:\/\/freyawork.cl\/index.php?rest_route=%2Fwp%2Fv2%2Fmedia&parent=10216"}],"wp:term":[{"taxonomy":"product_brand","embeddable":true,"href":"https:\/\/freyawork.cl\/index.php?rest_route=%2Fwp%2Fv2%2Fproduct_brand&post=10216"},{"taxonomy":"product_cat","embeddable":true,"href":"https:\/\/freyawork.cl\/index.php?rest_route=%2Fwp%2Fv2%2Fproduct_cat&post=10216"},{"taxonomy":"product_tag","embeddable":true,"href":"https:\/\/freyawork.cl\/index.php?rest_route=%2Fwp%2Fv2%2Fproduct_tag&post=10216"}],"curies":[{"name":"wp","href":"https:\/\/api.w.org\/{rel}","templated":true}]}}