{"id":10277,"date":"2026-01-19T10:05:08","date_gmt":"2026-01-19T13:05:08","guid":{"rendered":"https:\/\/freyawork.cl\/?post_type=product&#038;p=10277"},"modified":"2026-02-03T13:01:58","modified_gmt":"2026-02-03T16:01:58","slug":"calzado-seguridad-edelbrock-botin-ed-110","status":"publish","type":"product","link":"https:\/\/freyawork.cl\/?product=calzado-seguridad-edelbrock-botin-ed-110","title":{"rendered":"Calzado Seguridad Edelbrock Bot\u00edn 110"},"content":{"rendered":"<h2>Descripci\u00f3n<\/h2>\n<p>Un botin de cuero Pull-Up hidrofugado, perfecto para un trabajador que busca un calzado durable y de larga vida \u00fatil. Este tipo de cuero permite mantener la calidad y el look con el paso del tiempo. La puntera de light composite, m\u00e1s liviana que el acero y con igual resistencia al impacto, plantilla de armado textil antiperforante (kevlar), lo transofrman en un calzado robusto, ideal para trabajos \u201cheavy duty\u201d sin perder flexibilidad, comodidad y elegancia de un Edelbrock. Ideal para faenas mineras, construcci\u00f3n, transporte y forestal. Certificado<\/p>\n","protected":false},"excerpt":{"rendered":"<p>Bot\u00edn de seguridad Edelbrock ED 110, dise\u00f1o resistente y c\u00f3modo. Fabricado con materiales duraderos, punta de protecci\u00f3n y suela antideslizante. Ideal para trabajos exigentes.<\/p>\n","protected":false},"featured_media":10294,"comment_status":"open","ping_status":"closed","template":"","meta":[],"product_brand":[],"product_cat":[97,98],"product_tag":[114],"class_list":{"0":"post-10277","1":"product","2":"type-product","3":"status-publish","4":"has-post-thumbnail","6":"product_cat-calzado","7":"product_cat-hombre","8":"product_tag-botines-hombre","10":"first","11":"instock","12":"shipping-taxable","13":"purchasable","14":"product-type-variable"},"jetpack_sharing_enabled":true,"_links":{"self":[{"href":"https:\/\/freyawork.cl\/index.php?rest_route=\/wp\/v2\/product\/10277","targetHints":{"allow":["GET"]}}],"collection":[{"href":"https:\/\/freyawork.cl\/index.php?rest_route=\/wp\/v2\/product"}],"about":[{"href":"https:\/\/freyawork.cl\/index.php?rest_route=\/wp\/v2\/types\/product"}],"replies":[{"embeddable":true,"href":"https:\/\/freyawork.cl\/index.php?rest_route=%2Fwp%2Fv2%2Fcomments&post=10277"}],"wp:featuredmedia":[{"embeddable":true,"href":"https:\/\/freyawork.cl\/index.php?rest_route=\/wp\/v2\/media\/10294"}],"wp:attachment":[{"href":"https:\/\/freyawork.cl\/index.php?rest_route=%2Fwp%2Fv2%2Fmedia&parent=10277"}],"wp:term":[{"taxonomy":"product_brand","embeddable":true,"href":"https:\/\/freyawork.cl\/index.php?rest_route=%2Fwp%2Fv2%2Fproduct_brand&post=10277"},{"taxonomy":"product_cat","embeddable":true,"href":"https:\/\/freyawork.cl\/index.php?rest_route=%2Fwp%2Fv2%2Fproduct_cat&post=10277"},{"taxonomy":"product_tag","embeddable":true,"href":"https:\/\/freyawork.cl\/index.php?rest_route=%2Fwp%2Fv2%2Fproduct_tag&post=10277"}],"curies":[{"name":"wp","href":"https:\/\/api.w.org\/{rel}","templated":true}]}}