{"id":10295,"date":"2026-01-19T10:14:21","date_gmt":"2026-01-19T13:14:21","guid":{"rendered":"https:\/\/freyawork.cl\/?post_type=product&#038;p=10295"},"modified":"2026-01-22T12:32:47","modified_gmt":"2026-01-22T15:32:47","slug":"calzado-seguridad-defender-botin-montego-df-500","status":"publish","type":"product","link":"https:\/\/freyawork.cl\/?product=calzado-seguridad-defender-botin-montego-df-500","title":{"rendered":"Calzado Seguridad Defender Bot\u00edn Montego 500"},"content":{"rendered":"<h2>Descripci\u00f3n<\/h2>\n<p><span dir=\"auto\">Bot\u00edn Defender modelo Montego DF-500. Fabricaci\u00f3n inyecci\u00f3n directa al corte. Pull-up de cuero chedron hidrofugado. Puntera de LCT (Puntera de Composite Ligero). Entreforro aislante t\u00e9rmico Thinsulate\u00ae. Plantilla de armar antipunzonante no met\u00e1lica<\/span><br \/>\n<span dir=\"auto\">Plantilla intercambiable de almohadilla de silicona con soporte estabilizador de TPU y plantilla adicional de PORON\u00ae. Forro interior de cuero<\/span><br \/>\n<span dir=\"auto\">Planta de caucho con Acrilo Nitrilo resistente a los hidrocarburos, con amortiguador en entresuela de poliuretano (PU) Aislaci\u00f3n el\u00e9ctrica para tensiones inferiores a 600 voltios. Certificacion norma chilena oficial<\/span><\/p>\n","protected":false},"excerpt":{"rendered":"<div class=\"quick-panel-scroll-container-9xsGqF\" data-draggable=\"false\">\n<div class=\"quick-panel-content-wrapper-w7RzTX\">\n<div class=\"quick-panel-content-Yn03dh markdown-font-size-provider-3KSWBx\">\n<div class=\"content-box-5M8Vt2 content-box-YZpZM2\">\n<div class=\"markdown-SpwdOz __markdown\" dir=\"auto\">\n<p>Bot\u00edn de seguridad Defender Montego DF 500, dise\u00f1ado para m\u00e1xima protecci\u00f3n y confort. Fabricado con materiales resistentes, suela antideslizante y puntera reforzada, ideal para trabajos exigentes.<\/p>\n<\/div>\n<div><\/div>\n<\/div>\n<\/div>\n<div class=\"gpt4-ads-vWIu-z\"><\/div>\n<\/div>\n<\/div>\n<div class=\"writing-toolbar-JBq8Up\" data-draggable=\"false\">\n<div class=\"wrapper-qRj2yx\"><\/div>\n<\/div>\n","protected":false},"featured_media":10300,"comment_status":"open","ping_status":"closed","template":"","meta":[],"product_brand":[],"product_cat":[97,98],"product_tag":[114],"class_list":{"0":"post-10295","1":"product","2":"type-product","3":"status-publish","4":"has-post-thumbnail","6":"product_cat-calzado","7":"product_cat-hombre","8":"product_tag-botines-hombre","10":"first","11":"instock","12":"shipping-taxable","13":"purchasable","14":"product-type-variable"},"jetpack_sharing_enabled":true,"_links":{"self":[{"href":"https:\/\/freyawork.cl\/index.php?rest_route=\/wp\/v2\/product\/10295","targetHints":{"allow":["GET"]}}],"collection":[{"href":"https:\/\/freyawork.cl\/index.php?rest_route=\/wp\/v2\/product"}],"about":[{"href":"https:\/\/freyawork.cl\/index.php?rest_route=\/wp\/v2\/types\/product"}],"replies":[{"embeddable":true,"href":"https:\/\/freyawork.cl\/index.php?rest_route=%2Fwp%2Fv2%2Fcomments&post=10295"}],"wp:featuredmedia":[{"embeddable":true,"href":"https:\/\/freyawork.cl\/index.php?rest_route=\/wp\/v2\/media\/10300"}],"wp:attachment":[{"href":"https:\/\/freyawork.cl\/index.php?rest_route=%2Fwp%2Fv2%2Fmedia&parent=10295"}],"wp:term":[{"taxonomy":"product_brand","embeddable":true,"href":"https:\/\/freyawork.cl\/index.php?rest_route=%2Fwp%2Fv2%2Fproduct_brand&post=10295"},{"taxonomy":"product_cat","embeddable":true,"href":"https:\/\/freyawork.cl\/index.php?rest_route=%2Fwp%2Fv2%2Fproduct_cat&post=10295"},{"taxonomy":"product_tag","embeddable":true,"href":"https:\/\/freyawork.cl\/index.php?rest_route=%2Fwp%2Fv2%2Fproduct_tag&post=10295"}],"curies":[{"name":"wp","href":"https:\/\/api.w.org\/{rel}","templated":true}]}}