{"id":10365,"date":"2026-01-19T10:38:14","date_gmt":"2026-01-19T13:38:14","guid":{"rendered":"https:\/\/freyawork.cl\/?post_type=product&#038;p=10365"},"modified":"2026-01-22T15:28:04","modified_gmt":"2026-01-22T18:28:04","slug":"calzado-seguridad-nazca-botin-manquehue-pu-tpu-nt-950","status":"publish","type":"product","link":"https:\/\/freyawork.cl\/?product=calzado-seguridad-nazca-botin-manquehue-pu-tpu-nt-950","title":{"rendered":"Calzado Seguridad Nazca Bot\u00edn Manquehue 950"},"content":{"rendered":"<h2>Descripci\u00f3n<\/h2>\n<p>Aislante el\u00e9ctrico para tensiones inferiores a 600 volt, Cambrell\u00f3n de acero templado de dos nervios, Certificaci\u00f3n norma chilena oficial, Contrafuerte termoformado de 1.6 mm de espesor, Cordones secci\u00f3n circular de alta resistencia, Costuras dobles y triples con hilo Nylon T-20 impustrescible, Cuero chedron pull up hidrofugado, Fabricaci\u00f3n con inyecci\u00f3n directa al corte, Forro completo en split gamuzado, Fuelle forrado y acolchado, Ojetillos no met\u00e1licos &#8211; pl\u00e1sticos de alta resistencia, Planta bimaterialidad y bidensidad PU\/TPU &#8211; resistente a los derivados de los hidrocarburos, Plantilla de armar de material no tejido,Plantilla interior intercambiable &#8211; Soft Clasic &#8211; PI 101, Puntera LCT (Light Composite Toe Cap) no met\u00e1lica Tal\u00f3n reforzado Tobillera acolchada<\/p>\n","protected":false},"excerpt":{"rendered":"<p>Bot\u00edn de seguridad modelo Nazca Manquehue NT 950, con suela PU\/TPU. Dise\u00f1o resistente, c\u00f3modo y ideal para protecci\u00f3n en el trabajo.<\/p>\n","protected":false},"featured_media":10369,"comment_status":"open","ping_status":"closed","template":"","meta":[],"product_brand":[],"product_cat":[97,98],"product_tag":[114],"class_list":{"0":"post-10365","1":"product","2":"type-product","3":"status-publish","4":"has-post-thumbnail","6":"product_cat-calzado","7":"product_cat-hombre","8":"product_tag-botines-hombre","10":"first","11":"instock","12":"shipping-taxable","13":"purchasable","14":"product-type-variable"},"jetpack_sharing_enabled":true,"_links":{"self":[{"href":"https:\/\/freyawork.cl\/index.php?rest_route=\/wp\/v2\/product\/10365","targetHints":{"allow":["GET"]}}],"collection":[{"href":"https:\/\/freyawork.cl\/index.php?rest_route=\/wp\/v2\/product"}],"about":[{"href":"https:\/\/freyawork.cl\/index.php?rest_route=\/wp\/v2\/types\/product"}],"replies":[{"embeddable":true,"href":"https:\/\/freyawork.cl\/index.php?rest_route=%2Fwp%2Fv2%2Fcomments&post=10365"}],"wp:featuredmedia":[{"embeddable":true,"href":"https:\/\/freyawork.cl\/index.php?rest_route=\/wp\/v2\/media\/10369"}],"wp:attachment":[{"href":"https:\/\/freyawork.cl\/index.php?rest_route=%2Fwp%2Fv2%2Fmedia&parent=10365"}],"wp:term":[{"taxonomy":"product_brand","embeddable":true,"href":"https:\/\/freyawork.cl\/index.php?rest_route=%2Fwp%2Fv2%2Fproduct_brand&post=10365"},{"taxonomy":"product_cat","embeddable":true,"href":"https:\/\/freyawork.cl\/index.php?rest_route=%2Fwp%2Fv2%2Fproduct_cat&post=10365"},{"taxonomy":"product_tag","embeddable":true,"href":"https:\/\/freyawork.cl\/index.php?rest_route=%2Fwp%2Fv2%2Fproduct_tag&post=10365"}],"curies":[{"name":"wp","href":"https:\/\/api.w.org\/{rel}","templated":true}]}}