{"id":10379,"date":"2026-01-19T10:56:11","date_gmt":"2026-01-19T13:56:11","guid":{"rendered":"https:\/\/freyawork.cl\/?post_type=product&#038;p=10379"},"modified":"2026-02-03T13:00:37","modified_gmt":"2026-02-03T16:00:37","slug":"calzado-seguridad-edelbrock-botin-ed-106","status":"publish","type":"product","link":"https:\/\/freyawork.cl\/?product=calzado-seguridad-edelbrock-botin-ed-106","title":{"rendered":"Calzado Seguridad Edelbrock Bot\u00edn 106"},"content":{"rendered":"<h2>Descripci\u00f3n<\/h2>\n<p>Bot\u00edn Edelbrock ED-106, modelo cl\u00e1sico de nuestra marca Edelbrock. Elegante, c\u00f3modo y seguro. Calzado diel\u00e9ctrico, resistente a hidrocarburos y con aislante t\u00e9rmico Thinsulate\u00ae, para no perder la temperatura de tus pies. Perfecto para faenas mineras, log\u00edstica y transporte. Su cuero hidrofugado le permite tener mayor resistencia a ambientes agresivos y a la absorci\u00f3n de agua. Certificado CESMEC para normativa chilena.<\/p>\n","protected":false},"excerpt":{"rendered":"<p>Bot\u00edn de seguridad Edelbrock ED 106, dise\u00f1ado para m\u00e1xima protecci\u00f3n y comodidad. Fabricado con materiales resistentes, suela antideslizante y puntera reforzada. Ideal para trabajos exigentes.<\/p>\n","protected":false},"featured_media":10383,"comment_status":"open","ping_status":"closed","template":"","meta":[],"product_brand":[],"product_cat":[97,98],"product_tag":[114],"class_list":{"0":"post-10379","1":"product","2":"type-product","3":"status-publish","4":"has-post-thumbnail","6":"product_cat-calzado","7":"product_cat-hombre","8":"product_tag-botines-hombre","10":"first","11":"instock","12":"shipping-taxable","13":"purchasable","14":"product-type-variable"},"jetpack_sharing_enabled":true,"_links":{"self":[{"href":"https:\/\/freyawork.cl\/index.php?rest_route=\/wp\/v2\/product\/10379","targetHints":{"allow":["GET"]}}],"collection":[{"href":"https:\/\/freyawork.cl\/index.php?rest_route=\/wp\/v2\/product"}],"about":[{"href":"https:\/\/freyawork.cl\/index.php?rest_route=\/wp\/v2\/types\/product"}],"replies":[{"embeddable":true,"href":"https:\/\/freyawork.cl\/index.php?rest_route=%2Fwp%2Fv2%2Fcomments&post=10379"}],"wp:featuredmedia":[{"embeddable":true,"href":"https:\/\/freyawork.cl\/index.php?rest_route=\/wp\/v2\/media\/10383"}],"wp:attachment":[{"href":"https:\/\/freyawork.cl\/index.php?rest_route=%2Fwp%2Fv2%2Fmedia&parent=10379"}],"wp:term":[{"taxonomy":"product_brand","embeddable":true,"href":"https:\/\/freyawork.cl\/index.php?rest_route=%2Fwp%2Fv2%2Fproduct_brand&post=10379"},{"taxonomy":"product_cat","embeddable":true,"href":"https:\/\/freyawork.cl\/index.php?rest_route=%2Fwp%2Fv2%2Fproduct_cat&post=10379"},{"taxonomy":"product_tag","embeddable":true,"href":"https:\/\/freyawork.cl\/index.php?rest_route=%2Fwp%2Fv2%2Fproduct_tag&post=10379"}],"curies":[{"name":"wp","href":"https:\/\/api.w.org\/{rel}","templated":true}]}}