{"id":10412,"date":"2026-01-19T11:11:29","date_gmt":"2026-01-19T14:11:29","guid":{"rendered":"https:\/\/freyawork.cl\/?post_type=product&#038;p=10412"},"modified":"2026-01-22T15:34:04","modified_gmt":"2026-01-22T18:34:04","slug":"calzado-seguridad-nazca-botin-xr-022","status":"publish","type":"product","link":"https:\/\/freyawork.cl\/?product=calzado-seguridad-nazca-botin-xr-022","title":{"rendered":"Calzado Seguridad Nazca Bot\u00edn XR 022"},"content":{"rendered":"<h2>Descripci\u00f3n<\/h2>\n<p>Zapato fabricado con cuero PULL UP, hidrofugado de color caf\u00e9, con pasacordones pl\u00e1sticas y textibles. El cuello del zapato tambien es de cuero acolchado para un mejor calce. La puntera de light composite toe de alta resistencia lo hace un calzado mucho m\u00e1s liviano. Plantilla de armado antiperforante no met\u00e1lica de kevlar. Cuenta con un refuerzo de PR en tal\u00f3n, adem\u00e1s de topes reflectivos para una mayor seguridad en lugares oscuros. 100% Dielectrico.<\/p>\n","protected":false},"excerpt":{"rendered":"<p>Bot\u00edn de seguridad Nazca XR 022, dise\u00f1ado para m\u00e1xima protecci\u00f3n y comodidad. Fabricado con materiales resistentes, suela antideslizante y puntera de acero. Ideal para entornos industriales y laborales exigentes.<\/p>\n","protected":false},"featured_media":10430,"comment_status":"open","ping_status":"closed","template":"","meta":[],"product_brand":[],"product_cat":[97,98],"product_tag":[114],"class_list":{"0":"post-10412","1":"product","2":"type-product","3":"status-publish","4":"has-post-thumbnail","6":"product_cat-calzado","7":"product_cat-hombre","8":"product_tag-botines-hombre","10":"first","11":"instock","12":"shipping-taxable","13":"purchasable","14":"product-type-variable"},"jetpack_sharing_enabled":true,"_links":{"self":[{"href":"https:\/\/freyawork.cl\/index.php?rest_route=\/wp\/v2\/product\/10412","targetHints":{"allow":["GET"]}}],"collection":[{"href":"https:\/\/freyawork.cl\/index.php?rest_route=\/wp\/v2\/product"}],"about":[{"href":"https:\/\/freyawork.cl\/index.php?rest_route=\/wp\/v2\/types\/product"}],"replies":[{"embeddable":true,"href":"https:\/\/freyawork.cl\/index.php?rest_route=%2Fwp%2Fv2%2Fcomments&post=10412"}],"wp:featuredmedia":[{"embeddable":true,"href":"https:\/\/freyawork.cl\/index.php?rest_route=\/wp\/v2\/media\/10430"}],"wp:attachment":[{"href":"https:\/\/freyawork.cl\/index.php?rest_route=%2Fwp%2Fv2%2Fmedia&parent=10412"}],"wp:term":[{"taxonomy":"product_brand","embeddable":true,"href":"https:\/\/freyawork.cl\/index.php?rest_route=%2Fwp%2Fv2%2Fproduct_brand&post=10412"},{"taxonomy":"product_cat","embeddable":true,"href":"https:\/\/freyawork.cl\/index.php?rest_route=%2Fwp%2Fv2%2Fproduct_cat&post=10412"},{"taxonomy":"product_tag","embeddable":true,"href":"https:\/\/freyawork.cl\/index.php?rest_route=%2Fwp%2Fv2%2Fproduct_tag&post=10412"}],"curies":[{"name":"wp","href":"https:\/\/api.w.org\/{rel}","templated":true}]}}