{"id":10449,"date":"2026-01-19T11:31:14","date_gmt":"2026-01-19T14:31:14","guid":{"rendered":"https:\/\/freyawork.cl\/?post_type=product&#038;p=10449"},"modified":"2026-02-03T12:58:28","modified_gmt":"2026-02-03T15:58:28","slug":"calzado-seguridad-defender-botin-def-910","status":"publish","type":"product","link":"https:\/\/freyawork.cl\/?product=calzado-seguridad-defender-botin-def-910","title":{"rendered":"Calzado Seguridad Defender Bot\u00edn 910"},"content":{"rendered":"<h2>Descripci\u00f3n<\/h2>\n<p>Defensor Bot\u00edn DEF910. Aislante el\u00e9ctrico para tensiones inferiores a 600 volt, Aislante T\u00e9rmico Thinsulate\u00ae, Color caf\u00e9, Cuero crazy horse color caf\u00e9, Pasa cordones y ganchos no met\u00e1licos Puntera LCT (Light Composite Toe Cap) no met\u00e1lico<\/p>\n","protected":false},"excerpt":{"rendered":"<p>Bot\u00edn de seguridad DEFENDER DEF 910, resistente y c\u00f3modo, dise\u00f1ado para m\u00e1xima protecci\u00f3n en ambientes de trabajo exigentes. Fabricado con materiales duraderos, suela antiderrapante y puntera reforzada. Ideal para uso industrial.<\/p>\n","protected":false},"featured_media":10467,"comment_status":"open","ping_status":"closed","template":"","meta":[],"product_brand":[],"product_cat":[97,98],"product_tag":[114],"class_list":{"0":"post-10449","1":"product","2":"type-product","3":"status-publish","4":"has-post-thumbnail","6":"product_cat-calzado","7":"product_cat-hombre","8":"product_tag-botines-hombre","10":"first","11":"instock","12":"shipping-taxable","13":"purchasable","14":"product-type-variable"},"jetpack_sharing_enabled":true,"_links":{"self":[{"href":"https:\/\/freyawork.cl\/index.php?rest_route=\/wp\/v2\/product\/10449","targetHints":{"allow":["GET"]}}],"collection":[{"href":"https:\/\/freyawork.cl\/index.php?rest_route=\/wp\/v2\/product"}],"about":[{"href":"https:\/\/freyawork.cl\/index.php?rest_route=\/wp\/v2\/types\/product"}],"replies":[{"embeddable":true,"href":"https:\/\/freyawork.cl\/index.php?rest_route=%2Fwp%2Fv2%2Fcomments&post=10449"}],"wp:featuredmedia":[{"embeddable":true,"href":"https:\/\/freyawork.cl\/index.php?rest_route=\/wp\/v2\/media\/10467"}],"wp:attachment":[{"href":"https:\/\/freyawork.cl\/index.php?rest_route=%2Fwp%2Fv2%2Fmedia&parent=10449"}],"wp:term":[{"taxonomy":"product_brand","embeddable":true,"href":"https:\/\/freyawork.cl\/index.php?rest_route=%2Fwp%2Fv2%2Fproduct_brand&post=10449"},{"taxonomy":"product_cat","embeddable":true,"href":"https:\/\/freyawork.cl\/index.php?rest_route=%2Fwp%2Fv2%2Fproduct_cat&post=10449"},{"taxonomy":"product_tag","embeddable":true,"href":"https:\/\/freyawork.cl\/index.php?rest_route=%2Fwp%2Fv2%2Fproduct_tag&post=10449"}],"curies":[{"name":"wp","href":"https:\/\/api.w.org\/{rel}","templated":true}]}}