{"id":10497,"date":"2026-01-19T11:54:42","date_gmt":"2026-01-19T14:54:42","guid":{"rendered":"https:\/\/freyawork.cl\/?post_type=product&#038;p=10497"},"modified":"2026-02-03T12:55:44","modified_gmt":"2026-02-03T15:55:44","slug":"calzado-seguridad-defender-botin-def-920","status":"publish","type":"product","link":"https:\/\/freyawork.cl\/?product=calzado-seguridad-defender-botin-def-920","title":{"rendered":"Calzado Seguridad Defender Bot\u00edn 920"},"content":{"rendered":"<h2>Descripci\u00f3n<\/h2>\n<p>El Defender DF920 es un calzado de Cuero NobuckBeige, posee aislante el\u00e9ctrico para tensiones inferiores a 600v, aislante t\u00e9rmico Thinsulate 3M, puntera de Light Composite, plantilla de armado no met\u00e1lica con tecnolog\u00eda Komfolayer, liviana, flexible y resistente a cortes y clavos, suela de caucho resistente a derivado de hidrocarburos, forro interior gamuzado y acolchado, contrafuerte reforzado y<br \/>\ncuello acolchado.<\/p>\n","protected":false},"excerpt":{"rendered":"<p>Bot\u00edn de seguridad DEFENDER DEF 920, dise\u00f1o robusto y c\u00f3modo. Fabricado con materiales de alta resistencia, suela antideslizante y puntera de acero para m\u00e1xima protecci\u00f3n. Ideal para trabajos exigentes.<\/p>\n","protected":false},"featured_media":10514,"comment_status":"open","ping_status":"closed","template":"","meta":[],"product_brand":[],"product_cat":[97,98],"product_tag":[114],"class_list":{"0":"post-10497","1":"product","2":"type-product","3":"status-publish","4":"has-post-thumbnail","6":"product_cat-calzado","7":"product_cat-hombre","8":"product_tag-botines-hombre","10":"first","11":"instock","12":"shipping-taxable","13":"purchasable","14":"product-type-variable"},"jetpack_sharing_enabled":true,"_links":{"self":[{"href":"https:\/\/freyawork.cl\/index.php?rest_route=\/wp\/v2\/product\/10497","targetHints":{"allow":["GET"]}}],"collection":[{"href":"https:\/\/freyawork.cl\/index.php?rest_route=\/wp\/v2\/product"}],"about":[{"href":"https:\/\/freyawork.cl\/index.php?rest_route=\/wp\/v2\/types\/product"}],"replies":[{"embeddable":true,"href":"https:\/\/freyawork.cl\/index.php?rest_route=%2Fwp%2Fv2%2Fcomments&post=10497"}],"wp:featuredmedia":[{"embeddable":true,"href":"https:\/\/freyawork.cl\/index.php?rest_route=\/wp\/v2\/media\/10514"}],"wp:attachment":[{"href":"https:\/\/freyawork.cl\/index.php?rest_route=%2Fwp%2Fv2%2Fmedia&parent=10497"}],"wp:term":[{"taxonomy":"product_brand","embeddable":true,"href":"https:\/\/freyawork.cl\/index.php?rest_route=%2Fwp%2Fv2%2Fproduct_brand&post=10497"},{"taxonomy":"product_cat","embeddable":true,"href":"https:\/\/freyawork.cl\/index.php?rest_route=%2Fwp%2Fv2%2Fproduct_cat&post=10497"},{"taxonomy":"product_tag","embeddable":true,"href":"https:\/\/freyawork.cl\/index.php?rest_route=%2Fwp%2Fv2%2Fproduct_tag&post=10497"}],"curies":[{"name":"wp","href":"https:\/\/api.w.org\/{rel}","templated":true}]}}