{"id":10515,"date":"2026-01-19T12:08:05","date_gmt":"2026-01-19T15:08:05","guid":{"rendered":"https:\/\/freyawork.cl\/?post_type=product&#038;p=10515"},"modified":"2026-02-03T12:54:09","modified_gmt":"2026-02-03T15:54:09","slug":"calzado-seguridad-nazca-botin-xr-09","status":"publish","type":"product","link":"https:\/\/freyawork.cl\/?product=calzado-seguridad-nazca-botin-xr-09","title":{"rendered":"Calzado Seguridad Nazca Bot\u00edn XR 09"},"content":{"rendered":"<h2>Descripci\u00f3n<\/h2>\n<p>Bot\u00edn Nazca XR09. Color caf\u00e9, Cuello acolchado, Cuero Nobuck, Ojetillos no met\u00e1licos &#8211; pl\u00e1sticos de alta resistencia, Puntera LCT (Light Composite Toe Cap) no met\u00e1lica, Tal\u00f3n reforzado, Suela Antiperforante<\/p>\n","protected":false},"excerpt":{"rendered":"<p>Bot\u00edn de seguridad Nazca XR 09, dise\u00f1ado para m\u00e1xima protecci\u00f3n y comodidad. Fabricado con materiales resistentes, suela antideslizante y puntera reforzada, ideal para trabajos exigentes.<\/p>\n","protected":false},"featured_media":10516,"comment_status":"open","ping_status":"closed","template":"","meta":[],"product_brand":[],"product_cat":[97,98],"product_tag":[114],"class_list":{"0":"post-10515","1":"product","2":"type-product","3":"status-publish","4":"has-post-thumbnail","6":"product_cat-calzado","7":"product_cat-hombre","8":"product_tag-botines-hombre","10":"first","11":"instock","12":"shipping-taxable","13":"purchasable","14":"product-type-variable"},"jetpack_sharing_enabled":true,"_links":{"self":[{"href":"https:\/\/freyawork.cl\/index.php?rest_route=\/wp\/v2\/product\/10515","targetHints":{"allow":["GET"]}}],"collection":[{"href":"https:\/\/freyawork.cl\/index.php?rest_route=\/wp\/v2\/product"}],"about":[{"href":"https:\/\/freyawork.cl\/index.php?rest_route=\/wp\/v2\/types\/product"}],"replies":[{"embeddable":true,"href":"https:\/\/freyawork.cl\/index.php?rest_route=%2Fwp%2Fv2%2Fcomments&post=10515"}],"wp:featuredmedia":[{"embeddable":true,"href":"https:\/\/freyawork.cl\/index.php?rest_route=\/wp\/v2\/media\/10516"}],"wp:attachment":[{"href":"https:\/\/freyawork.cl\/index.php?rest_route=%2Fwp%2Fv2%2Fmedia&parent=10515"}],"wp:term":[{"taxonomy":"product_brand","embeddable":true,"href":"https:\/\/freyawork.cl\/index.php?rest_route=%2Fwp%2Fv2%2Fproduct_brand&post=10515"},{"taxonomy":"product_cat","embeddable":true,"href":"https:\/\/freyawork.cl\/index.php?rest_route=%2Fwp%2Fv2%2Fproduct_cat&post=10515"},{"taxonomy":"product_tag","embeddable":true,"href":"https:\/\/freyawork.cl\/index.php?rest_route=%2Fwp%2Fv2%2Fproduct_tag&post=10515"}],"curies":[{"name":"wp","href":"https:\/\/api.w.org\/{rel}","templated":true}]}}