{"id":1068,"date":"2025-12-19T13:19:31","date_gmt":"2025-12-19T12:19:31","guid":{"rendered":"https:\/\/freyawork.cl\/?post_type=product&#038;p=1068"},"modified":"2026-01-16T12:50:12","modified_gmt":"2026-01-16T15:50:12","slug":"chaqueta-3-en-1-premium-manga-larga-hombre","status":"publish","type":"product","link":"https:\/\/freyawork.cl\/?product=chaqueta-3-en-1-premium-manga-larga-hombre","title":{"rendered":"Chaqueta 3 en 1 Premium Manga Larga Hombre"},"content":{"rendered":"<h2>Descripci\u00f3n<\/h2>\n<p>Chaqueta 3 en 1 Premium, Confeccionada en tela Ripstop, un tejido de alta calidad que otorga mayor libertad y flexibilidad de movimientos, gracias a su resistencia a la tracci\u00f3n evita desgarros generando mayor durabilidad.<\/p>\n<p>Capa 1: Dise\u00f1ada con membrana TPU\u00a0 respirable y costuras sellada que evitan el paso del agua y viento. Posee gorro desmontable con ajuste en dos posiciones, bolsillo interior a la altura del pecho, ruedo con el\u00e1stico interior regulable, en su exterior posee ribete reflectantes en pecho, mangas y espalda. Incluye ventilaci\u00f3n bajo el brazo oculta con cierre de dos v\u00edas. Cuenta con amplios bolsillos delanteros con cierre para mantener a salvo tus pertenencias. Pu\u00f1os ajustables con velcro.<\/p>\n<p>Capa 2: Fabricada en suave micropolar con tecnol\u00f3gica antipilling, Cuenta con tela malla interior en delantero para una mejor ventilaci\u00f3n corporal adem\u00e1s posee 3 bolsillos delanteros con cierre para guardar objetos peque\u00f1os.<\/p>\n<p>Tres formas diferentes de usar: Chaqueta con forro polar, chaqueta sin forro, polar manga larga.<\/p>\n","protected":false},"excerpt":{"rendered":"<div id=\"product-description-short-816\" class=\"product-description-short mb-3 truncate_block st_showless_block_0 truncate_cate_desc_2\">\n<div class=\"st_read_more_box\">Chaqueta 3 en 1 Premium, tela Ripstop, membrana TPU respirable, capucha desmontable, micropolar antipilling y 3 bolsillos delanteros<\/div>\n<\/div>\n","protected":false},"featured_media":1072,"comment_status":"open","ping_status":"closed","template":"","meta":[],"product_brand":[],"product_cat":[64,63],"product_tag":[55],"class_list":{"0":"post-1068","1":"product","2":"type-product","3":"status-publish","4":"has-post-thumbnail","6":"product_cat-chaquetas","7":"product_cat-ropa-corporativa","8":"product_tag-3-en-1","10":"first","11":"instock","12":"shipping-taxable","13":"purchasable","14":"product-type-variable"},"jetpack_sharing_enabled":true,"_links":{"self":[{"href":"https:\/\/freyawork.cl\/index.php?rest_route=\/wp\/v2\/product\/1068","targetHints":{"allow":["GET"]}}],"collection":[{"href":"https:\/\/freyawork.cl\/index.php?rest_route=\/wp\/v2\/product"}],"about":[{"href":"https:\/\/freyawork.cl\/index.php?rest_route=\/wp\/v2\/types\/product"}],"replies":[{"embeddable":true,"href":"https:\/\/freyawork.cl\/index.php?rest_route=%2Fwp%2Fv2%2Fcomments&post=1068"}],"wp:featuredmedia":[{"embeddable":true,"href":"https:\/\/freyawork.cl\/index.php?rest_route=\/wp\/v2\/media\/1072"}],"wp:attachment":[{"href":"https:\/\/freyawork.cl\/index.php?rest_route=%2Fwp%2Fv2%2Fmedia&parent=1068"}],"wp:term":[{"taxonomy":"product_brand","embeddable":true,"href":"https:\/\/freyawork.cl\/index.php?rest_route=%2Fwp%2Fv2%2Fproduct_brand&post=1068"},{"taxonomy":"product_cat","embeddable":true,"href":"https:\/\/freyawork.cl\/index.php?rest_route=%2Fwp%2Fv2%2Fproduct_cat&post=1068"},{"taxonomy":"product_tag","embeddable":true,"href":"https:\/\/freyawork.cl\/index.php?rest_route=%2Fwp%2Fv2%2Fproduct_tag&post=1068"}],"curies":[{"name":"wp","href":"https:\/\/api.w.org\/{rel}","templated":true}]}}