{"id":11081,"date":"2026-01-29T16:27:08","date_gmt":"2026-01-29T19:27:08","guid":{"rendered":"https:\/\/freyawork.cl\/?post_type=product&#038;p=11081"},"modified":"2026-02-02T10:18:47","modified_gmt":"2026-02-02T13:18:47","slug":"softshell-etna-amarillo-azul-marino-unisex","status":"publish","type":"product","link":"https:\/\/freyawork.cl\/?product=softshell-etna-amarillo-azul-marino-unisex","title":{"rendered":"Softshell Etna Unisex"},"content":{"rendered":"<h2>Descripci\u00f3n<\/h2>\n<p>El softshell unisex Etna es ideal para entornos laborales, certificado bajo la norma ISO 20471 para alta visibilidad. Su cinta reflectante estampada mejora la seguridad en condiciones de baja luz. Resistente al viento y a la humedad moderada, ofrece transpirabilidad y libertad de movimiento. Con m\u00faltiples bolsillos pr\u00e1cticos y cierres impermeables, mantiene tus objetos esenciales secos. Tambi\u00e9n cuenta con doble pu\u00f1o escondido para mayor protecci\u00f3n contra el fr\u00edo. Una opci\u00f3n efectiva y estilizada para quienes buscan seguridad y visibilidad en el trabajo.<\/p>\n","protected":false},"excerpt":{"rendered":"<p>Chaqueta Softshell Etna unisex en colores amarillo y azul marino. Dise\u00f1o vers\u00e1til y resistente al viento, ideal para actividades al aire libre. Ofrece comodidad, protecci\u00f3n y estilo.<\/p>\n<p><strong><span style=\"color: red;\">*Una vez enviada la cotizaci\u00f3n, se le entregar\u00e1 el precio del producto.<\/span><\/strong><\/p>\n","protected":false},"featured_media":11086,"comment_status":"open","ping_status":"closed","template":"","meta":[],"product_brand":[],"product_cat":[64],"product_tag":[239,59],"class_list":{"0":"post-11081","1":"product","2":"type-product","3":"status-publish","4":"has-post-thumbnail","6":"product_cat-chaquetas","7":"product_tag-nolk","8":"product_tag-softshell","10":"first","11":"instock","12":"shipping-taxable","13":"purchasable","14":"product-type-variable"},"jetpack_sharing_enabled":true,"_links":{"self":[{"href":"https:\/\/freyawork.cl\/index.php?rest_route=\/wp\/v2\/product\/11081","targetHints":{"allow":["GET"]}}],"collection":[{"href":"https:\/\/freyawork.cl\/index.php?rest_route=\/wp\/v2\/product"}],"about":[{"href":"https:\/\/freyawork.cl\/index.php?rest_route=\/wp\/v2\/types\/product"}],"replies":[{"embeddable":true,"href":"https:\/\/freyawork.cl\/index.php?rest_route=%2Fwp%2Fv2%2Fcomments&post=11081"}],"wp:featuredmedia":[{"embeddable":true,"href":"https:\/\/freyawork.cl\/index.php?rest_route=\/wp\/v2\/media\/11086"}],"wp:attachment":[{"href":"https:\/\/freyawork.cl\/index.php?rest_route=%2Fwp%2Fv2%2Fmedia&parent=11081"}],"wp:term":[{"taxonomy":"product_brand","embeddable":true,"href":"https:\/\/freyawork.cl\/index.php?rest_route=%2Fwp%2Fv2%2Fproduct_brand&post=11081"},{"taxonomy":"product_cat","embeddable":true,"href":"https:\/\/freyawork.cl\/index.php?rest_route=%2Fwp%2Fv2%2Fproduct_cat&post=11081"},{"taxonomy":"product_tag","embeddable":true,"href":"https:\/\/freyawork.cl\/index.php?rest_route=%2Fwp%2Fv2%2Fproduct_tag&post=11081"}],"curies":[{"name":"wp","href":"https:\/\/api.w.org\/{rel}","templated":true}]}}