{"id":11094,"date":"2026-01-29T16:50:46","date_gmt":"2026-01-29T19:50:46","guid":{"rendered":"https:\/\/freyawork.cl\/?post_type=product&#038;p=11094"},"modified":"2026-02-02T10:18:26","modified_gmt":"2026-02-02T13:18:26","slug":"primera-capa-arolla-negro-hombre","status":"publish","type":"product","link":"https:\/\/freyawork.cl\/?product=primera-capa-arolla-negro-hombre","title":{"rendered":"Primera Capa Arolla Negro Hombre"},"content":{"rendered":"<h2>Descripci\u00f3n<\/h2>\n<p>Esta primera capa sin costura de compresi\u00f3n est\u00e1 dise\u00f1ada para ofrecer un ajuste c\u00f3modo y eficiente. Con poli\u00e9ster reciclado en su composici\u00f3n, es una opci\u00f3n sostenible que tambi\u00e9n proporciona propiedades t\u00e9rmicas. Su t\u00e9cnica Peelfree asegura que se mantenga en excelente estado, mientras que el 4-way stretch permite una total libertad de movimiento. Liviana y funcional, es perfecta para actividades deportivas o uso diario, combinando comodidad y rendimiento en una prenda ideal para quienes buscan una opci\u00f3n pr\u00e1ctica y ecol\u00f3gica.<\/p>\n","protected":false},"excerpt":{"rendered":"<p>Primera capa para hombre, color negro. Dise\u00f1ada para mantener el calor corporal, ofrece ajuste c\u00f3modo, transpirabilidad y libertad de movimiento.<\/p>\n<p><strong><span style=\"color: red;\">*Una vez enviada la cotizaci\u00f3n, se le entregar\u00e1 el precio del producto.<\/span><\/strong><\/p>\n","protected":false},"featured_media":11098,"comment_status":"open","ping_status":"closed","template":"","meta":[],"product_brand":[],"product_cat":[65],"product_tag":[239,72],"class_list":{"0":"post-11094","1":"product","2":"type-product","3":"status-publish","4":"has-post-thumbnail","6":"product_cat-pantalones","7":"product_tag-nolk","8":"product_tag-primera-capa","10":"first","11":"instock","12":"shipping-taxable","13":"purchasable","14":"product-type-variable"},"jetpack_sharing_enabled":true,"_links":{"self":[{"href":"https:\/\/freyawork.cl\/index.php?rest_route=\/wp\/v2\/product\/11094","targetHints":{"allow":["GET"]}}],"collection":[{"href":"https:\/\/freyawork.cl\/index.php?rest_route=\/wp\/v2\/product"}],"about":[{"href":"https:\/\/freyawork.cl\/index.php?rest_route=\/wp\/v2\/types\/product"}],"replies":[{"embeddable":true,"href":"https:\/\/freyawork.cl\/index.php?rest_route=%2Fwp%2Fv2%2Fcomments&post=11094"}],"wp:featuredmedia":[{"embeddable":true,"href":"https:\/\/freyawork.cl\/index.php?rest_route=\/wp\/v2\/media\/11098"}],"wp:attachment":[{"href":"https:\/\/freyawork.cl\/index.php?rest_route=%2Fwp%2Fv2%2Fmedia&parent=11094"}],"wp:term":[{"taxonomy":"product_brand","embeddable":true,"href":"https:\/\/freyawork.cl\/index.php?rest_route=%2Fwp%2Fv2%2Fproduct_brand&post=11094"},{"taxonomy":"product_cat","embeddable":true,"href":"https:\/\/freyawork.cl\/index.php?rest_route=%2Fwp%2Fv2%2Fproduct_cat&post=11094"},{"taxonomy":"product_tag","embeddable":true,"href":"https:\/\/freyawork.cl\/index.php?rest_route=%2Fwp%2Fv2%2Fproduct_tag&post=11094"}],"curies":[{"name":"wp","href":"https:\/\/api.w.org\/{rel}","templated":true}]}}