{"id":11169,"date":"2026-01-29T17:50:22","date_gmt":"2026-01-29T20:50:22","guid":{"rendered":"https:\/\/freyawork.cl\/?post_type=product&#038;p=11169"},"modified":"2026-02-02T10:13:58","modified_gmt":"2026-02-02T13:13:58","slug":"chaqueta-balcanes-azul-marino-mujer","status":"publish","type":"product","link":"https:\/\/freyawork.cl\/?product=chaqueta-balcanes-azul-marino-mujer","title":{"rendered":"Chaqueta Balcanes Mujer"},"content":{"rendered":"<h2>Descripci\u00f3n<\/h2>\n<p>La chaqueta t\u00e9rmica Balcanes, est\u00e1 confeccionada con tela de 2-way stretch, lo que proporciona flexibilidad y un ajuste c\u00f3modo. Su dise\u00f1o con material DWR (durable water repellent), mantiene seco en condiciones cambiantes, mientras que la capucha con visera ofrece protecci\u00f3n adicional contra la lluvia y el viento. Ideal para actividades al aire libre, esta chaqueta combina funcionalidad y estilo, asegurando que te sientas c\u00f3modo y protegido en cualquier aventura.<\/p>\n","protected":false},"excerpt":{"rendered":"<p>Chaqueta Balcanes para mujer en color azul marino, dise\u00f1o elegante y funcional, ideal para cualquier ocasi\u00f3n. Confeccionada con materiales de alta calidad que ofrecen comodidad y estilo.<\/p>\n<p><strong><span style=\"color: red;\">*Una vez enviada la cotizaci\u00f3n, se le entregar\u00e1 el precio del producto.<\/span><\/strong><\/p>\n","protected":false},"featured_media":11174,"comment_status":"open","ping_status":"closed","template":"","meta":[],"product_brand":[],"product_cat":[64],"product_tag":[56,239],"class_list":{"0":"post-11169","1":"product","2":"type-product","3":"status-publish","4":"has-post-thumbnail","6":"product_cat-chaquetas","7":"product_tag-cortaviento","8":"product_tag-nolk","10":"first","11":"instock","12":"shipping-taxable","13":"purchasable","14":"product-type-variable"},"jetpack_sharing_enabled":true,"_links":{"self":[{"href":"https:\/\/freyawork.cl\/index.php?rest_route=\/wp\/v2\/product\/11169","targetHints":{"allow":["GET"]}}],"collection":[{"href":"https:\/\/freyawork.cl\/index.php?rest_route=\/wp\/v2\/product"}],"about":[{"href":"https:\/\/freyawork.cl\/index.php?rest_route=\/wp\/v2\/types\/product"}],"replies":[{"embeddable":true,"href":"https:\/\/freyawork.cl\/index.php?rest_route=%2Fwp%2Fv2%2Fcomments&post=11169"}],"wp:featuredmedia":[{"embeddable":true,"href":"https:\/\/freyawork.cl\/index.php?rest_route=\/wp\/v2\/media\/11174"}],"wp:attachment":[{"href":"https:\/\/freyawork.cl\/index.php?rest_route=%2Fwp%2Fv2%2Fmedia&parent=11169"}],"wp:term":[{"taxonomy":"product_brand","embeddable":true,"href":"https:\/\/freyawork.cl\/index.php?rest_route=%2Fwp%2Fv2%2Fproduct_brand&post=11169"},{"taxonomy":"product_cat","embeddable":true,"href":"https:\/\/freyawork.cl\/index.php?rest_route=%2Fwp%2Fv2%2Fproduct_cat&post=11169"},{"taxonomy":"product_tag","embeddable":true,"href":"https:\/\/freyawork.cl\/index.php?rest_route=%2Fwp%2Fv2%2Fproduct_tag&post=11169"}],"curies":[{"name":"wp","href":"https:\/\/api.w.org\/{rel}","templated":true}]}}