{"id":11777,"date":"2026-02-02T11:51:46","date_gmt":"2026-02-02T14:51:46","guid":{"rendered":"https:\/\/freyawork.cl\/?post_type=product&#038;p=11777"},"modified":"2026-02-02T12:12:10","modified_gmt":"2026-02-02T15:12:10","slug":"polar-inari-unisex","status":"publish","type":"product","link":"https:\/\/freyawork.cl\/?product=polar-inari-unisex","title":{"rendered":"Polar Inari Unisex"},"content":{"rendered":"<h2>Descripci\u00f3n<\/h2>\n<p>El micropolar t\u00e9rmico Inari, de tela WarmPlush es una prenda esencial para mantenerte abrigado en climas frescos. Con un pr\u00e1ctico medio cierre, permite un ajuste c\u00f3modo y f\u00e1cil de usar. Su dise\u00f1o incluye un bolsillo canguro que proporciona un lugar conveniente para guardar peque\u00f1os objetos o calentar las manos. Adem\u00e1s, cuenta con un tratamiento PeelFree que mantiene la prenda en perfectas condiciones, evitando la formaci\u00f3n de bolitas. Ideal para actividades al aire libre o como una capa adicional de confort en tu d\u00eda a d\u00eda.<\/p>\n","protected":false},"excerpt":{"rendered":"<p>El micropolar t\u00e9rmico Inari, de tela WarmPlush es una prenda esencial para mantenerte abrigado en climas frescos.<\/p>\n<p><strong><span style=\"color: red;\">*Una vez enviada la cotizaci\u00f3n, se le entregar\u00e1 el precio del producto.<\/span><\/strong><\/p>\n","protected":false},"featured_media":11782,"comment_status":"open","ping_status":"closed","template":"","meta":[],"product_brand":[],"product_cat":[64],"product_tag":[239,58],"class_list":{"0":"post-11777","1":"product","2":"type-product","3":"status-publish","4":"has-post-thumbnail","6":"product_cat-chaquetas","7":"product_tag-nolk","8":"product_tag-polar-y-micropolar","10":"first","11":"instock","12":"shipping-taxable","13":"purchasable","14":"product-type-variable"},"jetpack_sharing_enabled":true,"_links":{"self":[{"href":"https:\/\/freyawork.cl\/index.php?rest_route=\/wp\/v2\/product\/11777","targetHints":{"allow":["GET"]}}],"collection":[{"href":"https:\/\/freyawork.cl\/index.php?rest_route=\/wp\/v2\/product"}],"about":[{"href":"https:\/\/freyawork.cl\/index.php?rest_route=\/wp\/v2\/types\/product"}],"replies":[{"embeddable":true,"href":"https:\/\/freyawork.cl\/index.php?rest_route=%2Fwp%2Fv2%2Fcomments&post=11777"}],"wp:featuredmedia":[{"embeddable":true,"href":"https:\/\/freyawork.cl\/index.php?rest_route=\/wp\/v2\/media\/11782"}],"wp:attachment":[{"href":"https:\/\/freyawork.cl\/index.php?rest_route=%2Fwp%2Fv2%2Fmedia&parent=11777"}],"wp:term":[{"taxonomy":"product_brand","embeddable":true,"href":"https:\/\/freyawork.cl\/index.php?rest_route=%2Fwp%2Fv2%2Fproduct_brand&post=11777"},{"taxonomy":"product_cat","embeddable":true,"href":"https:\/\/freyawork.cl\/index.php?rest_route=%2Fwp%2Fv2%2Fproduct_cat&post=11777"},{"taxonomy":"product_tag","embeddable":true,"href":"https:\/\/freyawork.cl\/index.php?rest_route=%2Fwp%2Fv2%2Fproduct_tag&post=11777"}],"curies":[{"name":"wp","href":"https:\/\/api.w.org\/{rel}","templated":true}]}}