{"id":11797,"date":"2026-02-02T11:59:57","date_gmt":"2026-02-02T14:59:57","guid":{"rendered":"https:\/\/freyawork.cl\/?post_type=product&#038;p=11797"},"modified":"2026-02-02T13:02:17","modified_gmt":"2026-02-02T16:02:17","slug":"pantalon-sena-mujer","status":"publish","type":"product","link":"https:\/\/freyawork.cl\/?product=pantalon-sena-mujer","title":{"rendered":"Pantal\u00f3n Sena Mujer"},"content":{"rendered":"<h2>Descripci\u00f3n<\/h2>\n<p>El pantal\u00f3n de alta resistencia Don est\u00e1 dise\u00f1ado con 4-way stretch, ofreciendo una mezcla ideal de durabilidad y confort. Confeccionado a partir de materiales de \u00faltima generaci\u00f3n, es ligero y proporciona una gran libertad de movimiento, mientras que su factor natural UV protege contra la radiaci\u00f3n solar. Equipado con m\u00faltiples bolsillos pr\u00e1cticos, es perfecto para actividades al aire libre o laborales, permitiendo llevar objetos esenciales de forma segura. Vers\u00e1til y funcional, es la opci\u00f3n perfecta para quienes buscan un pantal\u00f3n fiable y c\u00f3modo para su d\u00eda a d\u00eda.<\/p>\n","protected":false},"excerpt":{"rendered":"<p>El pantal\u00f3n de alta resistencia Don est\u00e1 dise\u00f1ado con 4-way stretch, ofreciendo una mezcla ideal de durabilidad y confort.<\/p>\n<p><strong><span style=\"color: red;\">*Una vez enviada la cotizaci\u00f3n, se le entregar\u00e1 el precio del producto.<\/span><\/strong><\/p>\n","protected":false},"featured_media":11801,"comment_status":"open","ping_status":"closed","template":"","meta":[],"product_brand":[],"product_cat":[65],"product_tag":[239],"class_list":{"0":"post-11797","1":"product","2":"type-product","3":"status-publish","4":"has-post-thumbnail","6":"product_cat-pantalones","7":"product_tag-nolk","9":"first","10":"instock","11":"shipping-taxable","12":"purchasable","13":"product-type-variable"},"jetpack_sharing_enabled":true,"_links":{"self":[{"href":"https:\/\/freyawork.cl\/index.php?rest_route=\/wp\/v2\/product\/11797","targetHints":{"allow":["GET"]}}],"collection":[{"href":"https:\/\/freyawork.cl\/index.php?rest_route=\/wp\/v2\/product"}],"about":[{"href":"https:\/\/freyawork.cl\/index.php?rest_route=\/wp\/v2\/types\/product"}],"replies":[{"embeddable":true,"href":"https:\/\/freyawork.cl\/index.php?rest_route=%2Fwp%2Fv2%2Fcomments&post=11797"}],"wp:featuredmedia":[{"embeddable":true,"href":"https:\/\/freyawork.cl\/index.php?rest_route=\/wp\/v2\/media\/11801"}],"wp:attachment":[{"href":"https:\/\/freyawork.cl\/index.php?rest_route=%2Fwp%2Fv2%2Fmedia&parent=11797"}],"wp:term":[{"taxonomy":"product_brand","embeddable":true,"href":"https:\/\/freyawork.cl\/index.php?rest_route=%2Fwp%2Fv2%2Fproduct_brand&post=11797"},{"taxonomy":"product_cat","embeddable":true,"href":"https:\/\/freyawork.cl\/index.php?rest_route=%2Fwp%2Fv2%2Fproduct_cat&post=11797"},{"taxonomy":"product_tag","embeddable":true,"href":"https:\/\/freyawork.cl\/index.php?rest_route=%2Fwp%2Fv2%2Fproduct_tag&post=11797"}],"curies":[{"name":"wp","href":"https:\/\/api.w.org\/{rel}","templated":true}]}}