{"id":11904,"date":"2026-02-03T15:17:25","date_gmt":"2026-02-03T18:17:25","guid":{"rendered":"https:\/\/freyawork.cl\/?post_type=product&#038;p=11904"},"modified":"2026-02-03T15:17:25","modified_gmt":"2026-02-03T18:17:25","slug":"calzado-seguridad-nazca-botin-thor-cafe-pu-200","status":"publish","type":"product","link":"https:\/\/freyawork.cl\/?product=calzado-seguridad-nazca-botin-thor-cafe-pu-200","title":{"rendered":"Calzado Seguridad Nazca Bot\u00edn Thor Caf\u00e9 PU 200"},"content":{"rendered":"<h2>Descripci\u00f3n<\/h2>\n<p>Bot\u00edn Nazca Thor Caf\u00e9 NU 200. Aislante el\u00e9ctrico para tensiones inferiores a 600 volt, Certificaci\u00f3n norma chilena oficial, Cuero Chedron pull up, Fabricaci\u00f3n con inyecci\u00f3n directa al corte, Forro completo en split gamuzado, Numeraci\u00f3n 35 al 46, Planta de poliuretano bidensidad resistente a los derivados de los hidrocarburos, Puntera de acero &#8211; dise\u00f1o W\/H * (alta y ancha), Reflectantes laterales y en tal\u00f3n, Tobillera acolchada con espuma de alta densidad.<\/p>\n","protected":false},"excerpt":{"rendered":"<p>Bot\u00edn de seguridad Nazca Thor color caf\u00e9, fabricado con materiales resistentes. Cuenta con suela PU antideslizante y puntera de acero, ideal para trabajos que requieren m\u00e1xima protecci\u00f3n y comodidad.<\/p>\n","protected":false},"featured_media":11910,"comment_status":"open","ping_status":"closed","template":"","meta":[],"product_brand":[],"product_cat":[97,98],"product_tag":[114],"class_list":{"0":"post-11904","1":"product","2":"type-product","3":"status-publish","4":"has-post-thumbnail","6":"product_cat-calzado","7":"product_cat-hombre","8":"product_tag-botines-hombre","10":"first","11":"instock","12":"shipping-taxable","13":"purchasable","14":"product-type-variable"},"jetpack_sharing_enabled":true,"_links":{"self":[{"href":"https:\/\/freyawork.cl\/index.php?rest_route=\/wp\/v2\/product\/11904","targetHints":{"allow":["GET"]}}],"collection":[{"href":"https:\/\/freyawork.cl\/index.php?rest_route=\/wp\/v2\/product"}],"about":[{"href":"https:\/\/freyawork.cl\/index.php?rest_route=\/wp\/v2\/types\/product"}],"replies":[{"embeddable":true,"href":"https:\/\/freyawork.cl\/index.php?rest_route=%2Fwp%2Fv2%2Fcomments&post=11904"}],"wp:featuredmedia":[{"embeddable":true,"href":"https:\/\/freyawork.cl\/index.php?rest_route=\/wp\/v2\/media\/11910"}],"wp:attachment":[{"href":"https:\/\/freyawork.cl\/index.php?rest_route=%2Fwp%2Fv2%2Fmedia&parent=11904"}],"wp:term":[{"taxonomy":"product_brand","embeddable":true,"href":"https:\/\/freyawork.cl\/index.php?rest_route=%2Fwp%2Fv2%2Fproduct_brand&post=11904"},{"taxonomy":"product_cat","embeddable":true,"href":"https:\/\/freyawork.cl\/index.php?rest_route=%2Fwp%2Fv2%2Fproduct_cat&post=11904"},{"taxonomy":"product_tag","embeddable":true,"href":"https:\/\/freyawork.cl\/index.php?rest_route=%2Fwp%2Fv2%2Fproduct_tag&post=11904"}],"curies":[{"name":"wp","href":"https:\/\/api.w.org\/{rel}","templated":true}]}}