{"id":11923,"date":"2026-02-03T20:08:43","date_gmt":"2026-02-03T23:08:43","guid":{"rendered":"https:\/\/freyawork.cl\/?post_type=product&#038;p=11923"},"modified":"2026-02-03T20:08:51","modified_gmt":"2026-02-03T23:08:51","slug":"calzado-seguridad-nazca-botin-industrial-pu-tpu-300","status":"publish","type":"product","link":"https:\/\/freyawork.cl\/?product=calzado-seguridad-nazca-botin-industrial-pu-tpu-300","title":{"rendered":"Calzado Seguridad Nazca Bot\u00edn Industrial PU\/TPU 300"},"content":{"rendered":"<h2>Descripci\u00f3n<\/h2>\n<p>Botin Nazca Industrial Pu\/Tpu Nt 300. Aislante el\u00e9ctrico para tensiones inferiores a 600 volt, Cambrell\u00f3n de acero templado de dos nervios, Certificaci\u00f3n norma chilena oficial, Contrafuerte termoformado de 1.6 mm de espesor, Cordones secci\u00f3n circular de alta resistencia, Costuras dobles y triples con hilo Nylon T-20 impustrescible, Cuero engrasado color caf\u00e9, Fabricaci\u00f3n con inyecci\u00f3n directa al corte, Forro completo en split gamuzado, Fuelle forrado y acolchado, Pasa cordones y ganchos no met\u00e1licos, Planta bimaterialidad y bidensidad PU\/TPU &#8211; resistente a los, derivados de los hidrocarburos, Plantilla de armar de material no tejido, Plantilla interior intercambiable &#8211; Soft Clasic &#8211; PI 101, Puntera de acero &#8211; dise\u00f1o W\/H * (alta y ancha) Tobillera acolchada<\/p>\n","protected":false},"excerpt":{"rendered":"<p>Bot\u00edn industrial de seguridad modelo Nazca NT 300, fabricado con materiales resistentes. Suela PU\/TPU antideslizante, dise\u00f1o ergon\u00f3mico y protecci\u00f3n \u00f3ptima para trabajos exigentes.<\/p>\n","protected":false},"featured_media":11929,"comment_status":"open","ping_status":"closed","template":"","meta":[],"product_brand":[],"product_cat":[97,98],"product_tag":[114],"class_list":{"0":"post-11923","1":"product","2":"type-product","3":"status-publish","4":"has-post-thumbnail","6":"product_cat-calzado","7":"product_cat-hombre","8":"product_tag-botines-hombre","10":"first","11":"instock","12":"shipping-taxable","13":"purchasable","14":"product-type-variable"},"jetpack_sharing_enabled":true,"_links":{"self":[{"href":"https:\/\/freyawork.cl\/index.php?rest_route=\/wp\/v2\/product\/11923","targetHints":{"allow":["GET"]}}],"collection":[{"href":"https:\/\/freyawork.cl\/index.php?rest_route=\/wp\/v2\/product"}],"about":[{"href":"https:\/\/freyawork.cl\/index.php?rest_route=\/wp\/v2\/types\/product"}],"replies":[{"embeddable":true,"href":"https:\/\/freyawork.cl\/index.php?rest_route=%2Fwp%2Fv2%2Fcomments&post=11923"}],"wp:featuredmedia":[{"embeddable":true,"href":"https:\/\/freyawork.cl\/index.php?rest_route=\/wp\/v2\/media\/11929"}],"wp:attachment":[{"href":"https:\/\/freyawork.cl\/index.php?rest_route=%2Fwp%2Fv2%2Fmedia&parent=11923"}],"wp:term":[{"taxonomy":"product_brand","embeddable":true,"href":"https:\/\/freyawork.cl\/index.php?rest_route=%2Fwp%2Fv2%2Fproduct_brand&post=11923"},{"taxonomy":"product_cat","embeddable":true,"href":"https:\/\/freyawork.cl\/index.php?rest_route=%2Fwp%2Fv2%2Fproduct_cat&post=11923"},{"taxonomy":"product_tag","embeddable":true,"href":"https:\/\/freyawork.cl\/index.php?rest_route=%2Fwp%2Fv2%2Fproduct_tag&post=11923"}],"curies":[{"name":"wp","href":"https:\/\/api.w.org\/{rel}","templated":true}]}}