{"id":11942,"date":"2026-02-05T12:48:57","date_gmt":"2026-02-05T15:48:57","guid":{"rendered":"https:\/\/freyawork.cl\/?post_type=product&#038;p=11942"},"modified":"2026-02-05T13:00:38","modified_gmt":"2026-02-05T16:00:38","slug":"calzado-seguridad-nazca-botin-aconcagua-p-acero-585","status":"publish","type":"product","link":"https:\/\/freyawork.cl\/?product=calzado-seguridad-nazca-botin-aconcagua-p-acero-585","title":{"rendered":"Calzado Seguridad Nazca Bot\u00edn Aconcagua P\/Acero 585"},"content":{"rendered":"<h2>Descripci\u00f3n<\/h2>\n<p>Bot\u00edn Nazca Aconcagua P\/ACERO NC 585. Aislante el\u00e9ctrico para tensiones inferiores a 600 volt, Cambrell\u00f3n de acero templado de dos nervios, Certificaci\u00f3n norma chilena oficial, Contrafuerte termoformado de 1.6 mm de espesor, Cordones secci\u00f3n circular de alta resistencia, Costuras dobles y triples con hilo Nylon T-20 impustrescible, Cuero engrasado color caf\u00e9, Entreplantilla de acero seg\u00fan norma chilena, Fabricaci\u00f3n cementado &#8211; cosido ,Forro &#8211; punta y tal\u00f3n en descarne gamuzado, Fuelle forrado y acolchado, Ojetillos de perforaci\u00f3n directa al corte, Planta de caucho con Acrilo Nitrilo de alto espesor resistente a los derivados de los hidrocarburo,Plantilla de armar conglomerado de celulosa y l\u00e1tex, Plantilla interior intercambiable &#8211; Soft Clasic &#8211; PI 101, Puntera de acero &#8211; dise\u00f1o W\/H * (alta y ancha), tobillera acolchada con espuma de alta densidad talon reforzado<\/p>\n","protected":false},"excerpt":{"rendered":"<p>Bot\u00edn de seguridad Nazca Aconcagua con puntera de acero, modelo NC 585. Dise\u00f1o resistente y c\u00f3modo, ideal para protecci\u00f3n laboral.<\/p>\n","protected":false},"featured_media":11948,"comment_status":"open","ping_status":"closed","template":"","meta":[],"product_brand":[],"product_cat":[97,98],"product_tag":[114],"class_list":{"0":"post-11942","1":"product","2":"type-product","3":"status-publish","4":"has-post-thumbnail","6":"product_cat-calzado","7":"product_cat-hombre","8":"product_tag-botines-hombre","10":"first","11":"instock","12":"shipping-taxable","13":"purchasable","14":"product-type-variable"},"jetpack_sharing_enabled":true,"_links":{"self":[{"href":"https:\/\/freyawork.cl\/index.php?rest_route=\/wp\/v2\/product\/11942","targetHints":{"allow":["GET"]}}],"collection":[{"href":"https:\/\/freyawork.cl\/index.php?rest_route=\/wp\/v2\/product"}],"about":[{"href":"https:\/\/freyawork.cl\/index.php?rest_route=\/wp\/v2\/types\/product"}],"replies":[{"embeddable":true,"href":"https:\/\/freyawork.cl\/index.php?rest_route=%2Fwp%2Fv2%2Fcomments&post=11942"}],"wp:featuredmedia":[{"embeddable":true,"href":"https:\/\/freyawork.cl\/index.php?rest_route=\/wp\/v2\/media\/11948"}],"wp:attachment":[{"href":"https:\/\/freyawork.cl\/index.php?rest_route=%2Fwp%2Fv2%2Fmedia&parent=11942"}],"wp:term":[{"taxonomy":"product_brand","embeddable":true,"href":"https:\/\/freyawork.cl\/index.php?rest_route=%2Fwp%2Fv2%2Fproduct_brand&post=11942"},{"taxonomy":"product_cat","embeddable":true,"href":"https:\/\/freyawork.cl\/index.php?rest_route=%2Fwp%2Fv2%2Fproduct_cat&post=11942"},{"taxonomy":"product_tag","embeddable":true,"href":"https:\/\/freyawork.cl\/index.php?rest_route=%2Fwp%2Fv2%2Fproduct_tag&post=11942"}],"curies":[{"name":"wp","href":"https:\/\/api.w.org\/{rel}","templated":true}]}}