{"id":11959,"date":"2026-02-05T13:02:08","date_gmt":"2026-02-05T16:02:08","guid":{"rendered":"https:\/\/freyawork.cl\/?post_type=product&#038;p=11959"},"modified":"2026-02-05T13:02:09","modified_gmt":"2026-02-05T16:02:09","slug":"calzado-seguridad-nazca-botin-roble-308","status":"publish","type":"product","link":"https:\/\/freyawork.cl\/?product=calzado-seguridad-nazca-botin-roble-308","title":{"rendered":"Calzado Seguridad Nazca Bot\u00edn Roble 308"},"content":{"rendered":"<h2>Descripci\u00f3n<\/h2>\n<p>Bot\u00edn Nazca Roble P\/Acero NU 308. Aislante el\u00e9ctrico para tensiones inferiores a 600 volt, Cambrell\u00f3n de acero templado de dos nervios, Certificaci\u00f3n norma chilena oficial, Contrafuerte termoformado de 1.6 mm de espesor, Cordones secci\u00f3n circular de alta resistencia, Costuras dobles y triples con hilo Nylon T-20 impustrescible, Cuero engrasado color caf\u00e9 Entreplantilla de acero seg\u00fan norma chilena, Fabricaci\u00f3n con inyecci\u00f3n directa al corte, Forro completo en split gamuzado Fuelle integrado Ojetillos &#8211; pasa cordones y ganchos no met\u00e1licos Planta de poliuretano bidensidad resistente a los derivados de los hidrocarburos Plantilla de armar de material no tejido Plantilla interior intercambiable &#8211; Soft Clasic &#8211; PI 101 Puntera de acero &#8211; dise\u00f1o W\/H * (alta y ancha) Tobillera acolchada con espuma de alta densidad Tal\u00f3n reforzado<\/p>\n","protected":false},"excerpt":{"rendered":"<div class=\"quick-panel-scroll-container-9xsGqF\" data-draggable=\"false\">\n<div class=\"quick-panel-content-wrapper-w7RzTX\">\n<div class=\"quick-panel-content-Yn03dh markdown-font-size-provider-3KSWBx\">\n<div class=\"content-box-5M8Vt2 content-box-YZpZM2\">\n<div class=\"markdown-SpwdOz __markdown\" dir=\"auto\">\n<p>Bot\u00edn de seguridad Nazca modelo Roble PU NU 308, dise\u00f1ado para m\u00e1xima protecci\u00f3n y comodidad. Fabricado con materiales resistentes, suela antideslizante y puntera de seguridad. Ideal para trabajos exigentes.<\/p>\n<\/div>\n<div><\/div>\n<\/div>\n<\/div>\n<div class=\"gpt4-ads-vWIu-z\"><\/div>\n<\/div>\n<\/div>\n<div class=\"writing-toolbar-JBq8Up\" data-draggable=\"false\">\n<div class=\"wrapper-qRj2yx\"><\/div>\n<\/div>\n","protected":false},"featured_media":11965,"comment_status":"open","ping_status":"closed","template":"","meta":[],"product_brand":[],"product_cat":[97,98],"product_tag":[114],"class_list":{"0":"post-11959","1":"product","2":"type-product","3":"status-publish","4":"has-post-thumbnail","6":"product_cat-calzado","7":"product_cat-hombre","8":"product_tag-botines-hombre","10":"first","11":"instock","12":"shipping-taxable","13":"purchasable","14":"product-type-variable"},"jetpack_sharing_enabled":true,"_links":{"self":[{"href":"https:\/\/freyawork.cl\/index.php?rest_route=\/wp\/v2\/product\/11959","targetHints":{"allow":["GET"]}}],"collection":[{"href":"https:\/\/freyawork.cl\/index.php?rest_route=\/wp\/v2\/product"}],"about":[{"href":"https:\/\/freyawork.cl\/index.php?rest_route=\/wp\/v2\/types\/product"}],"replies":[{"embeddable":true,"href":"https:\/\/freyawork.cl\/index.php?rest_route=%2Fwp%2Fv2%2Fcomments&post=11959"}],"wp:featuredmedia":[{"embeddable":true,"href":"https:\/\/freyawork.cl\/index.php?rest_route=\/wp\/v2\/media\/11965"}],"wp:attachment":[{"href":"https:\/\/freyawork.cl\/index.php?rest_route=%2Fwp%2Fv2%2Fmedia&parent=11959"}],"wp:term":[{"taxonomy":"product_brand","embeddable":true,"href":"https:\/\/freyawork.cl\/index.php?rest_route=%2Fwp%2Fv2%2Fproduct_brand&post=11959"},{"taxonomy":"product_cat","embeddable":true,"href":"https:\/\/freyawork.cl\/index.php?rest_route=%2Fwp%2Fv2%2Fproduct_cat&post=11959"},{"taxonomy":"product_tag","embeddable":true,"href":"https:\/\/freyawork.cl\/index.php?rest_route=%2Fwp%2Fv2%2Fproduct_tag&post=11959"}],"curies":[{"name":"wp","href":"https:\/\/api.w.org\/{rel}","templated":true}]}}