{"id":1224,"date":"2025-12-19T14:05:05","date_gmt":"2025-12-19T13:05:05","guid":{"rendered":"https:\/\/freyawork.cl\/?post_type=product&#038;p=1224"},"modified":"2026-01-16T12:15:13","modified_gmt":"2026-01-16T15:15:13","slug":"parka-termica-hi-vis-clase-2-mujer","status":"publish","type":"product","link":"https:\/\/freyawork.cl\/?product=parka-termica-hi-vis-clase-2-mujer","title":{"rendered":"Parka T\u00e9rmica Hi-Vis Clase 2 Mujer"},"content":{"rendered":"<h2>Descripci\u00f3n<\/h2>\n<p>Confeccionada con costuras selladas y fabricada con materiales impermeables, esta parka te mantendr\u00e1 seca y abrigada en cualquier clima adverso. Dise\u00f1ada espec\u00edficamente para mujeres, ofrece un ajuste elegante y c\u00f3modo, sin comprometer la funcionalidad. Adem\u00e1s, cuenta con cintas reflectivas que aumentan tu visibilidad en condiciones de poca luz, garantizando tu seguridad en entornos de trabajo o al aire libre. Ya sea en el trabajo o en tus aventuras al aire libre, nuestra Parka T\u00e9rmica de Alta Visibilidad para Mujer es la elecci\u00f3n perfecta para mantenerte protegida, c\u00e1lida y visible en todo momento.<\/p>\n","protected":false},"excerpt":{"rendered":"<p>\u00a1Prot\u00e9gete del fr\u00edo y la lluvia con estilo y seguridad con nuestra Parka T\u00e9rmica de Alta Visibilidad para Mujer!<\/p>\n","protected":false},"featured_media":1232,"comment_status":"open","ping_status":"closed","template":"","meta":[],"product_brand":[],"product_cat":[64,63],"product_tag":[60],"class_list":{"0":"post-1224","1":"product","2":"type-product","3":"status-publish","4":"has-post-thumbnail","6":"product_cat-chaquetas","7":"product_cat-ropa-corporativa","8":"product_tag-termica","10":"first","11":"instock","12":"shipping-taxable","13":"purchasable","14":"product-type-variable"},"jetpack_sharing_enabled":true,"_links":{"self":[{"href":"https:\/\/freyawork.cl\/index.php?rest_route=\/wp\/v2\/product\/1224","targetHints":{"allow":["GET"]}}],"collection":[{"href":"https:\/\/freyawork.cl\/index.php?rest_route=\/wp\/v2\/product"}],"about":[{"href":"https:\/\/freyawork.cl\/index.php?rest_route=\/wp\/v2\/types\/product"}],"replies":[{"embeddable":true,"href":"https:\/\/freyawork.cl\/index.php?rest_route=%2Fwp%2Fv2%2Fcomments&post=1224"}],"wp:featuredmedia":[{"embeddable":true,"href":"https:\/\/freyawork.cl\/index.php?rest_route=\/wp\/v2\/media\/1232"}],"wp:attachment":[{"href":"https:\/\/freyawork.cl\/index.php?rest_route=%2Fwp%2Fv2%2Fmedia&parent=1224"}],"wp:term":[{"taxonomy":"product_brand","embeddable":true,"href":"https:\/\/freyawork.cl\/index.php?rest_route=%2Fwp%2Fv2%2Fproduct_brand&post=1224"},{"taxonomy":"product_cat","embeddable":true,"href":"https:\/\/freyawork.cl\/index.php?rest_route=%2Fwp%2Fv2%2Fproduct_cat&post=1224"},{"taxonomy":"product_tag","embeddable":true,"href":"https:\/\/freyawork.cl\/index.php?rest_route=%2Fwp%2Fv2%2Fproduct_tag&post=1224"}],"curies":[{"name":"wp","href":"https:\/\/api.w.org\/{rel}","templated":true}]}}