{"id":1326,"date":"2025-12-19T15:48:38","date_gmt":"2025-12-19T14:48:38","guid":{"rendered":"https:\/\/freyawork.cl\/?post_type=product&#038;p=1326"},"modified":"2026-01-07T00:46:25","modified_gmt":"2026-01-06T23:46:25","slug":"parka-termica-hi-vis-clase-3-manga-larga-mujer","status":"publish","type":"product","link":"https:\/\/freyawork.cl\/?product=parka-termica-hi-vis-clase-3-manga-larga-mujer","title":{"rendered":"Parka T\u00e9rmica Hi-Vis Clase 3 Manga Larga Mujer"},"content":{"rendered":"<h2>Descripci\u00f3n<\/h2>\n<p>Dise\u00f1ada para brindarte comodidad y seguridad en condiciones clim\u00e1ticas adversas, esta parka cuenta con costuras selladas y es completamente impermeable, manteni\u00e9ndote seca incluso en los d\u00edas m\u00e1s lluviosos. Su dise\u00f1o de alta visibilidad y cintas reflectivas te aseguran ser visible en todo momento, tanto de d\u00eda como de noche, mientras que su interior t\u00e9rmico te mantiene abrigada en temperaturas fr\u00edas. Ya sea que trabajes en exteriores, en obras de construcci\u00f3n, en carreteras o en cualquier otro entorno de alto riesgo, nuestra Parka T\u00e9rmica de Alta Visibilidad Clase 3 para Mujer es la opci\u00f3n ideal para tu seguridad y confort. \u00a1No te arriesgues, elige calidad y visibilidad con nuestra parka!<\/p>\n","protected":false},"excerpt":{"rendered":"<div id=\"product-description-short-947\" class=\"product-description-short mb-3 truncate_block st_showless_block_0 truncate_cate_desc_2\">\n<div class=\"st_read_more_box\">\u00a1Prot\u00e9gete del fr\u00edo y mant\u00e9n tu visibilidad en cualquier entorno con nuestra Parka T\u00e9rmica de Alta Visibilidad Clase 3 para Mujer!<\/div>\n<\/div>\n<div class=\"steasy_divider between_short_and_price\"><\/div>\n","protected":false},"featured_media":1327,"comment_status":"open","ping_status":"closed","template":"","meta":[],"product_brand":[],"product_cat":[64,63],"product_tag":[57,60],"class_list":{"0":"post-1326","1":"product","2":"type-product","3":"status-publish","4":"has-post-thumbnail","6":"product_cat-chaquetas","7":"product_cat-ropa-corporativa","8":"product_tag-impermeable","9":"product_tag-termica","11":"first","12":"instock","13":"shipping-taxable","14":"purchasable","15":"product-type-variable"},"jetpack_sharing_enabled":true,"_links":{"self":[{"href":"https:\/\/freyawork.cl\/index.php?rest_route=\/wp\/v2\/product\/1326","targetHints":{"allow":["GET"]}}],"collection":[{"href":"https:\/\/freyawork.cl\/index.php?rest_route=\/wp\/v2\/product"}],"about":[{"href":"https:\/\/freyawork.cl\/index.php?rest_route=\/wp\/v2\/types\/product"}],"replies":[{"embeddable":true,"href":"https:\/\/freyawork.cl\/index.php?rest_route=%2Fwp%2Fv2%2Fcomments&post=1326"}],"wp:featuredmedia":[{"embeddable":true,"href":"https:\/\/freyawork.cl\/index.php?rest_route=\/wp\/v2\/media\/1327"}],"wp:attachment":[{"href":"https:\/\/freyawork.cl\/index.php?rest_route=%2Fwp%2Fv2%2Fmedia&parent=1326"}],"wp:term":[{"taxonomy":"product_brand","embeddable":true,"href":"https:\/\/freyawork.cl\/index.php?rest_route=%2Fwp%2Fv2%2Fproduct_brand&post=1326"},{"taxonomy":"product_cat","embeddable":true,"href":"https:\/\/freyawork.cl\/index.php?rest_route=%2Fwp%2Fv2%2Fproduct_cat&post=1326"},{"taxonomy":"product_tag","embeddable":true,"href":"https:\/\/freyawork.cl\/index.php?rest_route=%2Fwp%2Fv2%2Fproduct_tag&post=1326"}],"curies":[{"name":"wp","href":"https:\/\/api.w.org\/{rel}","templated":true}]}}