{"id":1430,"date":"2025-12-19T16:44:13","date_gmt":"2025-12-19T15:44:13","guid":{"rendered":"https:\/\/freyawork.cl\/?post_type=product&#038;p=1430"},"modified":"2026-01-06T22:13:56","modified_gmt":"2026-01-06T21:13:56","slug":"parka-ralco-softshell-termica-manga-larga-mujer","status":"publish","type":"product","link":"https:\/\/freyawork.cl\/?product=parka-ralco-softshell-termica-manga-larga-mujer","title":{"rendered":"Parka Ralco Softshell T\u00e9rmica Manga Larga Mujer"},"content":{"rendered":"<h2>Descripci\u00f3n<\/h2>\n<p>Sum\u00e9rgete en el confort y el rendimiento excepcional con la Parka Ralco Softshell, una prenda que fusiona estilo y funcionalidad para aquellos que buscan enfrentar cada desaf\u00edo con confianza. Dise\u00f1ada con caracter\u00edsticas avanzadas, esta parka es m\u00e1s que una prenda; es tu aliada para explorar el mundo con elegancia.<\/p>\n<p>La repelencia al agua de la Parka Ralco Softshell te protege de las inclemencias del tiempo, asegurando que enfrentes la lluvia con confianza y comodidad. Su capacidad t\u00e9rmica a\u00f1ade una capa de calidez reconfortante, ideal para enfrentar temperaturas m\u00e1s frescas sin comprometer la movilidad.<\/p>\n<p>La transpirabilidad de esta parka garantiza que te mantengas fresco y c\u00f3modo durante todas tus actividades diarias. Ya sea en una caminata al aire libre o en tu rutina urbana, la Parka Ralco Softshell se adapta a tu ritmo de vida activo.<\/p>\n<p>Los detalles reflectivos no solo a\u00f1aden un toque moderno a tu estilo, sino que tambi\u00e9n mejoran tu visibilidad en condiciones de poca luz, proporcion\u00e1ndote seguridad adicional en tus traves\u00edas nocturnas. La Parka Ralco Softshell no solo te protege, sino que tambi\u00e9n te ayuda a destacar en cualquier entorno.<\/p>\n","protected":false},"excerpt":{"rendered":"<p>Explora el mundo con estilo y funcionalidad, tu elecci\u00f3n para enfrentar cada desaf\u00edo con confianza y elegancia.<\/p>\n<div class=\"steasy_divider between_short_and_price\"><\/div>\n","protected":false},"featured_media":1434,"comment_status":"open","ping_status":"closed","template":"","meta":[],"product_brand":[],"product_cat":[64,63],"product_tag":[59,60],"class_list":{"0":"post-1430","1":"product","2":"type-product","3":"status-publish","4":"has-post-thumbnail","6":"product_cat-chaquetas","7":"product_cat-ropa-corporativa","8":"product_tag-softshell","9":"product_tag-termica","11":"first","12":"instock","13":"shipping-taxable","14":"purchasable","15":"product-type-variable"},"jetpack_sharing_enabled":true,"_links":{"self":[{"href":"https:\/\/freyawork.cl\/index.php?rest_route=\/wp\/v2\/product\/1430","targetHints":{"allow":["GET"]}}],"collection":[{"href":"https:\/\/freyawork.cl\/index.php?rest_route=\/wp\/v2\/product"}],"about":[{"href":"https:\/\/freyawork.cl\/index.php?rest_route=\/wp\/v2\/types\/product"}],"replies":[{"embeddable":true,"href":"https:\/\/freyawork.cl\/index.php?rest_route=%2Fwp%2Fv2%2Fcomments&post=1430"}],"wp:featuredmedia":[{"embeddable":true,"href":"https:\/\/freyawork.cl\/index.php?rest_route=\/wp\/v2\/media\/1434"}],"wp:attachment":[{"href":"https:\/\/freyawork.cl\/index.php?rest_route=%2Fwp%2Fv2%2Fmedia&parent=1430"}],"wp:term":[{"taxonomy":"product_brand","embeddable":true,"href":"https:\/\/freyawork.cl\/index.php?rest_route=%2Fwp%2Fv2%2Fproduct_brand&post=1430"},{"taxonomy":"product_cat","embeddable":true,"href":"https:\/\/freyawork.cl\/index.php?rest_route=%2Fwp%2Fv2%2Fproduct_cat&post=1430"},{"taxonomy":"product_tag","embeddable":true,"href":"https:\/\/freyawork.cl\/index.php?rest_route=%2Fwp%2Fv2%2Fproduct_tag&post=1430"}],"curies":[{"name":"wp","href":"https:\/\/api.w.org\/{rel}","templated":true}]}}