{"id":1444,"date":"2025-12-19T16:53:39","date_gmt":"2025-12-19T15:53:39","guid":{"rendered":"https:\/\/freyawork.cl\/?post_type=product&#038;p=1444"},"modified":"2026-01-06T21:32:53","modified_gmt":"2026-01-06T20:32:53","slug":"micropolar-outwork-manga-larga-hombre","status":"publish","type":"product","link":"https:\/\/freyawork.cl\/?product=micropolar-outwork-manga-larga-hombre","title":{"rendered":"Micropolar Outwork Manga Larga Hombre"},"content":{"rendered":"<h2>Descripci\u00f3n<\/h2>\n<div id=\"description\" class=\"tab-pane active st_open \" role=\"tabpanel\">\n<div class=\"tab-pane-body\">\n<div class=\"product-description mt-3\">\n<div class=\"product_description_container style_content truncate_block st_showless_block_0 truncate_cate_desc_0\">\n<div class=\"st_read_more_box\">\n<p>\u00a1Descubre el Micropolar Outwork de Manga Larga, dise\u00f1ado para ser tu aliado confiable en cualquier entorno, manteni\u00e9ndote abrigado, c\u00f3modo y protegido! Con la calidad Outwork, este micropolar est\u00e1 dise\u00f1ado para resistir las demandas del uso diario y las actividades al aire libre. Su caracter\u00edstica antipilling asegura que se mantenga suave y con un aspecto impecable, evitando la formaci\u00f3n de bolitas en la tela incluso despu\u00e9s de m\u00faltiples lavados. La solidez de color garantiza que este micropolar conserve su apariencia vibrante lavado tras lavado, manteniendo su frescura y color original por mucho tiempo. Su excelente estabilidad dimensional asegura que conserve su forma original, proporcion\u00e1ndote un ajuste c\u00f3modo y perfecto cada vez que lo uses. Adem\u00e1s de proporcionar calidez en condiciones frescas, este micropolar es t\u00e9rmico y repelente al agua, ofreci\u00e9ndote protecci\u00f3n contra las inclemencias del clima y manteni\u00e9ndote seco y confortable en condiciones variables.<\/p>\n<\/div>\n<\/div>\n<\/div>\n<\/div>\n<\/div>\n<div id=\"product-details\" class=\"tab-pane \" role=\"tabpanel\" data-product=\"{&quot;id_shop_default&quot;:1,&quot;id_manufacturer&quot;:10,&quot;id_supplier&quot;:0,&quot;reference&quot;:&quot;03259&quot;,&quot;is_virtual&quot;:&quot;0&quot;,&quot;delivery_in_stock&quot;:&quot;&quot;,&quot;delivery_out_stock&quot;:&quot;&quot;,&quot;id_category_default&quot;:18,&quot;on_sale&quot;:&quot;0&quot;,&quot;online_only&quot;:&quot;0&quot;,&quot;ecotax&quot;:0,&quot;minimal_quantity&quot;:1,&quot;low_stock_threshold&quot;:0,&quot;low_stock_alert&quot;:&quot;0&quot;,&quot;price&quot;:&quot;$\\u00a00&quot;,&quot;unity&quot;:&quot;&quot;,&quot;unit_price&quot;:&quot;&quot;,&quot;unit_price_ratio&quot;:0,&quot;additional_shipping_cost&quot;:&quot;0.000000&quot;,&quot;customizable&quot;:0,&quot;text_fields&quot;:0,&quot;uploadable_files&quot;:0,&quot;active&quot;:&quot;1&quot;,&quot;redirect_type&quot;:&quot;301-category&quot;,&quot;id_type_redirected&quot;:0,&quot;available_for_order&quot;:&quot;1&quot;,&quot;available_date&quot;:&quot;2024-06-17&quot;,&quot;show_condition&quot;:&quot;0&quot;,&quot;condition&quot;:&quot;new&quot;,&quot;show_price&quot;:&quot;1&quot;,&quot;indexed&quot;:&quot;1&quot;,&quot;visibility&quot;:&quot;both&quot;,&quot;cache_default_attribute&quot;:20057,&quot;advanced_stock_management&quot;:&quot;0&quot;,&quot;date_add&quot;:&quot;2024-01-16 13:35:02&quot;,&quot;date_upd&quot;:&quot;2025-02-17 13:27:22&quot;,&quot;pack_stock_type&quot;:0,&quot;meta_description&quot;:&quot;&quot;,&quot;meta_keywords&quot;:&quot;&quot;,&quot;meta_title&quot;:&quot;&quot;,&quot;link_rewrite&quot;:&quot;micropolar-outwork-hombre-ml&quot;,&quot;name&quot;:&quot;Micropolar Outwork Manga Larga Hombre&quot;,&quot;description&quot;:&quot;&lt;p style=\\&quot;text-align: justify;\\&quot;&gt;\\u00a1Descubre el Micropolar Outwork de Manga Larga, dise\\u00f1ado para ser tu aliado confiable en cualquier entorno, manteni\\u00e9ndote abrigado, c\\u00f3modo y protegido! Con la calidad Outwork, este micropolar est\\u00e1 dise\\u00f1ado para resistir las demandas del uso diario y las actividades al aire libre. Su caracter\\u00edstica antipilling asegura que se mantenga suave y con un aspecto impecable, evitando la formaci\\u00f3n de bolitas en la tela incluso despu\\u00e9s de m\\u00faltiples lavados. La solidez de color garantiza que este micropolar conserve su apariencia vibrante lavado tras lavado, manteniendo su frescura y color original por mucho tiempo. Su excelente estabilidad dimensional asegura que conserve su forma original, proporcion\\u00e1ndote un ajuste c\\u00f3modo y perfecto cada vez que lo uses. Adem\\u00e1s de proporcionar calidez en condiciones frescas, este micropolar es t\\u00e9rmico y repelente al agua, ofreci\\u00e9ndote protecci\\u00f3n contra las inclemencias del clima y manteni\\u00e9ndote seco y confortable en condiciones variables.&lt;\\\/p&gt;&quot;,&quot;description_short&quot;:&quot;&lt;p&gt;&lt;span style=\\&quot;color: #374151; font-family: 'S\\u00f6hne', 'ui-sans-serif', 'system-ui', '-apple-system', 'Segoe UI', Roboto, Ubuntu, Cantarell, 'Noto Sans', sans-serif, 'Helvetica Neue', Arial, 'Apple Color Emoji', 'Segoe UI Emoji', 'Segoe UI Symbol', 'Noto Color Emoji'; font-size: 16px;\\&quot;&gt;Micropolar Outwork Manga Larga: Ideal para desaf\\u00edos, ya sea trabajando en exteriores o disfrutando de actividades al aire libre.&lt;\\\/span&gt;&lt;\\\/p&gt;&quot;,&quot;available_now&quot;:&quot;&quot;,&quot;available_later&quot;:&quot;&quot;,&quot;id&quot;:788,&quot;id_product&quot;:788,&quot;out_of_stock&quot;:2,&quot;new&quot;:0,&quot;id_product_attribute&quot;:20057,&quot;quantity_wanted&quot;:1,&quot;extraContent&quot;:[{&quot;title&quot;:null,&quot;content&quot;:[{&quot;id_st_sticker&quot;:8,&quot;type&quot;:0,&quot;text_color&quot;:&quot;#000000&quot;,&quot;bg_color&quot;:&quot;&quot;,&quot;border_color&quot;:&quot;&quot;,&quot;border_width&quot;:0,&quot;border_radius&quot;:0,&quot;bg_opacity&quot;:1,&quot;text_width&quot;:0,&quot;text_height&quot;:0,&quot;sticker_position&quot;:13,&quot;active&quot;:1,&quot;hide_on_mobile&quot;:0,&quot;offset_x&quot;:-10,&quot;offset_y&quot;:10,&quot;font_size&quot;:0,&quot;text_font&quot;:&quot;&quot;,&quot;text_font_weight&quot;:&quot;700&quot;,&quot;position&quot;:0,&quot;id_lang&quot;:1,&quot;name&quot;:&quot;Neto en precios&quot;,&quot;text&quot;:&quot;(Neto)&quot;,&quot;image_multi_lang&quot;:&quot;&quot;,&quot;image_lang_default&quot;:&quot;&quot;,&quot;width&quot;:0,&quot;height&quot;:0}],&quot;attr&quot;:{&quot;id&quot;:&quot;&quot;,&quot;class&quot;:&quot;&quot;},&quot;moduleName&quot;:&quot;ststickers&quot;},{&quot;title&quot;:null,&quot;content&quot;:{&quot;videos&quot;:[],&quot;size_charts&quot;:[]},&quot;attr&quot;:{&quot;id&quot;:&quot;&quot;,&quot;class&quot;:&quot;&quot;},&quot;moduleName&quot;:&quot;stvideo&quot;}],&quot;allow_oosp&quot;:0,&quot;category&quot;:&quot;micropolar&quot;,&quot;category_name&quot;:&quot;Polar y Micropolar&quot;,&quot;link&quot;:&quot;https:\\\/\\\/texora.cl\\\/micropolar\\\/788-micropolar-outwork-hombre-ml.html&quot;,&quot;manufacturer_name&quot;:&quot;Outwork&quot;,&quot;attribute_price&quot;:0,&quot;price_tax_exc&quot;:0,&quot;price_without_reduction&quot;:0,&quot;reduction&quot;:0,&quot;specific_prices&quot;:{&quot;id_specific_price&quot;:108775,&quot;id_specific_price_rule&quot;:0,&quot;id_cart&quot;:0,&quot;id_product&quot;:0,&quot;id_shop&quot;:1,&quot;id_shop_group&quot;:0,&quot;id_currency&quot;:0,&quot;id_country&quot;:0,&quot;id_group&quot;:0,&quot;id_customer&quot;:0,&quot;id_product_attribute&quot;:0,&quot;price&quot;:0,&quot;from_quantity&quot;:0,&quot;reduction&quot;:&quot;0.000000&quot;,&quot;reduction_tax&quot;:1,&quot;reduction_type&quot;:&quot;amount&quot;,&quot;from&quot;:&quot;0000-00-00 00:00:00&quot;,&quot;to&quot;:&quot;0000-00-00 00:00:00&quot;,&quot;estado&quot;:1,&quot;date_sinc&quot;:&quot;2024-01-19&quot;,&quot;score&quot;:34},&quot;quantity&quot;:153,&quot;quantity_all_versions&quot;:2718,&quot;id_image&quot;:&quot;es-default&quot;,&quot;features&quot;:[{&quot;name&quot;:&quot;Composici\\u00f3n&quot;,&quot;value&quot;:&quot;100% Poli\\u00e9ster&quot;,&quot;id_feature&quot;:1,&quot;position&quot;:0,&quot;id_feature_value&quot;:98},{&quot;name&quot;:&quot;Gramaje&quot;,&quot;value&quot;:&quot;290 gramos&quot;,&quot;id_feature&quot;:7,&quot;position&quot;:5,&quot;id_feature_value&quot;:1793},{&quot;name&quot;:&quot;G\\u00e9nero&quot;,&quot;value&quot;:&quot;Hombre&quot;,&quot;id_feature&quot;:8,&quot;position&quot;:6,&quot;id_feature_value&quot;:52},{&quot;name&quot;:&quot;Tela&quot;,&quot;value&quot;:&quot;Micropolar, Microfibra&quot;,&quot;id_feature&quot;:10,&quot;position&quot;:8,&quot;id_feature_value&quot;:19228},{&quot;name&quot;:&quot;Atributos&quot;,&quot;value&quot;:&quot;Repelente al agua&quot;,&quot;id_feature&quot;:11,&quot;position&quot;:9,&quot;id_feature_value&quot;:35},{&quot;name&quot;:&quot;Atributos&quot;,&quot;value&quot;:&quot;T\\u00e9rmico&quot;,&quot;id_feature&quot;:11,&quot;position&quot;:9,&quot;id_feature_value&quot;:44},{&quot;name&quot;:&quot;Atributos&quot;,&quot;value&quot;:&quot;Antipilling&quot;,&quot;id_feature&quot;:11,&quot;position&quot;:9,&quot;id_feature_value&quot;:49},{&quot;name&quot;:&quot;Atributos&quot;,&quot;value&quot;:&quot;Solidez de Color &quot;,&quot;id_feature&quot;:11,&quot;position&quot;:9,&quot;id_feature_value&quot;:89},{&quot;name&quot;:&quot;Atributos&quot;,&quot;value&quot;:&quot;Estabilidad Dimensional &quot;,&quot;id_feature&quot;:11,&quot;position&quot;:9,&quot;id_feature_value&quot;:617},{&quot;name&quot;:&quot;Tipo de manga&quot;,&quot;value&quot;:&quot;Manga Larga&quot;,&quot;id_feature&quot;:13,&quot;position&quot;:12,&quot;id_feature_value&quot;:1764}],&quot;attachments&quot;:[{&quot;id_product&quot;:788,&quot;id_attachment&quot;:167,&quot;file&quot;:&quot;29d97c4ffd8ff3f565d6b1c6cc89257ecad2effc&quot;,&quot;file_name&quot;:&quot;03259-waterproof testing.pdf&quot;,&quot;file_size&quot;:468753,&quot;mime&quot;:&quot;application\\\/pdf&quot;,&quot;id_lang&quot;:1,&quot;name&quot;:&quot;IMPERMEABILIDAD 03259&quot;,&quot;description&quot;:&quot;&quot;,&quot;file_size_formatted&quot;:&quot;457.77KB&quot;},{&quot;id_product&quot;:788,&quot;id_attachment&quot;:235,&quot;file&quot;:&quot;1c84e813d4df312c113ef3cd13101876f73c7099&quot;,&quot;file_name&quot;:&quot;03259 - MICROPOLAR OUTWORK.pdf&quot;,&quot;file_size&quot;:2600413,&quot;mime&quot;:&quot;application\\\/pdf&quot;,&quot;id_lang&quot;:1,&quot;name&quot;:&quot;FICHAS Y CERTIFICACIONES&quot;,&quot;description&quot;:&quot;FICHA DEL PRODUCTO&quot;,&quot;file_size_formatted&quot;:&quot;2.48MB&quot;}],&quot;virtual&quot;:0,&quot;pack&quot;:0,&quot;packItems&quot;:[],&quot;nopackprice&quot;:0,&quot;customization_required&quot;:false,&quot;attributes&quot;:{&quot;5&quot;:{&quot;id_attribute&quot;:1,&quot;id_attribute_group&quot;:5,&quot;name&quot;:&quot;S&quot;,&quot;group&quot;:&quot;Talla&quot;,&quot;reference&quot;:&quot;03259085&quot;,&quot;ean13&quot;:&quot;&quot;,&quot;isbn&quot;:&quot;&quot;,&quot;upc&quot;:&quot;&quot;,&quot;mpn&quot;:&quot;&quot;,&quot;available_now&quot;:null,&quot;available_later&quot;:null},&quot;2&quot;:{&quot;id_attribute&quot;:31,&quot;id_attribute_group&quot;:2,&quot;name&quot;:&quot;NEGRO&quot;,&quot;group&quot;:&quot;Color&quot;,&quot;reference&quot;:&quot;03259085&quot;,&quot;ean13&quot;:&quot;&quot;,&quot;isbn&quot;:&quot;&quot;,&quot;upc&quot;:&quot;&quot;,&quot;mpn&quot;:&quot;&quot;,&quot;available_now&quot;:null,&quot;available_later&quot;:null}},&quot;rate&quot;:19,&quot;tax_name&quot;:&quot;IVA CL 19%&quot;,&quot;ecotax_rate&quot;:0,&quot;customizations&quot;:{&quot;fields&quot;:[]},&quot;id_customization&quot;:0,&quot;is_customizable&quot;:false,&quot;show_quantities&quot;:true,&quot;quantity_label&quot;:&quot;Art\\u00edculos&quot;,&quot;quantity_discounts&quot;:[],&quot;customer_group_discount&quot;:0,&quot;images&quot;:[{&quot;cover&quot;:null,&quot;id_image&quot;:3626,&quot;legend&quot;:&quot;Micropolar Outwork Manga Larga Hombre&quot;,&quot;position&quot;:5,&quot;bySize&quot;:{&quot;cart_default&quot;:{&quot;url&quot;:&quot;https:\\\/\\\/texora.cl\\\/3626-cart_default\\\/micropolar-outwork-hombre-ml.jpg&quot;,&quot;width&quot;:70,&quot;height&quot;:80,&quot;sources&quot;:{&quot;jpg&quot;:&quot;https:\\\/\\\/texora.cl\\\/3626-cart_default\\\/micropolar-outwork-hombre-ml.jpg&quot;}},&quot;small_default&quot;:{&quot;url&quot;:&quot;https:\\\/\\\/texora.cl\\\/3626-small_default\\\/micropolar-outwork-hombre-ml.jpg&quot;,&quot;width&quot;:105,&quot;height&quot;:120,&quot;sources&quot;:{&quot;jpg&quot;:&quot;https:\\\/\\\/texora.cl\\\/3626-small_default\\\/micropolar-outwork-hombre-ml.jpg&quot;}},&quot;cart_default_2x&quot;:{&quot;url&quot;:&quot;https:\\\/\\\/texora.cl\\\/3626-cart_default_2x\\\/micropolar-outwork-hombre-ml.jpg&quot;,&quot;width&quot;:140,&quot;height&quot;:160,&quot;sources&quot;:{&quot;jpg&quot;:&quot;https:\\\/\\\/texora.cl\\\/3626-cart_default_2x\\\/micropolar-outwork-hombre-ml.jpg&quot;}},&quot;small_default_2x&quot;:{&quot;url&quot;:&quot;https:\\\/\\\/texora.cl\\\/3626-small_default_2x\\\/micropolar-outwork-hombre-ml.jpg&quot;,&quot;width&quot;:210,&quot;height&quot;:240,&quot;sources&quot;:{&quot;jpg&quot;:&quot;https:\\\/\\\/texora.cl\\\/3626-small_default_2x\\\/micropolar-outwork-hombre-ml.jpg&quot;}},&quot;home_default&quot;:{&quot;url&quot;:&quot;https:\\\/\\\/texora.cl\\\/3626-home_default\\\/micropolar-outwork-hombre-ml.jpg&quot;,&quot;width&quot;:280,&quot;height&quot;:320,&quot;sources&quot;:{&quot;jpg&quot;:&quot;https:\\\/\\\/texora.cl\\\/3626-home_default\\\/micropolar-outwork-hombre-ml.jpg&quot;}},&quot;medium_default&quot;:{&quot;url&quot;:&quot;https:\\\/\\\/texora.cl\\\/3626-medium_default\\\/micropolar-outwork-hombre-ml.jpg&quot;,&quot;width&quot;:370,&quot;height&quot;:423,&quot;sources&quot;:{&quot;jpg&quot;:&quot;https:\\\/\\\/texora.cl\\\/3626-medium_default\\\/micropolar-outwork-hombre-ml.jpg&quot;}},&quot;home_default_2x&quot;:{&quot;url&quot;:&quot;https:\\\/\\\/texora.cl\\\/3626-home_default_2x\\\/micropolar-outwork-hombre-ml.jpg&quot;,&quot;width&quot;:560,&quot;height&quot;:640,&quot;sources&quot;:{&quot;jpg&quot;:&quot;https:\\\/\\\/texora.cl\\\/3626-home_default_2x\\\/micropolar-outwork-hombre-ml.jpg&quot;}},&quot;large_default&quot;:{&quot;url&quot;:&quot;https:\\\/\\\/texora.cl\\\/3626-large_default\\\/micropolar-outwork-hombre-ml.jpg&quot;,&quot;width&quot;:700,&quot;height&quot;:800,&quot;sources&quot;:{&quot;jpg&quot;:&quot;https:\\\/\\\/texora.cl\\\/3626-large_default\\\/micropolar-outwork-hombre-ml.jpg&quot;}},&quot;medium_default_2x&quot;:{&quot;url&quot;:&quot;https:\\\/\\\/texora.cl\\\/3626-medium_default_2x\\\/micropolar-outwork-hombre-ml.jpg&quot;,&quot;width&quot;:740,&quot;height&quot;:846,&quot;sources&quot;:{&quot;jpg&quot;:&quot;https:\\\/\\\/texora.cl\\\/3626-medium_default_2x\\\/micropolar-outwork-hombre-ml.jpg&quot;}},&quot;large_default_2x&quot;:{&quot;url&quot;:&quot;https:\\\/\\\/texora.cl\\\/3626-large_default_2x\\\/micropolar-outwork-hombre-ml.jpg&quot;,&quot;width&quot;:1200,&quot;height&quot;:1372,&quot;sources&quot;:{&quot;jpg&quot;:&quot;https:\\\/\\\/texora.cl\\\/3626-large_default_2x\\\/micropolar-outwork-hombre-ml.jpg&quot;}},&quot;superlarge_default&quot;:{&quot;url&quot;:&quot;https:\\\/\\\/texora.cl\\\/3626-superlarge_default\\\/micropolar-outwork-hombre-ml.jpg&quot;,&quot;width&quot;:1200,&quot;height&quot;:1372,&quot;sources&quot;:{&quot;jpg&quot;:&quot;https:\\\/\\\/texora.cl\\\/3626-superlarge_default\\\/micropolar-outwork-hombre-ml.jpg&quot;}},&quot;superlarge_default_2x&quot;:{&quot;url&quot;:&quot;https:\\\/\\\/texora.cl\\\/3626-superlarge_default_2x\\\/micropolar-outwork-hombre-ml.jpg&quot;,&quot;width&quot;:1200,&quot;height&quot;:1372,&quot;sources&quot;:{&quot;jpg&quot;:&quot;https:\\\/\\\/texora.cl\\\/3626-superlarge_default_2x\\\/micropolar-outwork-hombre-ml.jpg&quot;}}},&quot;small&quot;:{&quot;url&quot;:&quot;https:\\\/\\\/texora.cl\\\/3626-cart_default\\\/micropolar-outwork-hombre-ml.jpg&quot;,&quot;width&quot;:70,&quot;height&quot;:80,&quot;sources&quot;:{&quot;jpg&quot;:&quot;https:\\\/\\\/texora.cl\\\/3626-cart_default\\\/micropolar-outwork-hombre-ml.jpg&quot;}},&quot;medium&quot;:{&quot;url&quot;:&quot;https:\\\/\\\/texora.cl\\\/3626-home_default_2x\\\/micropolar-outwork-hombre-ml.jpg&quot;,&quot;width&quot;:560,&quot;height&quot;:640,&quot;sources&quot;:{&quot;jpg&quot;:&quot;https:\\\/\\\/texora.cl\\\/3626-home_default_2x\\\/micropolar-outwork-hombre-ml.jpg&quot;}},&quot;large&quot;:{&quot;url&quot;:&quot;https:\\\/\\\/texora.cl\\\/3626-superlarge_default_2x\\\/micropolar-outwork-hombre-ml.jpg&quot;,&quot;width&quot;:1200,&quot;height&quot;:1372,&quot;sources&quot;:{&quot;jpg&quot;:&quot;https:\\\/\\\/texora.cl\\\/3626-superlarge_default_2x\\\/micropolar-outwork-hombre-ml.jpg&quot;}},&quot;associatedVariants&quot;:[20058,20068,20067,20066,20065,20064,20057,20059,20062,20060,20061]}],&quot;cover&quot;:{&quot;cover&quot;:1,&quot;id_image&quot;:5916,&quot;legend&quot;:&quot;Micropolar Outwork Manga Larga Hombre&quot;,&quot;position&quot;:1,&quot;bySize&quot;:{&quot;cart_default&quot;:{&quot;url&quot;:&quot;https:\\\/\\\/texora.cl\\\/5916-cart_default\\\/micropolar-outwork-hombre-ml.jpg&quot;,&quot;width&quot;:70,&quot;height&quot;:80,&quot;sources&quot;:{&quot;jpg&quot;:&quot;https:\\\/\\\/texora.cl\\\/5916-cart_default\\\/micropolar-outwork-hombre-ml.jpg&quot;}},&quot;small_default&quot;:{&quot;url&quot;:&quot;https:\\\/\\\/texora.cl\\\/5916-small_default\\\/micropolar-outwork-hombre-ml.jpg&quot;,&quot;width&quot;:105,&quot;height&quot;:120,&quot;sources&quot;:{&quot;jpg&quot;:&quot;https:\\\/\\\/texora.cl\\\/5916-small_default\\\/micropolar-outwork-hombre-ml.jpg&quot;}},&quot;cart_default_2x&quot;:{&quot;url&quot;:&quot;https:\\\/\\\/texora.cl\\\/5916-cart_default_2x\\\/micropolar-outwork-hombre-ml.jpg&quot;,&quot;width&quot;:140,&quot;height&quot;:160,&quot;sources&quot;:{&quot;jpg&quot;:&quot;https:\\\/\\\/texora.cl\\\/5916-cart_default_2x\\\/micropolar-outwork-hombre-ml.jpg&quot;}},&quot;small_default_2x&quot;:{&quot;url&quot;:&quot;https:\\\/\\\/texora.cl\\\/5916-small_default_2x\\\/micropolar-outwork-hombre-ml.jpg&quot;,&quot;width&quot;:210,&quot;height&quot;:240,&quot;sources&quot;:{&quot;jpg&quot;:&quot;https:\\\/\\\/texora.cl\\\/5916-small_default_2x\\\/micropolar-outwork-hombre-ml.jpg&quot;}},&quot;home_default&quot;:{&quot;url&quot;:&quot;https:\\\/\\\/texora.cl\\\/5916-home_default\\\/micropolar-outwork-hombre-ml.jpg&quot;,&quot;width&quot;:280,&quot;height&quot;:320,&quot;sources&quot;:{&quot;jpg&quot;:&quot;https:\\\/\\\/texora.cl\\\/5916-home_default\\\/micropolar-outwork-hombre-ml.jpg&quot;}},&quot;medium_default&quot;:{&quot;url&quot;:&quot;https:\\\/\\\/texora.cl\\\/5916-medium_default\\\/micropolar-outwork-hombre-ml.jpg&quot;,&quot;width&quot;:370,&quot;height&quot;:423,&quot;sources&quot;:{&quot;jpg&quot;:&quot;https:\\\/\\\/texora.cl\\\/5916-medium_default\\\/micropolar-outwork-hombre-ml.jpg&quot;}},&quot;home_default_2x&quot;:{&quot;url&quot;:&quot;https:\\\/\\\/texora.cl\\\/5916-home_default_2x\\\/micropolar-outwork-hombre-ml.jpg&quot;,&quot;width&quot;:560,&quot;height&quot;:640,&quot;sources&quot;:{&quot;jpg&quot;:&quot;https:\\\/\\\/texora.cl\\\/5916-home_default_2x\\\/micropolar-outwork-hombre-ml.jpg&quot;}},&quot;large_default&quot;:{&quot;url&quot;:&quot;https:\\\/\\\/texora.cl\\\/5916-large_default\\\/micropolar-outwork-hombre-ml.jpg&quot;,&quot;width&quot;:700,&quot;height&quot;:800,&quot;sources&quot;:{&quot;jpg&quot;:&quot;https:\\\/\\\/texora.cl\\\/5916-large_default\\\/micropolar-outwork-hombre-ml.jpg&quot;}},&quot;medium_default_2x&quot;:{&quot;url&quot;:&quot;https:\\\/\\\/texora.cl\\\/5916-medium_default_2x\\\/micropolar-outwork-hombre-ml.jpg&quot;,&quot;width&quot;:740,&quot;height&quot;:846,&quot;sources&quot;:{&quot;jpg&quot;:&quot;https:\\\/\\\/texora.cl\\\/5916-medium_default_2x\\\/micropolar-outwork-hombre-ml.jpg&quot;}},&quot;large_default_2x&quot;:{&quot;url&quot;:&quot;https:\\\/\\\/texora.cl\\\/5916-large_default_2x\\\/micropolar-outwork-hombre-ml.jpg&quot;,&quot;width&quot;:1200,&quot;height&quot;:1372,&quot;sources&quot;:{&quot;jpg&quot;:&quot;https:\\\/\\\/texora.cl\\\/5916-large_default_2x\\\/micropolar-outwork-hombre-ml.jpg&quot;}},&quot;superlarge_default&quot;:{&quot;url&quot;:&quot;https:\\\/\\\/texora.cl\\\/5916-superlarge_default\\\/micropolar-outwork-hombre-ml.jpg&quot;,&quot;width&quot;:1200,&quot;height&quot;:1372,&quot;sources&quot;:{&quot;jpg&quot;:&quot;https:\\\/\\\/texora.cl\\\/5916-superlarge_default\\\/micropolar-outwork-hombre-ml.jpg&quot;}},&quot;superlarge_default_2x&quot;:{&quot;url&quot;:&quot;https:\\\/\\\/texora.cl\\\/5916-superlarge_default_2x\\\/micropolar-outwork-hombre-ml.jpg&quot;,&quot;width&quot;:1200,&quot;height&quot;:1372,&quot;sources&quot;:{&quot;jpg&quot;:&quot;https:\\\/\\\/texora.cl\\\/5916-superlarge_default_2x\\\/micropolar-outwork-hombre-ml.jpg&quot;}}},&quot;small&quot;:{&quot;url&quot;:&quot;https:\\\/\\\/texora.cl\\\/5916-cart_default\\\/micropolar-outwork-hombre-ml.jpg&quot;,&quot;width&quot;:70,&quot;height&quot;:80,&quot;sources&quot;:{&quot;jpg&quot;:&quot;https:\\\/\\\/texora.cl\\\/5916-cart_default\\\/micropolar-outwork-hombre-ml.jpg&quot;}},&quot;medium&quot;:{&quot;url&quot;:&quot;https:\\\/\\\/texora.cl\\\/5916-home_default_2x\\\/micropolar-outwork-hombre-ml.jpg&quot;,&quot;width&quot;:560,&quot;height&quot;:640,&quot;sources&quot;:{&quot;jpg&quot;:&quot;https:\\\/\\\/texora.cl\\\/5916-home_default_2x\\\/micropolar-outwork-hombre-ml.jpg&quot;}},&quot;large&quot;:{&quot;url&quot;:&quot;https:\\\/\\\/texora.cl\\\/5916-superlarge_default_2x\\\/micropolar-outwork-hombre-ml.jpg&quot;,&quot;width&quot;:1200,&quot;height&quot;:1372,&quot;sources&quot;:{&quot;jpg&quot;:&quot;https:\\\/\\\/texora.cl\\\/5916-superlarge_default_2x\\\/micropolar-outwork-hombre-ml.jpg&quot;}},&quot;associatedVariants&quot;:[20063]},&quot;has_discount&quot;:false,&quot;discount_type&quot;:&quot;amount&quot;,&quot;discount_percentage&quot;:&quot;0%&quot;,&quot;discount_percentage_absolute&quot;:&quot;0%&quot;,&quot;discount_amount&quot;:&quot;$\\u00a00&quot;,&quot;discount_amount_to_display&quot;:&quot;-$\\u00a00&quot;,&quot;price_amount&quot;:0,&quot;unit_price_full&quot;:&quot;&quot;,&quot;show_availability&quot;:true,&quot;availability_message&quot;:&quot;&quot;,&quot;availability_date&quot;:null,&quot;availability&quot;:&quot;available&quot;}\">\n<div class=\"mobile_tab_title\"><\/div>\n<\/div>\n","protected":false},"excerpt":{"rendered":"<div id=\"product-description-short-788\" class=\"product-description-short mb-3 truncate_block st_showless_block_0 truncate_cate_desc_2\">\n<div class=\"st_read_more_box\">Micropolar Outwork Manga Larga: Ideal para desaf\u00edos, ya sea trabajando en exteriores o disfrutando de actividades al aire libre.<\/div>\n<\/div>\n<div class=\"steasy_divider between_short_and_price\"><\/div>\n","protected":false},"featured_media":1448,"comment_status":"open","ping_status":"closed","template":"","meta":[],"product_brand":[],"product_cat":[64,63],"product_tag":[58],"class_list":{"0":"post-1444","1":"product","2":"type-product","3":"status-publish","4":"has-post-thumbnail","6":"product_cat-chaquetas","7":"product_cat-ropa-corporativa","8":"product_tag-polar-y-micropolar","10":"first","11":"instock","12":"shipping-taxable","13":"purchasable","14":"product-type-variable"},"jetpack_sharing_enabled":true,"_links":{"self":[{"href":"https:\/\/freyawork.cl\/index.php?rest_route=\/wp\/v2\/product\/1444","targetHints":{"allow":["GET"]}}],"collection":[{"href":"https:\/\/freyawork.cl\/index.php?rest_route=\/wp\/v2\/product"}],"about":[{"href":"https:\/\/freyawork.cl\/index.php?rest_route=\/wp\/v2\/types\/product"}],"replies":[{"embeddable":true,"href":"https:\/\/freyawork.cl\/index.php?rest_route=%2Fwp%2Fv2%2Fcomments&post=1444"}],"wp:featuredmedia":[{"embeddable":true,"href":"https:\/\/freyawork.cl\/index.php?rest_route=\/wp\/v2\/media\/1448"}],"wp:attachment":[{"href":"https:\/\/freyawork.cl\/index.php?rest_route=%2Fwp%2Fv2%2Fmedia&parent=1444"}],"wp:term":[{"taxonomy":"product_brand","embeddable":true,"href":"https:\/\/freyawork.cl\/index.php?rest_route=%2Fwp%2Fv2%2Fproduct_brand&post=1444"},{"taxonomy":"product_cat","embeddable":true,"href":"https:\/\/freyawork.cl\/index.php?rest_route=%2Fwp%2Fv2%2Fproduct_cat&post=1444"},{"taxonomy":"product_tag","embeddable":true,"href":"https:\/\/freyawork.cl\/index.php?rest_route=%2Fwp%2Fv2%2Fproduct_tag&post=1444"}],"curies":[{"name":"wp","href":"https:\/\/api.w.org\/{rel}","templated":true}]}}