{"id":1459,"date":"2025-12-19T17:02:58","date_gmt":"2025-12-19T16:02:58","guid":{"rendered":"https:\/\/freyawork.cl\/?post_type=product&#038;p=1459"},"modified":"2026-01-05T19:27:37","modified_gmt":"2026-01-05T18:27:37","slug":"micropolar-navigator-manga-larga-hombre","status":"publish","type":"product","link":"https:\/\/freyawork.cl\/?product=micropolar-navigator-manga-larga-hombre","title":{"rendered":"Micropolar Navigator Manga Larga Hombre"},"content":{"rendered":"<h2>Descripci\u00f3n<\/h2>\n<p>\u00a1Descubre el Micropolar Navigator de Manga Larga, la combinaci\u00f3n perfecta de confort, resistencia y protecci\u00f3n en una sola prenda! Este micropolar ha sido dise\u00f1ado para mantener su frescura y color vibrante lavado tras lavado gracias a su solidez de color. La caracter\u00edstica antipilling garantiza que se mantenga suave y con aspecto impecable incluso despu\u00e9s de m\u00faltiples lavados, evitando la formaci\u00f3n de bolitas en la tela. Con una excelente estabilidad dimensional, este micropolar conserva su forma original para brindarte un ajuste perfecto y c\u00f3modo en cada uso. Adem\u00e1s de proporcionar calidez en condiciones frescas, este micropolar es t\u00e9rmico y respirable, manteni\u00e9ndote abrigado y c\u00f3modo sin sacrificar la transpirabilidad. Su repelencia al agua a\u00f1ade un nivel adicional de protecci\u00f3n, manteni\u00e9ndote seco y confortable en condiciones clim\u00e1ticas variables.<\/p>\n","protected":false},"excerpt":{"rendered":"<p>Micropolar Navigator Manga Larga: confort, versatilidad y protecci\u00f3n en una prenda, para actividades al aire libre o tu d\u00eda a d\u00eda.<\/p>\n","protected":false},"featured_media":1463,"comment_status":"open","ping_status":"closed","template":"","meta":[],"product_brand":[],"product_cat":[64,63],"product_tag":[58],"class_list":{"0":"post-1459","1":"product","2":"type-product","3":"status-publish","4":"has-post-thumbnail","6":"product_cat-chaquetas","7":"product_cat-ropa-corporativa","8":"product_tag-polar-y-micropolar","10":"first","11":"instock","12":"shipping-taxable","13":"purchasable","14":"product-type-variable"},"jetpack_sharing_enabled":true,"_links":{"self":[{"href":"https:\/\/freyawork.cl\/index.php?rest_route=\/wp\/v2\/product\/1459","targetHints":{"allow":["GET"]}}],"collection":[{"href":"https:\/\/freyawork.cl\/index.php?rest_route=\/wp\/v2\/product"}],"about":[{"href":"https:\/\/freyawork.cl\/index.php?rest_route=\/wp\/v2\/types\/product"}],"replies":[{"embeddable":true,"href":"https:\/\/freyawork.cl\/index.php?rest_route=%2Fwp%2Fv2%2Fcomments&post=1459"}],"wp:featuredmedia":[{"embeddable":true,"href":"https:\/\/freyawork.cl\/index.php?rest_route=\/wp\/v2\/media\/1463"}],"wp:attachment":[{"href":"https:\/\/freyawork.cl\/index.php?rest_route=%2Fwp%2Fv2%2Fmedia&parent=1459"}],"wp:term":[{"taxonomy":"product_brand","embeddable":true,"href":"https:\/\/freyawork.cl\/index.php?rest_route=%2Fwp%2Fv2%2Fproduct_brand&post=1459"},{"taxonomy":"product_cat","embeddable":true,"href":"https:\/\/freyawork.cl\/index.php?rest_route=%2Fwp%2Fv2%2Fproduct_cat&post=1459"},{"taxonomy":"product_tag","embeddable":true,"href":"https:\/\/freyawork.cl\/index.php?rest_route=%2Fwp%2Fv2%2Fproduct_tag&post=1459"}],"curies":[{"name":"wp","href":"https:\/\/api.w.org\/{rel}","templated":true}]}}