{"id":1505,"date":"2025-12-19T17:38:16","date_gmt":"2025-12-19T16:38:16","guid":{"rendered":"https:\/\/freyawork.cl\/?post_type=product&#038;p=1505"},"modified":"2026-01-05T17:36:35","modified_gmt":"2026-01-05T16:36:35","slug":"micropolar-expedition-manga-larga-mujer","status":"publish","type":"product","link":"https:\/\/freyawork.cl\/?product=micropolar-expedition-manga-larga-mujer","title":{"rendered":"Micropolar Expedition manga Larga Mujer"},"content":{"rendered":"<h2>Descripci\u00f3n<\/h2>\n<p>\u00a1Descubre el Micropolar Expedition de Manga Larga, la elecci\u00f3n definitiva para comodidad, durabilidad y versatilidad en tus aventuras al aire libre!<\/p>\n<p>Dise\u00f1ado para mantener su frescura y vivacidad, la solidez de color de este Micropolar asegura que conserve su aspecto vibrante lavado tras lavado, manteniendo su apariencia original por mucho tiempo.<\/p>\n<p>La caracter\u00edstica antipilling evita la formaci\u00f3n de bolitas en la tela, manteniendo su suavidad y aspecto impecable a lo largo del tiempo. Su estabilidad dimensional garantiza que conserve su forma original lavado tras lavado, asegurando un ajuste perfecto cada vez que lo uses.<\/p>\n<p>Con detalles reflectivos, este Micropolar ofrece mayor visibilidad en condiciones de poca luz, proporcion\u00e1ndote un nivel adicional de seguridad cuando est\u00e1s al aire libre o en entornos con baja luminosidad.<\/p>\n<p>Adem\u00e1s de brindar un agradable calor en climas fr\u00edos, este Micropolar es t\u00e9rmico y respirable, manteni\u00e9ndote abrigado y c\u00f3modo sin sacrificar la transpirabilidad durante tus actividades al aire libre.<\/p>\n","protected":false},"excerpt":{"rendered":"<div id=\"product-description-short-781\" class=\"product-description-short mb-3 truncate_block st_showless_block_0 truncate_cate_desc_2\">\n<div class=\"st_read_more_box\">Micropolar Expedition: ideal para amantes de la aventura. Confort, durabilidad y funcionalidad en una prenda.<\/div>\n<\/div>\n<div class=\"steasy_divider between_short_and_price\"><\/div>\n","protected":false},"featured_media":1509,"comment_status":"open","ping_status":"closed","template":"","meta":[],"product_brand":[],"product_cat":[64,63],"product_tag":[58],"class_list":{"0":"post-1505","1":"product","2":"type-product","3":"status-publish","4":"has-post-thumbnail","6":"product_cat-chaquetas","7":"product_cat-ropa-corporativa","8":"product_tag-polar-y-micropolar","10":"first","11":"instock","12":"shipping-taxable","13":"purchasable","14":"product-type-variable"},"jetpack_sharing_enabled":true,"_links":{"self":[{"href":"https:\/\/freyawork.cl\/index.php?rest_route=\/wp\/v2\/product\/1505","targetHints":{"allow":["GET"]}}],"collection":[{"href":"https:\/\/freyawork.cl\/index.php?rest_route=\/wp\/v2\/product"}],"about":[{"href":"https:\/\/freyawork.cl\/index.php?rest_route=\/wp\/v2\/types\/product"}],"replies":[{"embeddable":true,"href":"https:\/\/freyawork.cl\/index.php?rest_route=%2Fwp%2Fv2%2Fcomments&post=1505"}],"wp:featuredmedia":[{"embeddable":true,"href":"https:\/\/freyawork.cl\/index.php?rest_route=\/wp\/v2\/media\/1509"}],"wp:attachment":[{"href":"https:\/\/freyawork.cl\/index.php?rest_route=%2Fwp%2Fv2%2Fmedia&parent=1505"}],"wp:term":[{"taxonomy":"product_brand","embeddable":true,"href":"https:\/\/freyawork.cl\/index.php?rest_route=%2Fwp%2Fv2%2Fproduct_brand&post=1505"},{"taxonomy":"product_cat","embeddable":true,"href":"https:\/\/freyawork.cl\/index.php?rest_route=%2Fwp%2Fv2%2Fproduct_cat&post=1505"},{"taxonomy":"product_tag","embeddable":true,"href":"https:\/\/freyawork.cl\/index.php?rest_route=%2Fwp%2Fv2%2Fproduct_tag&post=1505"}],"curies":[{"name":"wp","href":"https:\/\/api.w.org\/{rel}","templated":true}]}}