{"id":1657,"date":"2025-12-19T19:45:52","date_gmt":"2025-12-19T18:45:52","guid":{"rendered":"https:\/\/freyawork.cl\/?post_type=product&#038;p=1657"},"modified":"2026-01-05T15:40:47","modified_gmt":"2026-01-05T14:40:47","slug":"chaqueta-knit-fleece-hombre","status":"publish","type":"product","link":"https:\/\/freyawork.cl\/?product=chaqueta-knit-fleece-hombre","title":{"rendered":"Chaqueta Knit Fleece Hombre"},"content":{"rendered":"<h2>Descripci\u00f3n<\/h2>\n<p>\u00a1Presentamos la Chaqueta Executive Knit Fleece para el hombre moderno que valora la elegancia y la practicidad.<br \/>\nDise\u00f1ada para el hombre moderno con un corte Regular fit, El canes\u00fa y los cortes en los costados y cuello con tela softshell a\u00f1aden un toque de distinci\u00f3n y versatilidad a tu atuendo. Equipada con bolsillos delanteros inferiores con cierre para mantener tus pertenencias seguras, as\u00ed como un bolsillo en el pecho derecho con cierre para mayor conveniencia.<\/p>\n<p>Las mangas con terminaci\u00f3n de vivo elasticado garantizan un ajuste \u00f3ptimo y c\u00f3modo en cualquier situaci\u00f3n. Gracias al spandex repelente al agua, estar\u00e1s preparado para enfrentar los elementos con confianza, sin comprometer tu estilo ejecutivo.<\/p>\n<p>Ya sea en la oficina, en un evento importante o en tu tiempo libre, la Chaqueta Executive Knit Fleece es la elecci\u00f3n perfecta para destacar con elegancia y estar siempre listo para lo que venga. \u00a1Haz una declaraci\u00f3n de estilo y funcionalidad con esta prenda de alta calidad y dise\u00f1o excepcional!<\/p>\n","protected":false},"excerpt":{"rendered":"<p>Chaqueta Knit Fleece para hombre: elegancia y funcionalidad. Con tela softshell, bolsillos seguros, ajuste c\u00f3modo y resistente al agua.<\/p>\n","protected":false},"featured_media":1669,"comment_status":"open","ping_status":"closed","template":"","meta":[],"product_brand":[],"product_cat":[64,63],"product_tag":[58],"class_list":{"0":"post-1657","1":"product","2":"type-product","3":"status-publish","4":"has-post-thumbnail","6":"product_cat-chaquetas","7":"product_cat-ropa-corporativa","8":"product_tag-polar-y-micropolar","10":"first","11":"instock","12":"shipping-taxable","13":"purchasable","14":"product-type-variable"},"jetpack_sharing_enabled":true,"_links":{"self":[{"href":"https:\/\/freyawork.cl\/index.php?rest_route=\/wp\/v2\/product\/1657","targetHints":{"allow":["GET"]}}],"collection":[{"href":"https:\/\/freyawork.cl\/index.php?rest_route=\/wp\/v2\/product"}],"about":[{"href":"https:\/\/freyawork.cl\/index.php?rest_route=\/wp\/v2\/types\/product"}],"replies":[{"embeddable":true,"href":"https:\/\/freyawork.cl\/index.php?rest_route=%2Fwp%2Fv2%2Fcomments&post=1657"}],"wp:featuredmedia":[{"embeddable":true,"href":"https:\/\/freyawork.cl\/index.php?rest_route=\/wp\/v2\/media\/1669"}],"wp:attachment":[{"href":"https:\/\/freyawork.cl\/index.php?rest_route=%2Fwp%2Fv2%2Fmedia&parent=1657"}],"wp:term":[{"taxonomy":"product_brand","embeddable":true,"href":"https:\/\/freyawork.cl\/index.php?rest_route=%2Fwp%2Fv2%2Fproduct_brand&post=1657"},{"taxonomy":"product_cat","embeddable":true,"href":"https:\/\/freyawork.cl\/index.php?rest_route=%2Fwp%2Fv2%2Fproduct_cat&post=1657"},{"taxonomy":"product_tag","embeddable":true,"href":"https:\/\/freyawork.cl\/index.php?rest_route=%2Fwp%2Fv2%2Fproduct_tag&post=1657"}],"curies":[{"name":"wp","href":"https:\/\/api.w.org\/{rel}","templated":true}]}}