{"id":1721,"date":"2025-12-22T18:51:24","date_gmt":"2025-12-22T17:51:24","guid":{"rendered":"https:\/\/freyawork.cl\/?post_type=product&#038;p=1721"},"modified":"2026-01-05T15:01:10","modified_gmt":"2026-01-05T14:01:10","slug":"parka-pukem-con-gorro-manga-hombre","status":"publish","type":"product","link":"https:\/\/freyawork.cl\/?product=parka-pukem-con-gorro-manga-hombre","title":{"rendered":"Parka Pukem con Gorro Manga Hombre"},"content":{"rendered":"<h2>Descripci\u00f3n<\/h2>\n<p>Experimenta el m\u00e1ximo confort y estilo con la Parka Pukem con Gorro T\u00e9rmico, una fusi\u00f3n perfecta de innovaci\u00f3n y dise\u00f1o que elevar\u00e1 tu experiencia invernal. Confeccionada con la revolucionaria tecnolog\u00eda Thermo-Pipe, esta Parka redefine los est\u00e1ndares de ligereza y calidez.<\/p>\n<p>El componente t\u00e9rmico Thermo-Pipe, presente en esta Parka, ofrece una eficiencia t\u00e9rmica excepcional sin comprometer la ligereza. Siente la calidez reconfortante que necesitas para enfrentar las temperaturas m\u00e1s frescas, todo en un dise\u00f1o liviano que te permite moverte con total libertad.<\/p>\n<p>El gorro t\u00e9rmico agrega un toque funcional y estilizado, proporcionando una capa adicional de protecci\u00f3n contra el fr\u00edo y el viento. Con esta Parka, no solo obtienes un abrigo t\u00e9rmico avanzado, sino tambi\u00e9n un accesorio que resalta tu estilo personal.<\/p>\n<p>La ligereza de la Parka Pukem con Gorro T\u00e9rmico la convierte en la compa\u00f1era perfecta para tus aventuras invernales, ya sea en la ciudad o en la naturaleza. Adem\u00e1s, su dise\u00f1o contempor\u00e1neo garantiza que te veas tan bien como te sientes, marcando una declaraci\u00f3n de moda incluso en los d\u00edas m\u00e1s fr\u00edos.<\/p>\n","protected":false},"excerpt":{"rendered":"<p>Enfrenta el fr\u00edo con confianza y estilo, vive una experiencia invernal elevada adaptada a tu estilo de vida activo y moderno.<\/p>\n","protected":false},"featured_media":1725,"comment_status":"open","ping_status":"closed","template":"","meta":[],"product_brand":[],"product_cat":[64,63],"product_tag":[60],"class_list":{"0":"post-1721","1":"product","2":"type-product","3":"status-publish","4":"has-post-thumbnail","6":"product_cat-chaquetas","7":"product_cat-ropa-corporativa","8":"product_tag-termica","10":"first","11":"instock","12":"shipping-taxable","13":"purchasable","14":"product-type-variable"},"jetpack_sharing_enabled":true,"_links":{"self":[{"href":"https:\/\/freyawork.cl\/index.php?rest_route=\/wp\/v2\/product\/1721","targetHints":{"allow":["GET"]}}],"collection":[{"href":"https:\/\/freyawork.cl\/index.php?rest_route=\/wp\/v2\/product"}],"about":[{"href":"https:\/\/freyawork.cl\/index.php?rest_route=\/wp\/v2\/types\/product"}],"replies":[{"embeddable":true,"href":"https:\/\/freyawork.cl\/index.php?rest_route=%2Fwp%2Fv2%2Fcomments&post=1721"}],"wp:featuredmedia":[{"embeddable":true,"href":"https:\/\/freyawork.cl\/index.php?rest_route=\/wp\/v2\/media\/1725"}],"wp:attachment":[{"href":"https:\/\/freyawork.cl\/index.php?rest_route=%2Fwp%2Fv2%2Fmedia&parent=1721"}],"wp:term":[{"taxonomy":"product_brand","embeddable":true,"href":"https:\/\/freyawork.cl\/index.php?rest_route=%2Fwp%2Fv2%2Fproduct_brand&post=1721"},{"taxonomy":"product_cat","embeddable":true,"href":"https:\/\/freyawork.cl\/index.php?rest_route=%2Fwp%2Fv2%2Fproduct_cat&post=1721"},{"taxonomy":"product_tag","embeddable":true,"href":"https:\/\/freyawork.cl\/index.php?rest_route=%2Fwp%2Fv2%2Fproduct_tag&post=1721"}],"curies":[{"name":"wp","href":"https:\/\/api.w.org\/{rel}","templated":true}]}}