{"id":1957,"date":"2025-12-22T21:08:54","date_gmt":"2025-12-22T20:08:54","guid":{"rendered":"https:\/\/freyawork.cl\/?post_type=product&#038;p=1957"},"modified":"2026-01-04T21:09:04","modified_gmt":"2026-01-04T20:09:04","slug":"pantalon-iron-line-onix-hombre","status":"publish","type":"product","link":"https:\/\/freyawork.cl\/?product=pantalon-iron-line-onix-hombre","title":{"rendered":"Pantal\u00f3n Iron Line \u00d3nix Hombre"},"content":{"rendered":"<h2>Descripci\u00f3n<\/h2>\n<p>Pantal\u00f3n \u00d3nix es un jeans que tiene una combinaci\u00f3n perfecta de telas denim y gabardina, dando como resultado una prenda suave pero resistente y c\u00f3moda gracias al spandex. Cuenta con m\u00faltiples bolsillos, detalles reflectantes y refuerzo en rodillas, que permite el uso de protector de rodilla EVA.<\/p>\n","protected":false},"excerpt":{"rendered":"<div id=\"product-description-short-868\" class=\"product-description-short mb-3 truncate_block st_showless_block_0 truncate_cate_desc_2\">\n<div class=\"st_read_more_box\">Pantal\u00f3n \u00d3nix: mezcla de denim y gabardina, suave, resistente y c\u00f3moda con spandex en este jeans.<\/div>\n<\/div>\n<div class=\"steasy_divider between_short_and_price\"><\/div>\n","protected":false},"featured_media":1963,"comment_status":"open","ping_status":"closed","template":"","meta":[],"product_brand":[],"product_cat":[65,63],"product_tag":[70],"class_list":{"0":"post-1957","1":"product","2":"type-product","3":"status-publish","4":"has-post-thumbnail","6":"product_cat-pantalones","7":"product_cat-ropa-corporativa","8":"product_tag-jeans","10":"first","11":"instock","12":"shipping-taxable","13":"purchasable","14":"product-type-variable"},"jetpack_sharing_enabled":true,"_links":{"self":[{"href":"https:\/\/freyawork.cl\/index.php?rest_route=\/wp\/v2\/product\/1957","targetHints":{"allow":["GET"]}}],"collection":[{"href":"https:\/\/freyawork.cl\/index.php?rest_route=\/wp\/v2\/product"}],"about":[{"href":"https:\/\/freyawork.cl\/index.php?rest_route=\/wp\/v2\/types\/product"}],"replies":[{"embeddable":true,"href":"https:\/\/freyawork.cl\/index.php?rest_route=%2Fwp%2Fv2%2Fcomments&post=1957"}],"wp:featuredmedia":[{"embeddable":true,"href":"https:\/\/freyawork.cl\/index.php?rest_route=\/wp\/v2\/media\/1963"}],"wp:attachment":[{"href":"https:\/\/freyawork.cl\/index.php?rest_route=%2Fwp%2Fv2%2Fmedia&parent=1957"}],"wp:term":[{"taxonomy":"product_brand","embeddable":true,"href":"https:\/\/freyawork.cl\/index.php?rest_route=%2Fwp%2Fv2%2Fproduct_brand&post=1957"},{"taxonomy":"product_cat","embeddable":true,"href":"https:\/\/freyawork.cl\/index.php?rest_route=%2Fwp%2Fv2%2Fproduct_cat&post=1957"},{"taxonomy":"product_tag","embeddable":true,"href":"https:\/\/freyawork.cl\/index.php?rest_route=%2Fwp%2Fv2%2Fproduct_tag&post=1957"}],"curies":[{"name":"wp","href":"https:\/\/api.w.org\/{rel}","templated":true}]}}