{"id":1973,"date":"2025-12-22T21:16:12","date_gmt":"2025-12-22T20:16:12","guid":{"rendered":"https:\/\/freyawork.cl\/?post_type=product&#038;p=1973"},"modified":"2026-01-04T19:54:41","modified_gmt":"2026-01-04T18:54:41","slug":"jeans-free-action-line-hombre","status":"publish","type":"product","link":"https:\/\/freyawork.cl\/?product=jeans-free-action-line-hombre","title":{"rendered":"Jeans Free Action Line Hombre"},"content":{"rendered":"<h2>Descripci\u00f3n<\/h2>\n<p>Confeccionados con un 76% de algod\u00f3n, un 22% de poli\u00e9ster y un 2% de spandex, estos jeans est\u00e1n dise\u00f1ados para ofrecerte comodidad y durabilidad incomparables. Su ajuste regular fit da una mayor elasticidad te permite moverte sin restricciones. \u00a1Experimenta la combinaci\u00f3n perfecta entre estilo, flexibilidad y resistencia con nuestros JEANS FREE ACTION LINE!<\/p>\n","protected":false},"excerpt":{"rendered":"<p>\u00a1Descubre la libertad de movimiento con nuestros JEANS FREE ACTION LINE para hombre!<\/p>\n","protected":false},"featured_media":1977,"comment_status":"open","ping_status":"closed","template":"","meta":[],"product_brand":[],"product_cat":[65,63],"product_tag":[70],"class_list":{"0":"post-1973","1":"product","2":"type-product","3":"status-publish","4":"has-post-thumbnail","6":"product_cat-pantalones","7":"product_cat-ropa-corporativa","8":"product_tag-jeans","10":"first","11":"instock","12":"shipping-taxable","13":"purchasable","14":"product-type-variable"},"jetpack_sharing_enabled":true,"_links":{"self":[{"href":"https:\/\/freyawork.cl\/index.php?rest_route=\/wp\/v2\/product\/1973","targetHints":{"allow":["GET"]}}],"collection":[{"href":"https:\/\/freyawork.cl\/index.php?rest_route=\/wp\/v2\/product"}],"about":[{"href":"https:\/\/freyawork.cl\/index.php?rest_route=\/wp\/v2\/types\/product"}],"replies":[{"embeddable":true,"href":"https:\/\/freyawork.cl\/index.php?rest_route=%2Fwp%2Fv2%2Fcomments&post=1973"}],"wp:featuredmedia":[{"embeddable":true,"href":"https:\/\/freyawork.cl\/index.php?rest_route=\/wp\/v2\/media\/1977"}],"wp:attachment":[{"href":"https:\/\/freyawork.cl\/index.php?rest_route=%2Fwp%2Fv2%2Fmedia&parent=1973"}],"wp:term":[{"taxonomy":"product_brand","embeddable":true,"href":"https:\/\/freyawork.cl\/index.php?rest_route=%2Fwp%2Fv2%2Fproduct_brand&post=1973"},{"taxonomy":"product_cat","embeddable":true,"href":"https:\/\/freyawork.cl\/index.php?rest_route=%2Fwp%2Fv2%2Fproduct_cat&post=1973"},{"taxonomy":"product_tag","embeddable":true,"href":"https:\/\/freyawork.cl\/index.php?rest_route=%2Fwp%2Fv2%2Fproduct_tag&post=1973"}],"curies":[{"name":"wp","href":"https:\/\/api.w.org\/{rel}","templated":true}]}}