{"id":2234,"date":"2025-12-23T01:41:09","date_gmt":"2025-12-23T00:41:09","guid":{"rendered":"https:\/\/freyawork.cl\/?post_type=product&#038;p=2234"},"modified":"2026-01-04T00:42:48","modified_gmt":"2026-01-03T23:42:48","slug":"pantalon-casual-slim-mujer","status":"publish","type":"product","link":"https:\/\/freyawork.cl\/?product=pantalon-casual-slim-mujer","title":{"rendered":"Pantal\u00f3n Casual Slim Mujer"},"content":{"rendered":"<h2>Descripci\u00f3n<\/h2>\n<p>Conoce el Pantal\u00f3n Casual Slim de Mujer, una prenda dise\u00f1ada para ser tu mejor aliado al estar dise\u00f1ado con algod\u00f3n y spandex para darte un calce perfecto y c\u00f3modo para todo el d\u00eda. Equipado con bolsillos delanteros y traseros, podr\u00e1s llevar de forma m\u00e1s segura todos los art\u00edculos que necesites.<\/p>\n<p>Adem\u00e1s, nuestra prenda destaca entre sus atributos el uso de spandex y un dise\u00f1o Lady Fit, para que se adapte a tu cuerpo. Junto con ello no deber\u00e1s preocuparte de su duraci\u00f3n, dado que cuenta con solidez de color y estabilidad dimensional, para no verse da\u00f1ado ni deteriorado por el paso del tiempo.<\/p>\n","protected":false},"excerpt":{"rendered":"<p>Pantal\u00f3n Casual Slim de Mujer, una prenda dise\u00f1ada para ser tu mejor aliado al estar dise\u00f1ado con algod\u00f3n y spandex.<\/p>\n","protected":false},"featured_media":2238,"comment_status":"open","ping_status":"closed","template":"","meta":[],"product_brand":[],"product_cat":[65,63],"product_tag":[67],"class_list":{"0":"post-2234","1":"product","2":"type-product","3":"status-publish","4":"has-post-thumbnail","6":"product_cat-pantalones","7":"product_cat-ropa-corporativa","8":"product_tag-ejecutivos","10":"first","11":"instock","12":"shipping-taxable","13":"purchasable","14":"product-type-variable"},"jetpack_sharing_enabled":true,"_links":{"self":[{"href":"https:\/\/freyawork.cl\/index.php?rest_route=\/wp\/v2\/product\/2234","targetHints":{"allow":["GET"]}}],"collection":[{"href":"https:\/\/freyawork.cl\/index.php?rest_route=\/wp\/v2\/product"}],"about":[{"href":"https:\/\/freyawork.cl\/index.php?rest_route=\/wp\/v2\/types\/product"}],"replies":[{"embeddable":true,"href":"https:\/\/freyawork.cl\/index.php?rest_route=%2Fwp%2Fv2%2Fcomments&post=2234"}],"wp:featuredmedia":[{"embeddable":true,"href":"https:\/\/freyawork.cl\/index.php?rest_route=\/wp\/v2\/media\/2238"}],"wp:attachment":[{"href":"https:\/\/freyawork.cl\/index.php?rest_route=%2Fwp%2Fv2%2Fmedia&parent=2234"}],"wp:term":[{"taxonomy":"product_brand","embeddable":true,"href":"https:\/\/freyawork.cl\/index.php?rest_route=%2Fwp%2Fv2%2Fproduct_brand&post=2234"},{"taxonomy":"product_cat","embeddable":true,"href":"https:\/\/freyawork.cl\/index.php?rest_route=%2Fwp%2Fv2%2Fproduct_cat&post=2234"},{"taxonomy":"product_tag","embeddable":true,"href":"https:\/\/freyawork.cl\/index.php?rest_route=%2Fwp%2Fv2%2Fproduct_tag&post=2234"}],"curies":[{"name":"wp","href":"https:\/\/api.w.org\/{rel}","templated":true}]}}