{"id":2247,"date":"2025-12-23T01:44:36","date_gmt":"2025-12-23T00:44:36","guid":{"rendered":"https:\/\/freyawork.cl\/?post_type=product&#038;p=2247"},"modified":"2026-01-04T00:35:48","modified_gmt":"2026-01-03T23:35:48","slug":"primera-capa-practical-line-hombre","status":"publish","type":"product","link":"https:\/\/freyawork.cl\/?product=primera-capa-practical-line-hombre","title":{"rendered":"Primera Capa Practical Line Hombre"},"content":{"rendered":"<h2>Descripci\u00f3n<\/h2>\n<p>La primera capa tiene como funci\u00f3n principal alejar nuestro sudor de la piel, manteniendo la piel seca y evitando que el cuerpo se enfri\u00e9, nuestro conjunto de primera capa es vers\u00e1til y c\u00f3modo, fabricado en tela Strecht que otorga un dise\u00f1o ergonom\u00e9trico y libre de movimiento. cuenta con cuello elasticado y costuras planas para mayor comodidad y libre de roce. Prenda confeccionada en tela de secado r\u00e1pido, ideal para uso diario.<\/p>\n","protected":false},"excerpt":{"rendered":"<div id=\"product-description-short-905\" class=\"product-description-short mb-3 truncate_block st_showless_block_0 truncate_cate_desc_2\">\n<div class=\"st_read_more_box\">Dise\u00f1o con alta atenci\u00f3n a detalles y comodidad para largas jornadas laborales. La mejor combinaci\u00f3n entre calidad y confort.<\/div>\n<\/div>\n<div class=\"steasy_divider between_short_and_price\"><\/div>\n","protected":false},"featured_media":2251,"comment_status":"open","ping_status":"closed","template":"","meta":[],"product_brand":[],"product_cat":[65,63],"product_tag":[72],"class_list":{"0":"post-2247","1":"product","2":"type-product","3":"status-publish","4":"has-post-thumbnail","6":"product_cat-pantalones","7":"product_cat-ropa-corporativa","8":"product_tag-primera-capa","10":"first","11":"instock","12":"shipping-taxable","13":"purchasable","14":"product-type-variable"},"jetpack_sharing_enabled":true,"_links":{"self":[{"href":"https:\/\/freyawork.cl\/index.php?rest_route=\/wp\/v2\/product\/2247","targetHints":{"allow":["GET"]}}],"collection":[{"href":"https:\/\/freyawork.cl\/index.php?rest_route=\/wp\/v2\/product"}],"about":[{"href":"https:\/\/freyawork.cl\/index.php?rest_route=\/wp\/v2\/types\/product"}],"replies":[{"embeddable":true,"href":"https:\/\/freyawork.cl\/index.php?rest_route=%2Fwp%2Fv2%2Fcomments&post=2247"}],"wp:featuredmedia":[{"embeddable":true,"href":"https:\/\/freyawork.cl\/index.php?rest_route=\/wp\/v2\/media\/2251"}],"wp:attachment":[{"href":"https:\/\/freyawork.cl\/index.php?rest_route=%2Fwp%2Fv2%2Fmedia&parent=2247"}],"wp:term":[{"taxonomy":"product_brand","embeddable":true,"href":"https:\/\/freyawork.cl\/index.php?rest_route=%2Fwp%2Fv2%2Fproduct_brand&post=2247"},{"taxonomy":"product_cat","embeddable":true,"href":"https:\/\/freyawork.cl\/index.php?rest_route=%2Fwp%2Fv2%2Fproduct_cat&post=2247"},{"taxonomy":"product_tag","embeddable":true,"href":"https:\/\/freyawork.cl\/index.php?rest_route=%2Fwp%2Fv2%2Fproduct_tag&post=2247"}],"curies":[{"name":"wp","href":"https:\/\/api.w.org\/{rel}","templated":true}]}}