{"id":2274,"date":"2025-12-23T01:59:46","date_gmt":"2025-12-23T00:59:46","guid":{"rendered":"https:\/\/freyawork.cl\/?post_type=product&#038;p=2274"},"modified":"2026-01-04T00:18:53","modified_gmt":"2026-01-03T23:18:53","slug":"primera-capa-advance-line-mujer","status":"publish","type":"product","link":"https:\/\/freyawork.cl\/?product=primera-capa-advance-line-mujer","title":{"rendered":"Primera Capa Advance Line Mujer"},"content":{"rendered":"<h2>Descripci\u00f3n<\/h2>\n<p>Esta primera capa mantiene la piel agradablemente seca incluso durante el trabajo f\u00edsico intenso, su textura interior \u00abwaffle\u00bb evita que el cuerpo se enfr\u00ede y otorga un aislamiento t\u00e9rmico optimizado. Adem\u00e1s, este tipo de tejido es transpirable y ofrece una excelente transferencia de la humedad. Dise\u00f1o con costuras decorativas din\u00e1micas y en contraste de color.<\/p>\n","protected":false},"excerpt":{"rendered":"<p>Primera capa de mujer con dise\u00f1o detallado y c\u00f3modo para largas jornadas laborales. La mejor combinaci\u00f3n entre calidad y comodidad.<\/p>\n","protected":false},"featured_media":2278,"comment_status":"open","ping_status":"closed","template":"","meta":[],"product_brand":[],"product_cat":[65,63],"product_tag":[72],"class_list":{"0":"post-2274","1":"product","2":"type-product","3":"status-publish","4":"has-post-thumbnail","6":"product_cat-pantalones","7":"product_cat-ropa-corporativa","8":"product_tag-primera-capa","10":"first","11":"instock","12":"shipping-taxable","13":"purchasable","14":"product-type-variable"},"jetpack_sharing_enabled":true,"_links":{"self":[{"href":"https:\/\/freyawork.cl\/index.php?rest_route=\/wp\/v2\/product\/2274","targetHints":{"allow":["GET"]}}],"collection":[{"href":"https:\/\/freyawork.cl\/index.php?rest_route=\/wp\/v2\/product"}],"about":[{"href":"https:\/\/freyawork.cl\/index.php?rest_route=\/wp\/v2\/types\/product"}],"replies":[{"embeddable":true,"href":"https:\/\/freyawork.cl\/index.php?rest_route=%2Fwp%2Fv2%2Fcomments&post=2274"}],"wp:featuredmedia":[{"embeddable":true,"href":"https:\/\/freyawork.cl\/index.php?rest_route=\/wp\/v2\/media\/2278"}],"wp:attachment":[{"href":"https:\/\/freyawork.cl\/index.php?rest_route=%2Fwp%2Fv2%2Fmedia&parent=2274"}],"wp:term":[{"taxonomy":"product_brand","embeddable":true,"href":"https:\/\/freyawork.cl\/index.php?rest_route=%2Fwp%2Fv2%2Fproduct_brand&post=2274"},{"taxonomy":"product_cat","embeddable":true,"href":"https:\/\/freyawork.cl\/index.php?rest_route=%2Fwp%2Fv2%2Fproduct_cat&post=2274"},{"taxonomy":"product_tag","embeddable":true,"href":"https:\/\/freyawork.cl\/index.php?rest_route=%2Fwp%2Fv2%2Fproduct_tag&post=2274"}],"curies":[{"name":"wp","href":"https:\/\/api.w.org\/{rel}","templated":true}]}}