{"id":2285,"date":"2025-12-23T02:03:34","date_gmt":"2025-12-23T01:03:34","guid":{"rendered":"https:\/\/freyawork.cl\/?post_type=product&#038;p=2285"},"modified":"2026-01-04T00:15:16","modified_gmt":"2026-01-03T23:15:16","slug":"primera-capa-outwork-mujer","status":"publish","type":"product","link":"https:\/\/freyawork.cl\/?product=primera-capa-outwork-mujer","title":{"rendered":"Primera Capa Outwork Mujer"},"content":{"rendered":"<h2>Descripci\u00f3n<\/h2>\n<p>Esta primera capa cuenta con un tipo de tejido de \u00faltima generaci\u00f3n, el que casi no tiene costuras, es liviana, abrigadora, respirable y de secado r\u00e1pido. La estructura inteligente de los hilos alejan la humedad de la piel hacia las capas exteriores de la ropa y garantizan una excelente libertad de movimiento y elasticidad.<\/p>\n","protected":false},"excerpt":{"rendered":"<div id=\"product-description-short-910\" class=\"product-description-short mb-3 truncate_block st_showless_block_0 truncate_cate_desc_2\">\n<div class=\"st_read_more_box\">Primera capa de tejido avanzado sin costuras, ligera, abrigadora, respirable y de secado r\u00e1pido.<\/div>\n<\/div>\n<div class=\"steasy_divider between_short_and_price\"><\/div>\n","protected":false},"featured_media":2291,"comment_status":"open","ping_status":"closed","template":"","meta":[],"product_brand":[],"product_cat":[65,63],"product_tag":[72],"class_list":{"0":"post-2285","1":"product","2":"type-product","3":"status-publish","4":"has-post-thumbnail","6":"product_cat-pantalones","7":"product_cat-ropa-corporativa","8":"product_tag-primera-capa","10":"first","11":"instock","12":"shipping-taxable","13":"purchasable","14":"product-type-variable"},"jetpack_sharing_enabled":true,"_links":{"self":[{"href":"https:\/\/freyawork.cl\/index.php?rest_route=\/wp\/v2\/product\/2285","targetHints":{"allow":["GET"]}}],"collection":[{"href":"https:\/\/freyawork.cl\/index.php?rest_route=\/wp\/v2\/product"}],"about":[{"href":"https:\/\/freyawork.cl\/index.php?rest_route=\/wp\/v2\/types\/product"}],"replies":[{"embeddable":true,"href":"https:\/\/freyawork.cl\/index.php?rest_route=%2Fwp%2Fv2%2Fcomments&post=2285"}],"wp:featuredmedia":[{"embeddable":true,"href":"https:\/\/freyawork.cl\/index.php?rest_route=\/wp\/v2\/media\/2291"}],"wp:attachment":[{"href":"https:\/\/freyawork.cl\/index.php?rest_route=%2Fwp%2Fv2%2Fmedia&parent=2285"}],"wp:term":[{"taxonomy":"product_brand","embeddable":true,"href":"https:\/\/freyawork.cl\/index.php?rest_route=%2Fwp%2Fv2%2Fproduct_brand&post=2285"},{"taxonomy":"product_cat","embeddable":true,"href":"https:\/\/freyawork.cl\/index.php?rest_route=%2Fwp%2Fv2%2Fproduct_cat&post=2285"},{"taxonomy":"product_tag","embeddable":true,"href":"https:\/\/freyawork.cl\/index.php?rest_route=%2Fwp%2Fv2%2Fproduct_tag&post=2285"}],"curies":[{"name":"wp","href":"https:\/\/api.w.org\/{rel}","templated":true}]}}