{"id":2296,"date":"2025-12-23T13:13:08","date_gmt":"2025-12-23T12:13:08","guid":{"rendered":"https:\/\/freyawork.cl\/?post_type=product&#038;p=2296"},"modified":"2026-01-04T00:09:46","modified_gmt":"2026-01-03T23:09:46","slug":"primera-capa-premium-hombre","status":"publish","type":"product","link":"https:\/\/freyawork.cl\/?product=primera-capa-premium-hombre","title":{"rendered":"Primera Capa Premium Hombre"},"content":{"rendered":"<h2>Descripci\u00f3n<\/h2>\n<p>Esta suave y confortable primera capa premium es respirable, c\u00e1lida y su composici\u00f3n de elastano le permite adaptarse al cuerpo con facilidad. Tiene medio cierre en su camiseta, manga raglan, costuras decorativas y calza con c\u00f3moda cintura el\u00e1stica.<\/p>\n","protected":false},"excerpt":{"rendered":"<div id=\"product-description-short-911\" class=\"product-description-short mb-3 truncate_block st_showless_block_0 truncate_cate_desc_2\">\n<div class=\"st_read_more_box\">Primera capa premium respirable, c\u00e1lida y el\u00e1stica. Con medio cierre, manga ragl\u00e1n, costuras decorativas y cintura el\u00e1stica.<\/div>\n<\/div>\n<div class=\"steasy_divider between_short_and_price\"><\/div>\n","protected":false},"featured_media":2302,"comment_status":"open","ping_status":"closed","template":"","meta":[],"product_brand":[],"product_cat":[65,63],"product_tag":[72],"class_list":{"0":"post-2296","1":"product","2":"type-product","3":"status-publish","4":"has-post-thumbnail","6":"product_cat-pantalones","7":"product_cat-ropa-corporativa","8":"product_tag-primera-capa","10":"first","11":"instock","12":"shipping-taxable","13":"purchasable","14":"product-type-variable"},"jetpack_sharing_enabled":true,"_links":{"self":[{"href":"https:\/\/freyawork.cl\/index.php?rest_route=\/wp\/v2\/product\/2296","targetHints":{"allow":["GET"]}}],"collection":[{"href":"https:\/\/freyawork.cl\/index.php?rest_route=\/wp\/v2\/product"}],"about":[{"href":"https:\/\/freyawork.cl\/index.php?rest_route=\/wp\/v2\/types\/product"}],"replies":[{"embeddable":true,"href":"https:\/\/freyawork.cl\/index.php?rest_route=%2Fwp%2Fv2%2Fcomments&post=2296"}],"wp:featuredmedia":[{"embeddable":true,"href":"https:\/\/freyawork.cl\/index.php?rest_route=\/wp\/v2\/media\/2302"}],"wp:attachment":[{"href":"https:\/\/freyawork.cl\/index.php?rest_route=%2Fwp%2Fv2%2Fmedia&parent=2296"}],"wp:term":[{"taxonomy":"product_brand","embeddable":true,"href":"https:\/\/freyawork.cl\/index.php?rest_route=%2Fwp%2Fv2%2Fproduct_brand&post=2296"},{"taxonomy":"product_cat","embeddable":true,"href":"https:\/\/freyawork.cl\/index.php?rest_route=%2Fwp%2Fv2%2Fproduct_cat&post=2296"},{"taxonomy":"product_tag","embeddable":true,"href":"https:\/\/freyawork.cl\/index.php?rest_route=%2Fwp%2Fv2%2Fproduct_tag&post=2296"}],"curies":[{"name":"wp","href":"https:\/\/api.w.org\/{rel}","templated":true}]}}