{"id":2306,"date":"2025-12-23T13:16:03","date_gmt":"2025-12-23T12:16:03","guid":{"rendered":"https:\/\/freyawork.cl\/?post_type=product&#038;p=2306"},"modified":"2026-01-03T23:20:22","modified_gmt":"2026-01-03T22:20:22","slug":"primera-capa-ignifuga-antiestatica-hombre","status":"publish","type":"product","link":"https:\/\/freyawork.cl\/?product=primera-capa-ignifuga-antiestatica-hombre","title":{"rendered":"Primera Capa Ign\u00edfuga Antiest\u00e1tica Hombre"},"content":{"rendered":"<h2>Descripci\u00f3n<\/h2>\n<p>Dise\u00f1ada con los m\u00e1s altos est\u00e1ndares de seguridad, esta prenda te brinda una protecci\u00f3n incomparable contra el fuego y la electricidad est\u00e1tica. Confeccionada con materiales de calidad superior, esta primera capa garantiza tu tranquilidad en entornos exigentes. \u00a1No comprometas tu seguridad y comodidad, elige nuestra Primera Capa Ign\u00edfuga Antiest\u00e1tica para enfrentar tus labores con confianza y estilo!<\/p>\n","protected":false},"excerpt":{"rendered":"<div id=\"product-description-short-961\" class=\"product-description-short mb-3 truncate_block st_showless_block_0 truncate_cate_desc_2\">\n<div class=\"st_read_more_box\">\u00a1Prep\u00e1rate para enfrentar cualquier desaf\u00edo con nuestra Primera Capa Ign\u00edfuga Antiest\u00e1tica!<\/div>\n<\/div>\n<div class=\"steasy_divider between_short_and_price\"><\/div>\n","protected":false},"featured_media":2310,"comment_status":"open","ping_status":"closed","template":"","meta":[],"product_brand":[],"product_cat":[65,63],"product_tag":[72],"class_list":{"0":"post-2306","1":"product","2":"type-product","3":"status-publish","4":"has-post-thumbnail","6":"product_cat-pantalones","7":"product_cat-ropa-corporativa","8":"product_tag-primera-capa","10":"first","11":"instock","12":"shipping-taxable","13":"purchasable","14":"product-type-variable"},"jetpack_sharing_enabled":true,"_links":{"self":[{"href":"https:\/\/freyawork.cl\/index.php?rest_route=\/wp\/v2\/product\/2306","targetHints":{"allow":["GET"]}}],"collection":[{"href":"https:\/\/freyawork.cl\/index.php?rest_route=\/wp\/v2\/product"}],"about":[{"href":"https:\/\/freyawork.cl\/index.php?rest_route=\/wp\/v2\/types\/product"}],"replies":[{"embeddable":true,"href":"https:\/\/freyawork.cl\/index.php?rest_route=%2Fwp%2Fv2%2Fcomments&post=2306"}],"wp:featuredmedia":[{"embeddable":true,"href":"https:\/\/freyawork.cl\/index.php?rest_route=\/wp\/v2\/media\/2310"}],"wp:attachment":[{"href":"https:\/\/freyawork.cl\/index.php?rest_route=%2Fwp%2Fv2%2Fmedia&parent=2306"}],"wp:term":[{"taxonomy":"product_brand","embeddable":true,"href":"https:\/\/freyawork.cl\/index.php?rest_route=%2Fwp%2Fv2%2Fproduct_brand&post=2306"},{"taxonomy":"product_cat","embeddable":true,"href":"https:\/\/freyawork.cl\/index.php?rest_route=%2Fwp%2Fv2%2Fproduct_cat&post=2306"},{"taxonomy":"product_tag","embeddable":true,"href":"https:\/\/freyawork.cl\/index.php?rest_route=%2Fwp%2Fv2%2Fproduct_tag&post=2306"}],"curies":[{"name":"wp","href":"https:\/\/api.w.org\/{rel}","templated":true}]}}