{"id":2728,"date":"2025-12-23T15:34:44","date_gmt":"2025-12-23T14:34:44","guid":{"rendered":"https:\/\/freyawork.cl\/?post_type=product&#038;p=2728"},"modified":"2026-01-01T00:31:10","modified_gmt":"2025-12-31T23:31:10","slug":"polera-polo-dryfit-manga-larga-hombre","status":"publish","type":"product","link":"https:\/\/freyawork.cl\/?product=polera-polo-dryfit-manga-larga-hombre","title":{"rendered":"Polera Polo DryFit Manga Larga Hombre"},"content":{"rendered":"<h2>Descripci\u00f3n<\/h2>\n<p>La polera definitiva para tu comodidad y seguridad: con una combinaci\u00f3n de tecnolog\u00edas avanzadas. Nuestra prenda cuenta con solidez de color, secado r\u00e1pido y control de humedad para mantenerte fresco y seco en todo momento. Su dise\u00f1o liviano y altamente transpirable te brinda la libertad de movimiento que necesitas. Adem\u00e1s, incorpora cintas reflectivas para una alta visibilidad en condiciones de poca luz, a\u00f1adiendo un extra de seguridad. Con protecci\u00f3n UV integrada, te ofrecemos no solo rendimiento, sino tambi\u00e9n cuidado para tu piel.<\/p>\n","protected":false},"excerpt":{"rendered":"<p>Descubre el equilibrio perfecto entre funcionalidad, confort y visibilidad con nuestra exclusiva polera.<\/p>\n","protected":false},"featured_media":2730,"comment_status":"open","ping_status":"closed","template":"","meta":[],"product_brand":[],"product_cat":[66,63],"product_tag":[],"class_list":{"0":"post-2728","1":"product","2":"type-product","3":"status-publish","4":"has-post-thumbnail","6":"product_cat-poleras-y-camisas","7":"product_cat-ropa-corporativa","9":"first","10":"instock","11":"shipping-taxable","12":"purchasable","13":"product-type-variable"},"jetpack_sharing_enabled":true,"_links":{"self":[{"href":"https:\/\/freyawork.cl\/index.php?rest_route=\/wp\/v2\/product\/2728","targetHints":{"allow":["GET"]}}],"collection":[{"href":"https:\/\/freyawork.cl\/index.php?rest_route=\/wp\/v2\/product"}],"about":[{"href":"https:\/\/freyawork.cl\/index.php?rest_route=\/wp\/v2\/types\/product"}],"replies":[{"embeddable":true,"href":"https:\/\/freyawork.cl\/index.php?rest_route=%2Fwp%2Fv2%2Fcomments&post=2728"}],"wp:featuredmedia":[{"embeddable":true,"href":"https:\/\/freyawork.cl\/index.php?rest_route=\/wp\/v2\/media\/2730"}],"wp:attachment":[{"href":"https:\/\/freyawork.cl\/index.php?rest_route=%2Fwp%2Fv2%2Fmedia&parent=2728"}],"wp:term":[{"taxonomy":"product_brand","embeddable":true,"href":"https:\/\/freyawork.cl\/index.php?rest_route=%2Fwp%2Fv2%2Fproduct_brand&post=2728"},{"taxonomy":"product_cat","embeddable":true,"href":"https:\/\/freyawork.cl\/index.php?rest_route=%2Fwp%2Fv2%2Fproduct_cat&post=2728"},{"taxonomy":"product_tag","embeddable":true,"href":"https:\/\/freyawork.cl\/index.php?rest_route=%2Fwp%2Fv2%2Fproduct_tag&post=2728"}],"curies":[{"name":"wp","href":"https:\/\/api.w.org\/{rel}","templated":true}]}}