{"id":2775,"date":"2025-12-23T15:51:11","date_gmt":"2025-12-23T14:51:11","guid":{"rendered":"https:\/\/freyawork.cl\/?post_type=product&#038;p=2775"},"modified":"2026-01-01T00:09:56","modified_gmt":"2025-12-31T23:09:56","slug":"blusa-oxford-light-manga-larga-mujer","status":"publish","type":"product","link":"https:\/\/freyawork.cl\/?product=blusa-oxford-light-manga-larga-mujer","title":{"rendered":"Blusa Oxford Light Manga Larga Mujer"},"content":{"rendered":"<h2>Descripci\u00f3n<\/h2>\n<p>La Blusa Oxford Light est\u00e1 confeccionada con tecnolog\u00eda anti-pilling para evitar la formaci\u00f3n de bolitas, manteniendo su aspecto impecable lavado tras lavado. Adem\u00e1s, su estabilidad dimensional garantiza que conservar\u00e1 su forma original, ajust\u00e1ndose perfectamente a ti en cada uso. Su solidez de color resalta su belleza, asegurando que los tonos se mantengan vibrantes a lo largo del tiempo. Esta blusa es la elecci\u00f3n ideal para quienes buscan un equilibrio entre estilo cl\u00e1sico, durabilidad y confort. \u00a1Haz de esta prenda un elemento b\u00e1sico en tu vestuario!<\/p>\n","protected":false},"excerpt":{"rendered":"<p>Realza tu estilo con la Blusa Oxford Light: toque cl\u00e1sico esencial. Combinaci\u00f3n perfecta de estilo atemporal, y comodidad.<\/p>\n","protected":false},"featured_media":2779,"comment_status":"open","ping_status":"closed","template":"","meta":[],"product_brand":[],"product_cat":[66,63],"product_tag":[76],"class_list":{"0":"post-2775","1":"product","2":"type-product","3":"status-publish","4":"has-post-thumbnail","6":"product_cat-poleras-y-camisas","7":"product_cat-ropa-corporativa","8":"product_tag-blusas","10":"first","11":"instock","12":"shipping-taxable","13":"purchasable","14":"product-type-variable"},"jetpack_sharing_enabled":true,"_links":{"self":[{"href":"https:\/\/freyawork.cl\/index.php?rest_route=\/wp\/v2\/product\/2775","targetHints":{"allow":["GET"]}}],"collection":[{"href":"https:\/\/freyawork.cl\/index.php?rest_route=\/wp\/v2\/product"}],"about":[{"href":"https:\/\/freyawork.cl\/index.php?rest_route=\/wp\/v2\/types\/product"}],"replies":[{"embeddable":true,"href":"https:\/\/freyawork.cl\/index.php?rest_route=%2Fwp%2Fv2%2Fcomments&post=2775"}],"wp:featuredmedia":[{"embeddable":true,"href":"https:\/\/freyawork.cl\/index.php?rest_route=\/wp\/v2\/media\/2779"}],"wp:attachment":[{"href":"https:\/\/freyawork.cl\/index.php?rest_route=%2Fwp%2Fv2%2Fmedia&parent=2775"}],"wp:term":[{"taxonomy":"product_brand","embeddable":true,"href":"https:\/\/freyawork.cl\/index.php?rest_route=%2Fwp%2Fv2%2Fproduct_brand&post=2775"},{"taxonomy":"product_cat","embeddable":true,"href":"https:\/\/freyawork.cl\/index.php?rest_route=%2Fwp%2Fv2%2Fproduct_cat&post=2775"},{"taxonomy":"product_tag","embeddable":true,"href":"https:\/\/freyawork.cl\/index.php?rest_route=%2Fwp%2Fv2%2Fproduct_tag&post=2775"}],"curies":[{"name":"wp","href":"https:\/\/api.w.org\/{rel}","templated":true}]}}