{"id":2788,"date":"2025-12-23T15:54:26","date_gmt":"2025-12-23T14:54:26","guid":{"rendered":"https:\/\/freyawork.cl\/?post_type=product&#038;p=2788"},"modified":"2026-01-01T00:04:14","modified_gmt":"2025-12-31T23:04:14","slug":"blusa-oxford-classic-manga-larga-mujer","status":"publish","type":"product","link":"https:\/\/freyawork.cl\/?product=blusa-oxford-classic-manga-larga-mujer","title":{"rendered":"Blusa Oxford Classic Manga Larga Mujer"},"content":{"rendered":"<h2>Descripci\u00f3n<\/h2>\n<p>Con una incre\u00edble solidez de color que mantiene su apariencia fresca lavado tras lavado, esta prenda est\u00e1 dise\u00f1ada para perdurar. Adem\u00e1s, su tejido resistente al \u00abantipilling\u00bb evita la formaci\u00f3n de bolitas, manteniendo la suavidad y la suavidad de la tela intactas. Su ligereza proporciona una sensaci\u00f3n c\u00f3moda y fresca durante todo el d\u00eda. \u00a1Atr\u00e9vete a lucir impecable y c\u00f3moda con nuestra blusa Oxford!<\/p>\n","protected":false},"excerpt":{"rendered":"<p>La Camisa Oxford Light es un cl\u00e1sico esencial, combinaci\u00f3n perfecta de estilo atemporal y funcionalidad en dise\u00f1o ligero<\/p>\n","protected":false},"featured_media":2792,"comment_status":"open","ping_status":"closed","template":"","meta":[],"product_brand":[],"product_cat":[66,63],"product_tag":[76],"class_list":{"0":"post-2788","1":"product","2":"type-product","3":"status-publish","4":"has-post-thumbnail","6":"product_cat-poleras-y-camisas","7":"product_cat-ropa-corporativa","8":"product_tag-blusas","10":"first","11":"instock","12":"shipping-taxable","13":"purchasable","14":"product-type-variable"},"jetpack_sharing_enabled":true,"_links":{"self":[{"href":"https:\/\/freyawork.cl\/index.php?rest_route=\/wp\/v2\/product\/2788","targetHints":{"allow":["GET"]}}],"collection":[{"href":"https:\/\/freyawork.cl\/index.php?rest_route=\/wp\/v2\/product"}],"about":[{"href":"https:\/\/freyawork.cl\/index.php?rest_route=\/wp\/v2\/types\/product"}],"replies":[{"embeddable":true,"href":"https:\/\/freyawork.cl\/index.php?rest_route=%2Fwp%2Fv2%2Fcomments&post=2788"}],"wp:featuredmedia":[{"embeddable":true,"href":"https:\/\/freyawork.cl\/index.php?rest_route=\/wp\/v2\/media\/2792"}],"wp:attachment":[{"href":"https:\/\/freyawork.cl\/index.php?rest_route=%2Fwp%2Fv2%2Fmedia&parent=2788"}],"wp:term":[{"taxonomy":"product_brand","embeddable":true,"href":"https:\/\/freyawork.cl\/index.php?rest_route=%2Fwp%2Fv2%2Fproduct_brand&post=2788"},{"taxonomy":"product_cat","embeddable":true,"href":"https:\/\/freyawork.cl\/index.php?rest_route=%2Fwp%2Fv2%2Fproduct_cat&post=2788"},{"taxonomy":"product_tag","embeddable":true,"href":"https:\/\/freyawork.cl\/index.php?rest_route=%2Fwp%2Fv2%2Fproduct_tag&post=2788"}],"curies":[{"name":"wp","href":"https:\/\/api.w.org\/{rel}","templated":true}]}}