{"id":6449,"date":"2026-01-07T18:38:29","date_gmt":"2026-01-07T17:38:29","guid":{"rendered":"https:\/\/freyawork.cl\/?post_type=product&#038;p=6449"},"modified":"2026-01-07T18:38:29","modified_gmt":"2026-01-07T17:38:29","slug":"polera-95-algodon-manga-corta-mujer","status":"publish","type":"product","link":"https:\/\/freyawork.cl\/?product=polera-95-algodon-manga-corta-mujer","title":{"rendered":"Polera 95% Algod\u00f3n Manga Corta Mujer"},"content":{"rendered":"<h2>Descripci\u00f3n<\/h2>\n<p>Experimenta la excelencia en cada detalle con nuestra polera de \u00faltima generaci\u00f3n. Dise\u00f1ada con una estructura tubular que garantiza una calidad superior y estabilidad dimensional, esta prenda est\u00e1 hecha para perdurar. La tecnolog\u00eda antipilling mantiene su apariencia impecable lavado tras lavado, mientras que su solidez de color asegura una vibrante y duradera paleta crom\u00e1tica.<\/p>\n","protected":false},"excerpt":{"rendered":"<div id=\"product-description-short-744\" class=\"product-description-short mb-3 truncate_block st_showless_block_0 truncate_cate_desc_2\">\n<div class=\"st_read_more_box\">Descubre la combinaci\u00f3n perfecta entre resistencia, durabilidad y estilo con nuestra exclusiva polera, dise\u00f1ada para elevar tu estilo.<\/div>\n<\/div>\n<div class=\"steasy_divider between_short_and_price\"><\/div>\n","protected":false},"featured_media":6453,"comment_status":"open","ping_status":"closed","template":"","meta":[],"product_brand":[],"product_cat":[66,63],"product_tag":[136],"class_list":{"0":"post-6449","1":"product","2":"type-product","3":"status-publish","4":"has-post-thumbnail","6":"product_cat-poleras-y-camisas","7":"product_cat-ropa-corporativa","8":"product_tag-poleras","10":"first","11":"instock","12":"shipping-taxable","13":"purchasable","14":"product-type-variable"},"jetpack_sharing_enabled":true,"_links":{"self":[{"href":"https:\/\/freyawork.cl\/index.php?rest_route=\/wp\/v2\/product\/6449","targetHints":{"allow":["GET"]}}],"collection":[{"href":"https:\/\/freyawork.cl\/index.php?rest_route=\/wp\/v2\/product"}],"about":[{"href":"https:\/\/freyawork.cl\/index.php?rest_route=\/wp\/v2\/types\/product"}],"replies":[{"embeddable":true,"href":"https:\/\/freyawork.cl\/index.php?rest_route=%2Fwp%2Fv2%2Fcomments&post=6449"}],"wp:featuredmedia":[{"embeddable":true,"href":"https:\/\/freyawork.cl\/index.php?rest_route=\/wp\/v2\/media\/6453"}],"wp:attachment":[{"href":"https:\/\/freyawork.cl\/index.php?rest_route=%2Fwp%2Fv2%2Fmedia&parent=6449"}],"wp:term":[{"taxonomy":"product_brand","embeddable":true,"href":"https:\/\/freyawork.cl\/index.php?rest_route=%2Fwp%2Fv2%2Fproduct_brand&post=6449"},{"taxonomy":"product_cat","embeddable":true,"href":"https:\/\/freyawork.cl\/index.php?rest_route=%2Fwp%2Fv2%2Fproduct_cat&post=6449"},{"taxonomy":"product_tag","embeddable":true,"href":"https:\/\/freyawork.cl\/index.php?rest_route=%2Fwp%2Fv2%2Fproduct_tag&post=6449"}],"curies":[{"name":"wp","href":"https:\/\/api.w.org\/{rel}","templated":true}]}}