{"id":7001,"date":"2026-01-08T14:55:12","date_gmt":"2026-01-08T13:55:12","guid":{"rendered":"https:\/\/freyawork.cl\/?post_type=product&#038;p=7001"},"modified":"2026-01-28T09:42:05","modified_gmt":"2026-01-28T12:42:05","slug":"bota-defender-himalaya-df-850","status":"publish","type":"product","link":"https:\/\/freyawork.cl\/?product=bota-defender-himalaya-df-850","title":{"rendered":"Botas Defender Himalaya DF 850"},"content":{"rendered":"<h2>Descripci\u00f3n<\/h2>\n<p>Bota Defender Himalaya DF850, Aislante el\u00e9ctrico para tensiones inferiores a 600 volt, Aislante T\u00e9rmico Thinsulate\u00ae, Entreplantilla antipunzonante Wellmax,Fabricaci\u00f3n con inyecci\u00f3n directa al corte, Puntera LCT (Light Composite Toe Cap) no met\u00e1lica, Reflectantes laterales y en tal\u00f3n<\/p>\n","protected":false},"excerpt":{"rendered":"<p>Bota Defender Himalaya DF850: M\u00e1xima protecci\u00f3n y comodidad.<\/p>\n","protected":false},"featured_media":7009,"comment_status":"open","ping_status":"closed","template":"","meta":[],"product_brand":[],"product_cat":[97,98],"product_tag":[113],"class_list":{"0":"post-7001","1":"product","2":"type-product","3":"status-publish","4":"has-post-thumbnail","6":"product_cat-calzado","7":"product_cat-hombre","8":"product_tag-botas-hombre","10":"first","11":"instock","12":"shipping-taxable","13":"purchasable","14":"product-type-variable"},"jetpack_sharing_enabled":true,"_links":{"self":[{"href":"https:\/\/freyawork.cl\/index.php?rest_route=\/wp\/v2\/product\/7001","targetHints":{"allow":["GET"]}}],"collection":[{"href":"https:\/\/freyawork.cl\/index.php?rest_route=\/wp\/v2\/product"}],"about":[{"href":"https:\/\/freyawork.cl\/index.php?rest_route=\/wp\/v2\/types\/product"}],"replies":[{"embeddable":true,"href":"https:\/\/freyawork.cl\/index.php?rest_route=%2Fwp%2Fv2%2Fcomments&post=7001"}],"wp:featuredmedia":[{"embeddable":true,"href":"https:\/\/freyawork.cl\/index.php?rest_route=\/wp\/v2\/media\/7009"}],"wp:attachment":[{"href":"https:\/\/freyawork.cl\/index.php?rest_route=%2Fwp%2Fv2%2Fmedia&parent=7001"}],"wp:term":[{"taxonomy":"product_brand","embeddable":true,"href":"https:\/\/freyawork.cl\/index.php?rest_route=%2Fwp%2Fv2%2Fproduct_brand&post=7001"},{"taxonomy":"product_cat","embeddable":true,"href":"https:\/\/freyawork.cl\/index.php?rest_route=%2Fwp%2Fv2%2Fproduct_cat&post=7001"},{"taxonomy":"product_tag","embeddable":true,"href":"https:\/\/freyawork.cl\/index.php?rest_route=%2Fwp%2Fv2%2Fproduct_tag&post=7001"}],"curies":[{"name":"wp","href":"https:\/\/api.w.org\/{rel}","templated":true}]}}