{"id":7021,"date":"2026-01-08T15:05:34","date_gmt":"2026-01-08T14:05:34","guid":{"rendered":"https:\/\/freyawork.cl\/?post_type=product&#038;p=7021"},"modified":"2026-01-16T15:51:57","modified_gmt":"2026-01-16T18:51:57","slug":"bota-andes-cuero-pull-up","status":"publish","type":"product","link":"https:\/\/freyawork.cl\/?product=bota-andes-cuero-pull-up","title":{"rendered":"Bota Andes Cuero Pull UP"},"content":{"rendered":"<h2>Descripci\u00f3n<\/h2>\n<div class=\"productDescription\">Descubre la Bota Andes Cuero Pull-Up, dise\u00f1ada para los trabajadores m\u00e1s exigentes que enfrentan terrenos dif\u00edciles. Fabricada con cuero Pull-Up impermeable, ofrece m\u00e1xima protecci\u00f3n y estabilidad. Su sistema de cierre seguro, junto con refuerzos en puntos cr\u00edticos, garantiza un rendimiento \u00f3ptimo y seguridad en alta monta\u00f1a. La bota es resistente a hidrocarburos y cuenta con una construcci\u00f3n robusta para un desempe\u00f1o t\u00e9cnico y funcional superior.<\/div>\n","protected":false},"excerpt":{"rendered":"<p>Descubre la Bota Andes Cuero Pull-Up, dise\u00f1ada para los trabajadores m\u00e1s exigentes que enfrentan terrenos dif\u00edciles.<\/p>\n","protected":false},"featured_media":7027,"comment_status":"open","ping_status":"closed","template":"","meta":[],"product_brand":[],"product_cat":[97,98,99],"product_tag":[113,116],"class_list":{"0":"post-7021","1":"product","2":"type-product","3":"status-publish","4":"has-post-thumbnail","6":"product_cat-calzado","7":"product_cat-hombre","8":"product_cat-mujer","9":"product_tag-botas-hombre","10":"product_tag-botas-mujer","12":"first","13":"instock","14":"shipping-taxable","15":"purchasable","16":"product-type-variable"},"jetpack_sharing_enabled":true,"_links":{"self":[{"href":"https:\/\/freyawork.cl\/index.php?rest_route=\/wp\/v2\/product\/7021","targetHints":{"allow":["GET"]}}],"collection":[{"href":"https:\/\/freyawork.cl\/index.php?rest_route=\/wp\/v2\/product"}],"about":[{"href":"https:\/\/freyawork.cl\/index.php?rest_route=\/wp\/v2\/types\/product"}],"replies":[{"embeddable":true,"href":"https:\/\/freyawork.cl\/index.php?rest_route=%2Fwp%2Fv2%2Fcomments&post=7021"}],"wp:featuredmedia":[{"embeddable":true,"href":"https:\/\/freyawork.cl\/index.php?rest_route=\/wp\/v2\/media\/7027"}],"wp:attachment":[{"href":"https:\/\/freyawork.cl\/index.php?rest_route=%2Fwp%2Fv2%2Fmedia&parent=7021"}],"wp:term":[{"taxonomy":"product_brand","embeddable":true,"href":"https:\/\/freyawork.cl\/index.php?rest_route=%2Fwp%2Fv2%2Fproduct_brand&post=7021"},{"taxonomy":"product_cat","embeddable":true,"href":"https:\/\/freyawork.cl\/index.php?rest_route=%2Fwp%2Fv2%2Fproduct_cat&post=7021"},{"taxonomy":"product_tag","embeddable":true,"href":"https:\/\/freyawork.cl\/index.php?rest_route=%2Fwp%2Fv2%2Fproduct_tag&post=7021"}],"curies":[{"name":"wp","href":"https:\/\/api.w.org\/{rel}","templated":true}]}}