{"id":7079,"date":"2026-01-08T15:40:11","date_gmt":"2026-01-08T14:40:11","guid":{"rendered":"https:\/\/freyawork.cl\/?post_type=product&#038;p=7079"},"modified":"2026-01-08T15:40:11","modified_gmt":"2026-01-08T14:40:11","slug":"overol-actium-canvas-hombre","status":"publish","type":"product","link":"https:\/\/freyawork.cl\/?product=overol-actium-canvas-hombre","title":{"rendered":"Overol Actium Canvas Hombre"},"content":{"rendered":"<h2>Descripci\u00f3n<\/h2>\n<p>Overol en canvas de alta resistencia, multibolsillos con detalles que har\u00e1n que tu vestuarios destaque del resto. Cuanta con tela Oxford en las zonas que requieren de mayor resistencia debido al uso y desgaste, esto es en rodillas que adem\u00e1s cuanta con aberturas para rodilleras de Eva, codos, bolsillos y hombros. Los bolsillos, pu\u00f1os y tapeta principal cuanta con velcros para mayor seguridad, adem\u00e1s posee cuello tipo Mao para tu completa protecci\u00f3n.<\/p>\n","protected":false},"excerpt":{"rendered":"<p>Overol pr\u00e1ctico con protecci\u00f3n \u00f3ptima y libertad de movimiento excepcional. Vers\u00e1til y duradero, adecuado para diversas \u00e1reas.<\/p>\n","protected":false},"featured_media":7095,"comment_status":"open","ping_status":"closed","template":"","meta":[],"product_brand":[],"product_cat":[90,91],"product_tag":[101],"class_list":{"0":"post-7079","1":"product","2":"type-product","3":"status-publish","4":"has-post-thumbnail","6":"product_cat-ropa-de-trabajo","7":"product_cat-ropa-tecnica","8":"product_tag-overoles","10":"first","11":"instock","12":"shipping-taxable","13":"purchasable","14":"product-type-variable"},"jetpack_sharing_enabled":true,"_links":{"self":[{"href":"https:\/\/freyawork.cl\/index.php?rest_route=\/wp\/v2\/product\/7079","targetHints":{"allow":["GET"]}}],"collection":[{"href":"https:\/\/freyawork.cl\/index.php?rest_route=\/wp\/v2\/product"}],"about":[{"href":"https:\/\/freyawork.cl\/index.php?rest_route=\/wp\/v2\/types\/product"}],"replies":[{"embeddable":true,"href":"https:\/\/freyawork.cl\/index.php?rest_route=%2Fwp%2Fv2%2Fcomments&post=7079"}],"wp:featuredmedia":[{"embeddable":true,"href":"https:\/\/freyawork.cl\/index.php?rest_route=\/wp\/v2\/media\/7095"}],"wp:attachment":[{"href":"https:\/\/freyawork.cl\/index.php?rest_route=%2Fwp%2Fv2%2Fmedia&parent=7079"}],"wp:term":[{"taxonomy":"product_brand","embeddable":true,"href":"https:\/\/freyawork.cl\/index.php?rest_route=%2Fwp%2Fv2%2Fproduct_brand&post=7079"},{"taxonomy":"product_cat","embeddable":true,"href":"https:\/\/freyawork.cl\/index.php?rest_route=%2Fwp%2Fv2%2Fproduct_cat&post=7079"},{"taxonomy":"product_tag","embeddable":true,"href":"https:\/\/freyawork.cl\/index.php?rest_route=%2Fwp%2Fv2%2Fproduct_tag&post=7079"}],"curies":[{"name":"wp","href":"https:\/\/api.w.org\/{rel}","templated":true}]}}