{"id":7100,"date":"2026-01-08T15:49:28","date_gmt":"2026-01-08T14:49:28","guid":{"rendered":"https:\/\/freyawork.cl\/?post_type=product&#038;p=7100"},"modified":"2026-01-08T15:49:28","modified_gmt":"2026-01-08T14:49:28","slug":"overol-gabardina-practical-line-hombre","status":"publish","type":"product","link":"https:\/\/freyawork.cl\/?product=overol-gabardina-practical-line-hombre","title":{"rendered":"Overol Gabardina Practical Line Hombre"},"content":{"rendered":"<h2>Descripci\u00f3n<\/h2>\n<p>Para trabajos en los que necesites una completa protecci\u00f3n, usa el cl\u00e1sico Overol de gabardina\u00a0\u00a0multibolsillo,\u00a0posee\u00a0detalles\u00a0que te entregan comodidad como cierre principal de doble carro,\u00a0\u00a0cierre\u00a0en las piernas para la comodidad del calzado, cintura semi\u00a0elasticada\u00a0con velcro para\u00a0mejor\u00a0ajuste y cinta reflectante en forma de X en espalda. Puedes bordar o estampar tu prenda y\u00a0dispone\u00a0de colores que calzaran perfecto con tu empresa. Posee\u00a0cinta reflectiva de 5 cm en delantero y espalda permitiendo mayor visibilidad nocturna,\u00a0Aumentando\u00a0la seguridad del trabajador.<\/p>\n","protected":false},"excerpt":{"rendered":"<p>Overol pr\u00e1ctico con protecci\u00f3n \u00f3ptima y libertad de movimiento. Vers\u00e1til y duradero, adecuado para diversas \u00e1reas.<\/p>\n","protected":false},"featured_media":7126,"comment_status":"open","ping_status":"closed","template":"","meta":[],"product_brand":[],"product_cat":[90,91],"product_tag":[101],"class_list":{"0":"post-7100","1":"product","2":"type-product","3":"status-publish","4":"has-post-thumbnail","6":"product_cat-ropa-de-trabajo","7":"product_cat-ropa-tecnica","8":"product_tag-overoles","10":"first","11":"instock","12":"shipping-taxable","13":"purchasable","14":"product-type-variable"},"jetpack_sharing_enabled":true,"_links":{"self":[{"href":"https:\/\/freyawork.cl\/index.php?rest_route=\/wp\/v2\/product\/7100","targetHints":{"allow":["GET"]}}],"collection":[{"href":"https:\/\/freyawork.cl\/index.php?rest_route=\/wp\/v2\/product"}],"about":[{"href":"https:\/\/freyawork.cl\/index.php?rest_route=\/wp\/v2\/types\/product"}],"replies":[{"embeddable":true,"href":"https:\/\/freyawork.cl\/index.php?rest_route=%2Fwp%2Fv2%2Fcomments&post=7100"}],"wp:featuredmedia":[{"embeddable":true,"href":"https:\/\/freyawork.cl\/index.php?rest_route=\/wp\/v2\/media\/7126"}],"wp:attachment":[{"href":"https:\/\/freyawork.cl\/index.php?rest_route=%2Fwp%2Fv2%2Fmedia&parent=7100"}],"wp:term":[{"taxonomy":"product_brand","embeddable":true,"href":"https:\/\/freyawork.cl\/index.php?rest_route=%2Fwp%2Fv2%2Fproduct_brand&post=7100"},{"taxonomy":"product_cat","embeddable":true,"href":"https:\/\/freyawork.cl\/index.php?rest_route=%2Fwp%2Fv2%2Fproduct_cat&post=7100"},{"taxonomy":"product_tag","embeddable":true,"href":"https:\/\/freyawork.cl\/index.php?rest_route=%2Fwp%2Fv2%2Fproduct_tag&post=7100"}],"curies":[{"name":"wp","href":"https:\/\/api.w.org\/{rel}","templated":true}]}}